{"id":4530,"date":"2011-04-25T22:10:53","date_gmt":"2011-04-25T20:10:53","guid":{"rendered":"http:\/\/www.denkfried.de\/wp\/?page_id=4530"},"modified":"2014-09-10T20:01:43","modified_gmt":"2014-09-10T18:01:43","slug":"berlin-friedrichshain","status":"publish","type":"page","link":"http:\/\/www.denkfried.de\/wp\/?page_id=4530","title":{"rendered":"Denkmal 2.-4-Gard-Art-Reg."},"content":{"rendered":"<p>&nbsp;<\/p>\n<p><strong>J\u00e4ger Vorstadt<\/strong> Denkmal des 2. und 4. Garde Feldartillerie-Regiment<\/p>\n<p>Bericht und Bilder von Thomas <a href=\"http:\/\/potsdamer-ehrenmale.de.tl\/Hauptseite.htm\">Potsdamer-Ehrenmale.de<\/a><\/p>\n<div id='gallery-1' class='gallery galleryid-4530 gallery-columns-4 gallery-size-thumbnail'><dl class='gallery-item'>\n\t\t\t<dt class='gallery-icon portrait'>\n\t\t\t\t<a href='http:\/\/www.denkfried.de\/wp\/?attachment_id=17294'><img loading=\"lazy\" decoding=\"async\" width=\"150\" height=\"150\" src=\"http:\/\/www.denkfried.de\/wp\/wp-content\/uploads\/2011\/04\/00001348-Kopie-2-150x150.jpg\" class=\"attachment-thumbnail size-thumbnail\" alt=\"\" \/><\/a>\n\t\t\t<\/dt><\/dl><dl class='gallery-item'>\n\t\t\t<dt class='gallery-icon portrait'>\n\t\t\t\t<a href='http:\/\/www.denkfried.de\/wp\/?attachment_id=17292'><img loading=\"lazy\" decoding=\"async\" width=\"150\" height=\"150\" src=\"http:\/\/www.denkfried.de\/wp\/wp-content\/uploads\/2011\/04\/00001348-Kopie-150x150.jpg\" class=\"attachment-thumbnail size-thumbnail\" alt=\"\" \/><\/a>\n\t\t\t<\/dt><\/dl><dl class='gallery-item'>\n\t\t\t<dt class='gallery-icon landscape'>\n\t\t\t\t<a href='http:\/\/www.denkfried.de\/wp\/?attachment_id=36572'><img loading=\"lazy\" decoding=\"async\" width=\"150\" height=\"150\" src=\"http:\/\/www.denkfried.de\/wp\/wp-content\/uploads\/2011\/04\/4.GardefeldartillerieRegiment_KW_1-150x150.jpg\" class=\"attachment-thumbnail size-thumbnail\" alt=\"\" \/><\/a>\n\t\t\t<\/dt><\/dl><dl class='gallery-item'>\n\t\t\t<dt class='gallery-icon landscape'>\n\t\t\t\t<a href='http:\/\/www.denkfried.de\/wp\/?attachment_id=36573'><img loading=\"lazy\" decoding=\"async\" width=\"150\" height=\"150\" src=\"http:\/\/www.denkfried.de\/wp\/wp-content\/uploads\/2011\/04\/4.GardefeldartillerieRegiment_KW_2-150x150.jpg\" class=\"attachment-thumbnail size-thumbnail\" alt=\"\" \/><\/a>\n\t\t\t<\/dt><\/dl><br style=\"clear: both\" \/><dl class='gallery-item'>\n\t\t\t<dt class='gallery-icon landscape'>\n\t\t\t\t<a href='http:\/\/www.denkfried.de\/wp\/?attachment_id=36575'><img loading=\"lazy\" decoding=\"async\" width=\"150\" height=\"150\" src=\"http:\/\/www.denkfried.de\/wp\/wp-content\/uploads\/2011\/04\/4.GardefeldartillerieRegiment_KW_4-150x150.jpg\" class=\"attachment-thumbnail size-thumbnail\" alt=\"\" \/><\/a>\n\t\t\t<\/dt><\/dl><dl class='gallery-item'>\n\t\t\t<dt class='gallery-icon landscape'>\n\t\t\t\t<a href='http:\/\/www.denkfried.de\/wp\/?attachment_id=36576'><img loading=\"lazy\" decoding=\"async\" width=\"150\" height=\"150\" src=\"http:\/\/www.denkfried.de\/wp\/wp-content\/uploads\/2011\/04\/4.GardefeldartillerieRegiment_KW_5-150x150.jpg\" class=\"attachment-thumbnail size-thumbnail\" alt=\"\" \/><\/a>\n\t\t\t<\/dt><\/dl><dl class='gallery-item'>\n\t\t\t<dt class='gallery-icon landscape'>\n\t\t\t\t<a href='http:\/\/www.denkfried.de\/wp\/?attachment_id=36577'><img loading=\"lazy\" decoding=\"async\" width=\"150\" height=\"150\" src=\"http:\/\/www.denkfried.de\/wp\/wp-content\/uploads\/2011\/04\/4.GardefeldartillerieRegiment_KW_6-150x150.jpg\" class=\"attachment-thumbnail size-thumbnail\" alt=\"\" \/><\/a>\n\t\t\t<\/dt><\/dl><dl class='gallery-item'>\n\t\t\t<dt class='gallery-icon landscape'>\n\t\t\t\t<a href='http:\/\/www.denkfried.de\/wp\/?attachment_id=36579'><img loading=\"lazy\" decoding=\"async\" width=\"150\" height=\"150\" src=\"http:\/\/www.denkfried.de\/wp\/wp-content\/uploads\/2011\/04\/Kaiser-wilhelm-II-001-150x150.jpg\" class=\"attachment-thumbnail size-thumbnail\" alt=\"\" \/><\/a>\n\t\t\t<\/dt><\/dl><br style=\"clear: both\" \/>\n\t\t<\/div>\n\n<p><strong>Denkmal f\u00fcr das 2. und 4. Garde-Feldartillerie-Regiment<\/strong><\/p>\n<p>Dieses schlichte Denkmal stand einst auf der Ecke Spandauer Stra\u00dfe (heute Nedlitzer Stra\u00dfe), Alleestra\u00dfe. Das Denkmal ist den Gefallenen des Ersten Weltkrieges Gewidmet, es wurde am 5. Mai 1923 Eingeweiht. Unter den vielen Besuchen war\u00a0als\u00a0Ehrengast, auch Kaiser Wilhelm II Anwesend. Wie das Relief auf dem Denkmal zeigt, stand es auch f\u00fcr die 2,5 Millionen umgekommenen Truppenpferde. Welcher vorrangig bei der Feldartillerie und den Monitionskolonnen waren. Was nach 1945 mit dem Denkmal passiert ist, ist nicht bekannt.<\/p>\n<p>Innschrift:<\/p>\n<address style=\"text-align: center;\"><em><strong>In 60 Schlachten und Gefechten\u00a0des Weltkrieges<\/strong><\/em><\/address>\n<address style=\"text-align: center;\"><em><strong>verlor das VIERTE GARDEFELDARTILLERIE REGIMENT<\/strong><\/em><\/address>\n<address style=\"text-align: center;\"><em><strong>34 Offiziere und 320 Unteroffiziere und Mannschaften<\/strong><\/em><\/address>\n<address style=\"text-align: center;\">\u00a0<\/address>\n<p>Unten am Denkmal steht:<\/p>\n<address style=\"text-align: center;\"><em><strong>1914 &#8211; Pro Gloria et Patria\u00a0&#8211; 1918<\/strong><\/em><\/address>\n<address style=\"text-align: center;\"><em><strong>(F\u00fcr Ruhm und Vaterland)<\/strong><\/em><\/address>\n<address style=\"text-align: center;\">\u00a0<\/address>\n<address style=\"text-align: center;\"><em><strong>EHRE IHREM ANDENKEN<\/strong><\/em><\/address>\n<address style=\"text-align: center;\">\u00a0<\/address>\n<div><\/div>\n<p>Ein Bild von ca. 1930, wurde von <a href=\"http:\/\/www.grussauspotsdam.de\/\">Gruss aus Potsdam.de<\/a>\u00a0zur Verf\u00fcgung\u00a0gestellt. Bilder von der Einweihung wurden mir Zugesandt und zur Dokumentation zur Verf\u00fcgung gestellt.<\/p>\n<p>&nbsp;<\/p>\n<p>&nbsp;<\/p>\n","protected":false},"excerpt":{"rendered":"<p>&nbsp; J\u00e4ger Vorstadt Denkmal des 2. und 4. Garde Feldartillerie-Regiment Bericht und Bilder von Thomas Potsdamer-Ehrenmale.de Denkmal f\u00fcr das 2. und 4. Garde-Feldartillerie-Regiment Dieses schlichte Denkmal stand einst auf der Ecke Spandauer Stra\u00dfe (heute Nedlitzer Stra\u00dfe), Alleestra\u00dfe. Das Denkmal ist &hellip; <a href=\"http:\/\/www.denkfried.de\/wp\/?page_id=4530\">Weiterlesen <span class=\"meta-nav\">&rarr;<\/span><\/a><\/p>\n","protected":false},"author":2,"featured_media":0,"parent":16845,"menu_order":0,"comment_status":"closed","ping_status":"open","template":"","meta":{"footnotes":""},"class_list":["post-4530","page","type-page","status-publish","hentry"],"_links":{"self":[{"href":"http:\/\/www.denkfried.de\/wp\/index.php?rest_route=\/wp\/v2\/pages\/4530","targetHints":{"allow":["GET"]}}],"collection":[{"href":"http:\/\/www.denkfried.de\/wp\/index.php?rest_route=\/wp\/v2\/pages"}],"about":[{"href":"http:\/\/www.denkfried.de\/wp\/index.php?rest_route=\/wp\/v2\/types\/page"}],"author":[{"embeddable":true,"href":"http:\/\/www.denkfried.de\/wp\/index.php?rest_route=\/wp\/v2\/users\/2"}],"replies":[{"embeddable":true,"href":"http:\/\/www.denkfried.de\/wp\/index.php?rest_route=%2Fwp%2Fv2%2Fcomments&post=4530"}],"version-history":[{"count":20,"href":"http:\/\/www.denkfried.de\/wp\/index.php?rest_route=\/wp\/v2\/pages\/4530\/revisions"}],"predecessor-version":[{"id":36585,"href":"http:\/\/www.denkfried.de\/wp\/index.php?rest_route=\/wp\/v2\/pages\/4530\/revisions\/36585"}],"up":[{"embeddable":true,"href":"http:\/\/www.denkfried.de\/wp\/index.php?rest_route=\/wp\/v2\/pages\/16845"}],"wp:attachment":[{"href":"http:\/\/www.denkfried.de\/wp\/index.php?rest_route=%2Fwp%2Fv2%2Fmedia&parent=4530"}],"curies":[{"name":"wp","href":"https:\/\/api.w.org\/{rel}","templated":true}]}}