{"id":4434,"date":"2011-04-24T22:08:54","date_gmt":"2011-04-24T20:08:54","guid":{"rendered":"http:\/\/www.denkfried.de\/wp\/?page_id=4434"},"modified":"2012-12-25T18:30:33","modified_gmt":"2012-12-25T17:30:33","slug":"lk-duren","status":"publish","type":"page","link":"http:\/\/www.denkfried.de\/wp\/?page_id=4434","title":{"rendered":"LK D\u00dcREN"},"content":{"rendered":"<p><span style=\"text-decoration: underline;\"><strong>Landkreis D\u00fcren<\/strong><\/span><\/p>\n<p>Verwaltungssitz:\u00a0 <span style=\"text-decoration: underline;\"><strong>52348 D\u00fcren, Bismarckstra\u00dfe 16<\/strong><\/span><\/p>\n<p>***********************************************************<\/p>\n<div id=\"msg_1099\"><strong>St\u00e4dte:<\/strong><\/div>\n<div><\/div>\n<ul>\n<li>D\u00fcren<\/li>\n<li><a href=\"http:\/\/www.denkfried.de\/wp\/?page_id=28748\">Heimbach<\/a><\/li>\n<li>J\u00fclich<\/li>\n<li>Linnich<\/li>\n<li>Nideggen<\/li>\n<\/ul>\n<p><strong>Gemeinden:<\/strong><\/p>\n<ul>\n<li>Aldenhoven<\/li>\n<li><a href=\"http:\/\/www.denkfried.de\/wp\/?page_id=20347\">H\u00fcrtgenwald<\/a><\/li>\n<li>Inden<\/li>\n<li>Kreuzau<\/li>\n<li>Langerwehe<\/li>\n<li>Merzenich<\/li>\n<li>Niederzier<\/li>\n<li>N\u00f6rvenich<\/li>\n<li>Titz<\/li>\n<li>Vettwei\u00df<\/li>\n<\/ul>\n<p>&nbsp;<\/p>\n<p>&nbsp;<\/p>\n","protected":false},"excerpt":{"rendered":"<p>Landkreis D\u00fcren Verwaltungssitz:\u00a0 52348 D\u00fcren, Bismarckstra\u00dfe 16 *********************************************************** St\u00e4dte: D\u00fcren Heimbach J\u00fclich Linnich Nideggen Gemeinden: Aldenhoven H\u00fcrtgenwald Inden Kreuzau Langerwehe Merzenich Niederzier N\u00f6rvenich Titz Vettwei\u00df &nbsp; &nbsp;<\/p>\n","protected":false},"author":2,"featured_media":0,"parent":390,"menu_order":0,"comment_status":"closed","ping_status":"open","template":"","meta":{"footnotes":""},"class_list":["post-4434","page","type-page","status-publish","hentry"],"_links":{"self":[{"href":"http:\/\/www.denkfried.de\/wp\/index.php?rest_route=\/wp\/v2\/pages\/4434","targetHints":{"allow":["GET"]}}],"collection":[{"href":"http:\/\/www.denkfried.de\/wp\/index.php?rest_route=\/wp\/v2\/pages"}],"about":[{"href":"http:\/\/www.denkfried.de\/wp\/index.php?rest_route=\/wp\/v2\/types\/page"}],"author":[{"embeddable":true,"href":"http:\/\/www.denkfried.de\/wp\/index.php?rest_route=\/wp\/v2\/users\/2"}],"replies":[{"embeddable":true,"href":"http:\/\/www.denkfried.de\/wp\/index.php?rest_route=%2Fwp%2Fv2%2Fcomments&post=4434"}],"version-history":[{"count":10,"href":"http:\/\/www.denkfried.de\/wp\/index.php?rest_route=\/wp\/v2\/pages\/4434\/revisions"}],"predecessor-version":[{"id":28754,"href":"http:\/\/www.denkfried.de\/wp\/index.php?rest_route=\/wp\/v2\/pages\/4434\/revisions\/28754"}],"up":[{"embeddable":true,"href":"http:\/\/www.denkfried.de\/wp\/index.php?rest_route=\/wp\/v2\/pages\/390"}],"wp:attachment":[{"href":"http:\/\/www.denkfried.de\/wp\/index.php?rest_route=%2Fwp%2Fv2%2Fmedia&parent=4434"}],"curies":[{"name":"wp","href":"https:\/\/api.w.org\/{rel}","templated":true}]}}