{"id":4415,"date":"2011-04-24T21:58:50","date_gmt":"2011-04-24T19:58:50","guid":{"rendered":"http:\/\/www.denkfried.de\/wp\/?page_id=4415"},"modified":"2011-04-24T21:58:50","modified_gmt":"2011-04-24T19:58:50","slug":"essen-sudwestfriedhof","status":"publish","type":"page","link":"http:\/\/www.denkfried.de\/wp\/?page_id=4415","title":{"rendered":"Essen-S\u00fcdwestfriedhof"},"content":{"rendered":"<p>&nbsp;<\/p>\n<div id=\"msg_1101\"><span style=\"text-decoration: underline; color: #ff0000;\"><strong>45149 Essen<\/strong><\/span>&nbsp;<\/p>\n<p>Friedhof: S\u00fcdwestfriedhof, Fulerumer Str. 15<\/p>\n<p>Laut den uns vorliegenden Informationen ruhen auf dieser Kriegsgr\u00e4berst\u00e4tte<br \/>\nKriegstote gesamt: 2878<br \/>\nKriegstote 1. WK: 725<br \/>\nKriegstote 2. WK: 2153<br \/>\nDavon aus &#8230;<br \/>\n&#8211; Deutschland: 2437<br \/>\n&#8211; ehem. sowjet Union: 224<br \/>\n&#8211; Sonstige: 217<\/p>\n<p>Hier ruhen 2.878 Tote der beiden Weltkriege und Opfer der<br \/>\nnationalsozialistischen Gewaltherrschaft. Im einzelnen:<\/p>\n<p>* 4 Bombenopfer<br \/>\ndes Ersten und 1.287 des Zweiten Weltkrieges aus der Zivilbev\u00f6lkerung,<br \/>\n* 600 deutsche Soldaten des Ersten und 525 des Zweiten<br \/>\nWeltkrieges,<br \/>\n* 21 Essener B\u00fcrger, die in nationalsozialistischen<br \/>\nKonzentrationslagern, Zuchth\u00e4usern oder<br \/>\nGef\u00e4ngnissen ums Leben kamen,<br \/>\n* 121 ausl\u00e4ndische Kriegsgefangene des<br \/>\nErsten und 43 des Zweiten Weltkrieges sowie<br \/>\n* 277 meist osteurop\u00e4ische<br \/>\nZwangsarbeiter, die w\u00e4hrend des Zweiten Weltkrieges in Essen eingesetzt<br \/>\nwurden.<\/p>\n<p>Die Grabst\u00e4tte f\u00fcr die 4 Bombenopfer des Ersten Weltkrieges<br \/>\nist mit einer Stele gekennzeichnet. Die Aufschrift lautet &#8222;Den Fliegeropfern am<br \/>\nWasserturm 1916&#8220;. Darunter die Namen eines Wehrmannes und dreier Kinder.<br \/>\nDie Bombenopfer des Zweiten Weltkrieges verteilen sich auf mehrere<br \/>\nGr\u00e4berfelder. Auf einem von ihnen befindet sich eine 1943 im Geiste des<br \/>\nNationalsozialismus verfasste Gedenkplatte mit der Inschrift &#8222;Liebet eure<br \/>\nHeimat, mahnen die Toten&#8220;. Auf einem weiteren Gr\u00e4berfeld steht ein Hochkreuz.<br \/>\nVor dem Kreuz erinnert eine Gedenkplatte an 84 Menschen, die w\u00e4hrend der<br \/>\nBombardierung Essens am 12. Dezember 1944 im st\u00e4dtischen Gef\u00e4ngnis ums Leben<br \/>\nkamen. Unter ihnen waren zahlreiche politische H\u00e4ftlinge, wie auch ein Vater,<br \/>\nder von seinem 13-j\u00e4hrigen Sohn bei der Staatspolizei denunziert worden war.<br \/>\nDie Gefangenen hatten w\u00e4hrend des Bombenangriffs ihre Zellen nicht verlassen<br \/>\nd\u00fcrfen.<\/p>\n<p>In einem Gr\u00e4berfeld f\u00fcr deutsche Soldaten des Ersten Weltkrieges steht ein<br \/>\nObelisk, dessen Spitze ein Eisernes Kreuz tr\u00e4gt. Er erinnert an die Toten des<br \/>\nInfanterie-Regimentes 190. Am unteren Ende der Anlage sind f\u00fcnf Ehrenmale duch<br \/>\nEssener Vereine errichtet worden.<\/p>\n<p>Die Gr\u00e4ber der 525 auf dem S\u00fcdwestfriedhof beigesetzten deutschen Soldaten des<br \/>\nZweiten Weltkrieges verteilen sich auf mehrere Felder.<\/p>\n<p>Inmitten der Gr\u00e4berfelder beider Weltkriege befindet sich ein Denkmal mit der<br \/>\nPlastik eines knieenden J\u00fcnglings, geschaffen von Professor Enseling aus<br \/>\nCoesfeld. Der Steinsockel tr\u00e4gt die Inschrift &#8222;Gedenkst\u00e4tte der Stadt Essen f\u00fcr<br \/>\ndie Opfer von Krieg und Gewaltherrschaft&#8220;.<\/p>\n<p>Auf einem Gr\u00e4berfeld sind 36 Gefallenen beerdigt, die w\u00e4hrend der milit\u00e4rischen<br \/>\nAuseinandersetzungen um den rechtsradikalen &#8222;Kapp-Putsch&#8220; 1920 starben. Ein<br \/>\ngesondertes Ehrenmal erinnert an Polizisten, die bei Auseinandersetzungen zu<br \/>\nBeginn der Weimarer Republik ums Leben kamen. Auf einem weiteren Feld ruhen 13<br \/>\nOpfer des sogenannten &#8222;Blutigen Karsamstag&#8220; von 1923, an dem Krupp-Arbeiter<br \/>\ngegen die franz\u00f6sische Besetzung des Ruhrgebietes protestierten.<\/p>\n<p>In einem Gr\u00e4berfeld sind 21 Essener B\u00fcrger beerdigt, die zwischen 1933 und 1945<br \/>\nin nationalsozialistischen Konzentrationslagern, Zuchth\u00e4usern und Gef\u00e4ngnissen<br \/>\num ihr Leben gebracht wurden. Eine Texttafel weist auf ihre Leidensgeschichte<br \/>\nhin.<\/p>\n<p>Unter den ausl\u00e4ndischen Kriegsgefangenen und Zwangsarbeitern, die auf dem<br \/>\nS\u00fcdwestfriedhof beigesetzt sind, ist das Schicksal von 35 osteurop\u00e4ischen<br \/>\nArbeitern besonders hervorzuheben. Sie wurden in den letzten M\u00e4rztagen des<br \/>\nJahres 1945 von der Essener Geheimen Staatspolizei im &#8222;Montagsloch&#8220; &#8211; im<br \/>\nheutigen Gruga-Gel\u00e4nde &#8211; erschossen. Amerikanischen Truppen entdeckten das<br \/>\nMassengrab und lie\u00dfen die Leichen an Ort und Stelle einzeln w\u00fcrdig bestatten.<br \/>\nAm 3. November 1949 wurden diese Toten zum S\u00fcdwestfriedhof \u00fcberf\u00fchrt und dort<br \/>\nin einem gesonderten Gr\u00e4berfeld beigesetzt.<\/p>\n<p>Quelle: Volksbund Deutsche Kriegsgr\u00e4berf\u00fcrsorge<br \/>\n<a href=\"http:\/\/www.volksbund-nrw.de\/kgs\/in_NRW\/stadt.asp?stadt=51813&amp;st=1\" target=\"_blank\">http:\/\/www.volksbund-nrw.de\/kgs\/in_NRW\/stadt.asp?stadt=51813&amp;st=1<\/a><\/p>\n<\/div>\n","protected":false},"excerpt":{"rendered":"<p>&nbsp; 45149 Essen&nbsp; Friedhof: S\u00fcdwestfriedhof, Fulerumer Str. 15 Laut den uns vorliegenden Informationen ruhen auf dieser Kriegsgr\u00e4berst\u00e4tte Kriegstote gesamt: 2878 Kriegstote 1. WK: 725 Kriegstote 2. WK: 2153 Davon aus &#8230; &#8211; Deutschland: 2437 &#8211; ehem. sowjet Union: 224 &#8211; &hellip; <a href=\"http:\/\/www.denkfried.de\/wp\/?page_id=4415\">Weiterlesen <span class=\"meta-nav\">&rarr;<\/span><\/a><\/p>\n","protected":false},"author":2,"featured_media":0,"parent":4412,"menu_order":0,"comment_status":"closed","ping_status":"open","template":"","meta":{"footnotes":""},"class_list":["post-4415","page","type-page","status-publish","hentry"],"_links":{"self":[{"href":"http:\/\/www.denkfried.de\/wp\/index.php?rest_route=\/wp\/v2\/pages\/4415","targetHints":{"allow":["GET"]}}],"collection":[{"href":"http:\/\/www.denkfried.de\/wp\/index.php?rest_route=\/wp\/v2\/pages"}],"about":[{"href":"http:\/\/www.denkfried.de\/wp\/index.php?rest_route=\/wp\/v2\/types\/page"}],"author":[{"embeddable":true,"href":"http:\/\/www.denkfried.de\/wp\/index.php?rest_route=\/wp\/v2\/users\/2"}],"replies":[{"embeddable":true,"href":"http:\/\/www.denkfried.de\/wp\/index.php?rest_route=%2Fwp%2Fv2%2Fcomments&post=4415"}],"version-history":[{"count":2,"href":"http:\/\/www.denkfried.de\/wp\/index.php?rest_route=\/wp\/v2\/pages\/4415\/revisions"}],"predecessor-version":[{"id":4417,"href":"http:\/\/www.denkfried.de\/wp\/index.php?rest_route=\/wp\/v2\/pages\/4415\/revisions\/4417"}],"up":[{"embeddable":true,"href":"http:\/\/www.denkfried.de\/wp\/index.php?rest_route=\/wp\/v2\/pages\/4412"}],"wp:attachment":[{"href":"http:\/\/www.denkfried.de\/wp\/index.php?rest_route=%2Fwp%2Fv2%2Fmedia&parent=4415"}],"curies":[{"name":"wp","href":"https:\/\/api.w.org\/{rel}","templated":true}]}}