{"id":4397,"date":"2011-04-24T21:34:27","date_gmt":"2011-04-24T19:34:27","guid":{"rendered":"http:\/\/www.denkfried.de\/wp\/?page_id=4397"},"modified":"2011-07-30T20:10:13","modified_gmt":"2011-07-30T18:10:13","slug":"lk-wesel","status":"publish","type":"page","link":"http:\/\/www.denkfried.de\/wp\/?page_id=4397","title":{"rendered":"LK WESEL"},"content":{"rendered":"<p>&nbsp;<\/p>\n<p>Verwaltungssitz:<\/p>\n<p>*************************************************************<\/p>\n<p><strong>46483 \/46485\/ 46487 Wesel<\/strong><\/p>\n<p><strong><br \/>\n<\/strong><\/p>\n<p><strong>Kriegsgr\u00e4berst\u00e4tte<\/strong><\/p>\n<p>Kommunalfriedhof, Caspar-Baur-Stra\u00dfe<br \/>\nSoldatenfriedhof &#8211; bestattet sind hier 809 Kriegstote aus beiden Weltkriegen<\/p>\n<p>Bombenopferfeld &#8211; Begr\u00e4bnisst\u00e4tte f\u00fcr die bei den Luftangriffen auf Wesel im Fr\u00fchjahr 1945 ums Leben gekommenen 175 B\u00fcrger<\/p>\n<p>Ehrenfriedhof (kommunal)in Diersfordt (Lindenberg)<br \/>\nHier sind 538 Kriegstote, darunter 106 Unbekannte,\u00a0 aus dem 2.Weltkrieg bestattet.<\/p>\n<p>Kommunalfriedhof Bislich<br \/>\nHier befinden sich ebenfalls Kriegsgr\u00e4ber, Anzahl ?<\/p>\n<p>&nbsp;<\/p>\n<p><a title=\"Rheinberg\" href=\"http:\/\/www.denkfried.de\/wp\/?page_id=4402\">Rheinberg<\/a><\/p>\n<p>&nbsp;<\/p>\n","protected":false},"excerpt":{"rendered":"<p>&nbsp; Verwaltungssitz: ************************************************************* 46483 \/46485\/ 46487 Wesel Kriegsgr\u00e4berst\u00e4tte Kommunalfriedhof, Caspar-Baur-Stra\u00dfe Soldatenfriedhof &#8211; bestattet sind hier 809 Kriegstote aus beiden Weltkriegen Bombenopferfeld &#8211; Begr\u00e4bnisst\u00e4tte f\u00fcr die bei den Luftangriffen auf Wesel im Fr\u00fchjahr 1945 ums Leben gekommenen 175 B\u00fcrger Ehrenfriedhof (kommunal)in &hellip; <a href=\"http:\/\/www.denkfried.de\/wp\/?page_id=4397\">Weiterlesen <span class=\"meta-nav\">&rarr;<\/span><\/a><\/p>\n","protected":false},"author":2,"featured_media":0,"parent":390,"menu_order":0,"comment_status":"closed","ping_status":"open","template":"","meta":{"footnotes":""},"class_list":["post-4397","page","type-page","status-publish","hentry"],"_links":{"self":[{"href":"http:\/\/www.denkfried.de\/wp\/index.php?rest_route=\/wp\/v2\/pages\/4397","targetHints":{"allow":["GET"]}}],"collection":[{"href":"http:\/\/www.denkfried.de\/wp\/index.php?rest_route=\/wp\/v2\/pages"}],"about":[{"href":"http:\/\/www.denkfried.de\/wp\/index.php?rest_route=\/wp\/v2\/types\/page"}],"author":[{"embeddable":true,"href":"http:\/\/www.denkfried.de\/wp\/index.php?rest_route=\/wp\/v2\/users\/2"}],"replies":[{"embeddable":true,"href":"http:\/\/www.denkfried.de\/wp\/index.php?rest_route=%2Fwp%2Fv2%2Fcomments&post=4397"}],"version-history":[{"count":6,"href":"http:\/\/www.denkfried.de\/wp\/index.php?rest_route=\/wp\/v2\/pages\/4397\/revisions"}],"predecessor-version":[{"id":10610,"href":"http:\/\/www.denkfried.de\/wp\/index.php?rest_route=\/wp\/v2\/pages\/4397\/revisions\/10610"}],"up":[{"embeddable":true,"href":"http:\/\/www.denkfried.de\/wp\/index.php?rest_route=\/wp\/v2\/pages\/390"}],"wp:attachment":[{"href":"http:\/\/www.denkfried.de\/wp\/index.php?rest_route=%2Fwp%2Fv2%2Fmedia&parent=4397"}],"curies":[{"name":"wp","href":"https:\/\/api.w.org\/{rel}","templated":true}]}}