{"id":4389,"date":"2011-04-24T21:27:42","date_gmt":"2011-04-24T19:27:42","guid":{"rendered":"http:\/\/www.denkfried.de\/wp\/?page_id=4389"},"modified":"2011-04-24T21:27:42","modified_gmt":"2011-04-24T19:27:42","slug":"schloss-holte-stukenbrock","status":"publish","type":"page","link":"http:\/\/www.denkfried.de\/wp\/?page_id=4389","title":{"rendered":"Schloss-Holte Stukenbrock"},"content":{"rendered":"<p>&nbsp;<\/p>\n<p><span style=\"text-decoration: underline; color: #ff0000;\"><strong>33758 Schloss-Holte Stukenbrock<\/strong><\/span><\/p>\n<p>Sowjetischer Ehrenfriedhof<br \/>\nHier befinden sich 36 Massengr\u00e4ber, in denen tausende Tote verscharrt wurden.<br \/>\nEin Obelisk enth\u00e4lt die Inschrift:<br \/>\nHIER RUHEN DIE IN DER FASCHISTISCHEN GEFANGENSCHAFT ZU TODE<br \/>\nGEQU\u00c4LTEN 65.000 RUSSISCHEN SOLDATEN<br \/>\nRUHET IN FRIEDEN\u00a0 1941 &#8211;\u00a0 1945<\/p>\n<p>Gedenkst\u00e4tte Stalag 326<br \/>\n<a href=\"http:\/\/www.stalag326.de\/index.php?page=1\" target=\"_blank\">www.stalag326.de\/index.php?page=1<\/a><br \/>\nDas Stammlager VI K (326) war von 1941 bis 1945 ein deutsches Kriegsgefangenenlager\u00a0 bei Stukenbrock.<br \/>\nAb  1941 war hier sowjetische Kriegsgefangene und ab 1942 auch polnische,  serbische, franz\u00f6sische und ab 1943 auch italienische Gefangene  interniert.<br \/>\nBesonders die sowjetischen Gefangenen wurden unter unmenschlischen Bedingungen hier gefangengehalten.<br \/>\nMan  sch\u00e4tzt, da genaue Zahlen nicht belegbar sind, das bis zum Kriegsende  300.000 Soldaten hier inhaftiert waren und 15.000 bis 70.000 Menschen  verstorben sind.<\/p>\n<p>Nach der Befreiung des Lagers, Ende April 1945, durch die Amerikaner, wurde das Lager f\u00fcr deutsche Kriegsgefangene genutzt.<br \/>\nVom  Herbst 1946 bis 1948 wurde ein Teil des Lagers als Internierungslager  f\u00fcr f\u00fchrende Nationalsozialisten genutzt. (Civil Internmet Nr.7 &#8211;  C.I.C.)<br \/>\nNach Aufl\u00f6sung des C.I.C.im Jahr 1948 erhielten hier die  Heimatvertriebenen aus den ehemaligen deutschen Ostgebieten eine  vorl\u00e4ufige Bleibe.<\/p>\n","protected":false},"excerpt":{"rendered":"<p>&nbsp; 33758 Schloss-Holte Stukenbrock Sowjetischer Ehrenfriedhof Hier befinden sich 36 Massengr\u00e4ber, in denen tausende Tote verscharrt wurden. Ein Obelisk enth\u00e4lt die Inschrift: HIER RUHEN DIE IN DER FASCHISTISCHEN GEFANGENSCHAFT ZU TODE GEQU\u00c4LTEN 65.000 RUSSISCHEN SOLDATEN RUHET IN FRIEDEN\u00a0 1941 &#8211;\u00a0 &hellip; <a href=\"http:\/\/www.denkfried.de\/wp\/?page_id=4389\">Weiterlesen <span class=\"meta-nav\">&rarr;<\/span><\/a><\/p>\n","protected":false},"author":2,"featured_media":0,"parent":4386,"menu_order":0,"comment_status":"closed","ping_status":"open","template":"","meta":{"footnotes":""},"class_list":["post-4389","page","type-page","status-publish","hentry"],"_links":{"self":[{"href":"http:\/\/www.denkfried.de\/wp\/index.php?rest_route=\/wp\/v2\/pages\/4389","targetHints":{"allow":["GET"]}}],"collection":[{"href":"http:\/\/www.denkfried.de\/wp\/index.php?rest_route=\/wp\/v2\/pages"}],"about":[{"href":"http:\/\/www.denkfried.de\/wp\/index.php?rest_route=\/wp\/v2\/types\/page"}],"author":[{"embeddable":true,"href":"http:\/\/www.denkfried.de\/wp\/index.php?rest_route=\/wp\/v2\/users\/2"}],"replies":[{"embeddable":true,"href":"http:\/\/www.denkfried.de\/wp\/index.php?rest_route=%2Fwp%2Fv2%2Fcomments&post=4389"}],"version-history":[{"count":2,"href":"http:\/\/www.denkfried.de\/wp\/index.php?rest_route=\/wp\/v2\/pages\/4389\/revisions"}],"predecessor-version":[{"id":4391,"href":"http:\/\/www.denkfried.de\/wp\/index.php?rest_route=\/wp\/v2\/pages\/4389\/revisions\/4391"}],"up":[{"embeddable":true,"href":"http:\/\/www.denkfried.de\/wp\/index.php?rest_route=\/wp\/v2\/pages\/4386"}],"wp:attachment":[{"href":"http:\/\/www.denkfried.de\/wp\/index.php?rest_route=%2Fwp%2Fv2%2Fmedia&parent=4389"}],"curies":[{"name":"wp","href":"https:\/\/api.w.org\/{rel}","templated":true}]}}