{"id":4293,"date":"2011-04-24T14:42:41","date_gmt":"2011-04-24T12:42:41","guid":{"rendered":"http:\/\/www.denkfried.de\/wp\/?page_id=4293"},"modified":"2012-11-04T22:58:52","modified_gmt":"2012-11-04T21:58:52","slug":"bochum","status":"publish","type":"page","link":"http:\/\/www.denkfried.de\/wp\/?page_id=4293","title":{"rendered":"Kriegsgr\u00e4berst\u00e4tte &#8222;Freigrafendamm&#8220;"},"content":{"rendered":"<p>&nbsp;<\/p>\n<p><span style=\"text-decoration: underline; color: #ff0000;\"><strong>44803 Bochum<\/strong><\/span><\/p>\n<p>Kriegsgr\u00e4berst\u00e4tte<\/p>\n<p>St\u00e4dtischer Friedhof &#8222;Freigrafendamm&#8220;<\/p>\n<p>Friedhof Freigrafendamm \u00a0&#8211; \u00a0 1.700 Kriegsgefangene und Verschleppte in der Zeit 1941 bis 1945<br \/>\ndav. 34 osteurp\u00e4ische Zwangsarbeiterinnen (Namen bekannt)<br \/>\nEs ist der Vereinigung &#8220; Frauen f\u00fcr den Frieden in der Evangelischen Kirche von Westfalen&#8220; zu verdanken das die Gr\u00e4ber ab 1985 in einen w\u00fcrdigen und gepflegten Zustand versetzt wurden. Endlich konnte diese Vereinigung erreichen das den hier Bestatteten ihre Namen zur\u00fcckgegeben werden konnte. Seit dem 10.Juli 2004 erinnern Namensb\u00fccher an die gestorbenen, ermordeten Kriegsgefangenen und Verschleppten.<\/p>\n<hr \/>\n<p>Denkmal f\u00fcr die in Konzentrationslager ermordeten Bochumer Widerstandsk\u00e4mpfer:<\/p>\n<p>Inschrift: \u00a0 \u00a0 \u00a0 \u00a0 \u00a0 \u00a0 \u00a0 \u00a0 \u00a0 \u00a0 \u00a0 \u00a0ZUM GEDENKEN AN DIE ERMORDETEN WIDERSTANDSK\u00c4MPFER GEGEN DAS NAZIREGIME:<\/p>\n<p>H\u00f6berg, Friedrich \u00a0 \u00a0 \u00a0 \u00a0 \u00a0 \u00a0 \u00a0geb.: 1912 \u00a0 \u00a0 \u00a0 \u00a0 \u00a0 \u00a0 \u00a0gest.: 04.10.1943<br \/>\nLangner, Josef \u00a0 \u00a0 \u00a0 \u00a0 \u00a0 \u00a0 \u00a0 \u00a0 geb.: 1900 \u00a0 \u00a0 \u00a0 \u00a0 \u00a0 \u00a0 \u00a0gest.: 13.12.1943<br \/>\nNast, Bernhard \u00a0 \u00a0 \u00a0 \u00a0 \u00a0 \u00a0 \u00a0 \u00a0 geb.: 1900 \u00a0 \u00a0 \u00a0 \u00a0 \u00a0 \u00a0 \u00a0gest.: 22.12.1942<br \/>\nP\u00f6ppe, Moritz \u00a0 \u00a0 \u00a0 \u00a0 \u00a0 \u00a0 \u00a0 \u00a0 \u00a0geb.: 17.11.1897 \u00a0 \u00a0 \u00a0gest.: 06.11.1944 hingerichtet im Zuchthaus Brandenburg-G\u00f6rden<br \/>\nSchmitfranz, Johann \u00a0 \u00a0 \u00a0 \u00a0 geb.: 20.02.1898 \u00a0 \u00a0 \u00a0gest.: 06.11.1944 \u00a0hingerichtet im Zuchthaus Brandenburg-G\u00f6rden<br \/>\nSchpenk, Wilhelm \u00a0 \u00a0 \u00a0 \u00a0 \u00a0 \u00a0 geb.: 1900 \u00a0 \u00a0 \u00a0 \u00a0 \u00a0 \u00a0 \u00a0gest.: 02.05.1944<br \/>\nThiesb\u00fcrger, Wilhelm \u00a0 \u00a0 \u00a0 \u00a0 geb.: 1915 \u00a0 \u00a0 \u00a0 \u00a0 \u00a0 \u00a0 \u00a0gest.: 15.01.1943<br \/>\nSchr\u00f6der, Erich \u00a0 \u00a0 \u00a0 \u00a0 \u00a0 \u00a0 \u00a0 \u00a0geb.: 1897 \u00a0 \u00a0 \u00a0 \u00a0 \u00a0 \u00a0 \u00a0gest.: 08.02.1937 \u00a0umgebettet am 13.09.1947 aus Dortmund<\/p>\n","protected":false},"excerpt":{"rendered":"<p>&nbsp; 44803 Bochum Kriegsgr\u00e4berst\u00e4tte St\u00e4dtischer Friedhof &#8222;Freigrafendamm&#8220; Friedhof Freigrafendamm \u00a0&#8211; \u00a0 1.700 Kriegsgefangene und Verschleppte in der Zeit 1941 bis 1945 dav. 34 osteurp\u00e4ische Zwangsarbeiterinnen (Namen bekannt) Es ist der Vereinigung &#8220; Frauen f\u00fcr den Frieden in der Evangelischen Kirche &hellip; <a href=\"http:\/\/www.denkfried.de\/wp\/?page_id=4293\">Weiterlesen <span class=\"meta-nav\">&rarr;<\/span><\/a><\/p>\n","protected":false},"author":2,"featured_media":0,"parent":4289,"menu_order":0,"comment_status":"closed","ping_status":"open","template":"","meta":{"footnotes":""},"class_list":["post-4293","page","type-page","status-publish","hentry"],"_links":{"self":[{"href":"http:\/\/www.denkfried.de\/wp\/index.php?rest_route=\/wp\/v2\/pages\/4293","targetHints":{"allow":["GET"]}}],"collection":[{"href":"http:\/\/www.denkfried.de\/wp\/index.php?rest_route=\/wp\/v2\/pages"}],"about":[{"href":"http:\/\/www.denkfried.de\/wp\/index.php?rest_route=\/wp\/v2\/types\/page"}],"author":[{"embeddable":true,"href":"http:\/\/www.denkfried.de\/wp\/index.php?rest_route=\/wp\/v2\/users\/2"}],"replies":[{"embeddable":true,"href":"http:\/\/www.denkfried.de\/wp\/index.php?rest_route=%2Fwp%2Fv2%2Fcomments&post=4293"}],"version-history":[{"count":4,"href":"http:\/\/www.denkfried.de\/wp\/index.php?rest_route=\/wp\/v2\/pages\/4293\/revisions"}],"predecessor-version":[{"id":4296,"href":"http:\/\/www.denkfried.de\/wp\/index.php?rest_route=\/wp\/v2\/pages\/4293\/revisions\/4296"}],"up":[{"embeddable":true,"href":"http:\/\/www.denkfried.de\/wp\/index.php?rest_route=\/wp\/v2\/pages\/4289"}],"wp:attachment":[{"href":"http:\/\/www.denkfried.de\/wp\/index.php?rest_route=%2Fwp%2Fv2%2Fmedia&parent=4293"}],"curies":[{"name":"wp","href":"https:\/\/api.w.org\/{rel}","templated":true}]}}