{"id":4280,"date":"2011-04-24T14:37:49","date_gmt":"2011-04-24T12:37:49","guid":{"rendered":"http:\/\/www.denkfried.de\/wp\/?page_id=4280"},"modified":"2012-05-15T18:42:01","modified_gmt":"2012-05-15T16:42:01","slug":"lk-markischer-kreis","status":"publish","type":"page","link":"http:\/\/www.denkfried.de\/wp\/?page_id=4280","title":{"rendered":"LK M\u00c4RKISCHER KREIS"},"content":{"rendered":"<p>&nbsp;<\/p>\n<p>Der seit 1975 bestehende Kreis, liegt im Nordwesten des Sauerlandes. Zum Regierungsbezirk Arnsberg, zur Region S\u00fcdwestfalen. Mit 12 St\u00e4dten und 3 Gemeinden.<\/p>\n<p><span style=\"text-decoration: underline;\"><strong>St\u00e4dte<\/strong><\/span><\/p>\n<ol>\n<li>Altena<\/li>\n<li>Balve<\/li>\n<li><a href=\"http:\/\/www.denkfried.de\/wp\/?page_id=22298\">Halver<\/a><\/li>\n<li><a href=\"http:\/\/www.denkfried.de\/wp\/?page_id=4283\">Hemer<\/a><\/li>\n<li>Iserlohn<\/li>\n<li>Kierspe<\/li>\n<li><a href=\"http:\/\/www.denkfried.de\/wp\/?page_id=11511\">L\u00fcdenscheid<\/a><\/li>\n<li>Meinerzhagen<\/li>\n<li>Menden (Sauerland)<\/li>\n<li>Neuenrade<\/li>\n<li>Plettenberg<\/li>\n<li>Werdohl<\/li>\n<\/ol>\n<p><span style=\"text-decoration: underline;\"><strong>Gemeinden:<\/strong><\/span><\/p>\n<ol>\n<li>Herscheid<\/li>\n<li>Nachrodt-Wiblingwerde<\/li>\n<li>Schalksm\u00fchle<\/li>\n<\/ol>\n<p>&nbsp;<\/p>\n","protected":false},"excerpt":{"rendered":"<p>&nbsp; Der seit 1975 bestehende Kreis, liegt im Nordwesten des Sauerlandes. Zum Regierungsbezirk Arnsberg, zur Region S\u00fcdwestfalen. Mit 12 St\u00e4dten und 3 Gemeinden. St\u00e4dte Altena Balve Halver Hemer Iserlohn Kierspe L\u00fcdenscheid Meinerzhagen Menden (Sauerland) Neuenrade Plettenberg Werdohl Gemeinden: Herscheid Nachrodt-Wiblingwerde &hellip; <a href=\"http:\/\/www.denkfried.de\/wp\/?page_id=4280\">Weiterlesen <span class=\"meta-nav\">&rarr;<\/span><\/a><\/p>\n","protected":false},"author":2,"featured_media":0,"parent":390,"menu_order":0,"comment_status":"closed","ping_status":"open","template":"","meta":{"footnotes":""},"class_list":["post-4280","page","type-page","status-publish","hentry"],"_links":{"self":[{"href":"http:\/\/www.denkfried.de\/wp\/index.php?rest_route=\/wp\/v2\/pages\/4280","targetHints":{"allow":["GET"]}}],"collection":[{"href":"http:\/\/www.denkfried.de\/wp\/index.php?rest_route=\/wp\/v2\/pages"}],"about":[{"href":"http:\/\/www.denkfried.de\/wp\/index.php?rest_route=\/wp\/v2\/types\/page"}],"author":[{"embeddable":true,"href":"http:\/\/www.denkfried.de\/wp\/index.php?rest_route=\/wp\/v2\/users\/2"}],"replies":[{"embeddable":true,"href":"http:\/\/www.denkfried.de\/wp\/index.php?rest_route=%2Fwp%2Fv2%2Fcomments&post=4280"}],"version-history":[{"count":10,"href":"http:\/\/www.denkfried.de\/wp\/index.php?rest_route=\/wp\/v2\/pages\/4280\/revisions"}],"predecessor-version":[{"id":22308,"href":"http:\/\/www.denkfried.de\/wp\/index.php?rest_route=\/wp\/v2\/pages\/4280\/revisions\/22308"}],"up":[{"embeddable":true,"href":"http:\/\/www.denkfried.de\/wp\/index.php?rest_route=\/wp\/v2\/pages\/390"}],"wp:attachment":[{"href":"http:\/\/www.denkfried.de\/wp\/index.php?rest_route=%2Fwp%2Fv2%2Fmedia&parent=4280"}],"curies":[{"name":"wp","href":"https:\/\/api.w.org\/{rel}","templated":true}]}}