{"id":422,"date":"2011-04-02T17:17:11","date_gmt":"2011-04-02T15:17:11","guid":{"rendered":"http:\/\/www.bilderstapel.de\/test\/wp\/?page_id=422"},"modified":"2015-08-18T18:16:28","modified_gmt":"2015-08-18T16:16:28","slug":"alt-kairo","status":"publish","type":"page","link":"http:\/\/www.denkfried.de\/wp\/?page_id=422","title":{"rendered":"ALT KAIRO"},"content":{"rendered":"<p>&nbsp;<\/p>\n<p><span style=\"text-decoration: underline;\"><strong>Alt Kairo<\/strong><\/span><\/p>\n<p>Deutscher Friedhof gelegen in der Altstadt<\/p>\n<p>Kriegstote Gesamt: 361<\/p>\n<p>1. Weltkrieg \u00a0 \u00a0 \u00a0\u00a0 176 Deutsche<\/p>\n<p>2. Weltkrieg \u00a0 \u00a0 \u00a0\u00a0 125 Deutsche (Zivilfriedhof)<\/p>\n<p style=\"text-align: justify;\"><em>Aus dem Reisebericht von Hubert M. :<\/em><\/p>\n<p style=\"text-align: justify;\"><em>&#8222;Anbei einige Fotos vom Besuch des deutschen Soldatenfriedhofs Alt-Kairo. Auf dem alten protestantischen Schweizer Friedhof liegt in einem Altstadtviertel von Kairo die deutsche Kriegsgr\u00e4berst\u00e4tte des ersten Weltkriegs. Umrahmt von einer Steinmauer, umschirmt sie diese kleine Anlage, deren Grablagen mit liegenden Bodenplatten gekennzeichnet wurden. Das Gr\u00e4berfeld wurde wie ein Park angelegt, die Gr\u00e4ber liegen im Schatten von Palmen und hohen Eukalyptusb\u00e4umen. 176 Deutsche Gefallene des Ersten Weltkriegs sind hier zur letzten Ruhe gebettet. Von jeweils zwei Gefallenen stehen je der Rang, Name und Gefallenendatum auf den liegenden Bodenplatten. 27 Tote wurden 1953 aus Tel-el-Kebir nach diesem Friedhof umgebettet.&#8220;<\/em><\/p>\n<p>Inschrift auf der Gedenkplatte:<\/p>\n<p style=\"text-align: center;\"><em><strong>Den fern der Heimat<\/strong><\/em><\/p>\n<p style=\"text-align: center;\"><em><strong>hier ruhenden Deutschen Toten<\/strong><\/em><\/p>\n<p style=\"text-align: center;\"><em><strong>aus dem grossen Krieg<\/strong><\/em><\/p>\n<p style=\"text-align: center;\"><em><strong>1914 &#8211; 1918<\/strong><\/em><\/p>\n<p style=\"text-align: center;\"><em><strong>zum ehrenden Ged\u00e4chtnis<\/strong><\/em><\/p>\n<p>&nbsp;<\/p>\n<p>Eggers, Karl\u00a0\u00a0\u00a0\u00a0\u00a0\u00a0\u00a0\u00a0\u00a0\u00a0\u00a0\u00a0\u00a0\u00a0\u00a0\u00a0\u00a0\u00a0\u00a0\u00a0\u00a0\u00a0 -Reservist- \u00a0 \u00a0 \u00a0 \u00a0 \u00a0 gef.: 22.07.1917\u00a0 Endgrablage Reihe 4<\/p>\n<p>Eggers, Wilhelm\u00a0\u00a0\u00a0\u00a0\u00a0\u00a0\u00a0\u00a0\u00a0\u00a0\u00a0\u00a0\u00a0\u00a0\u00a0 -Sergeant-\u00a0\u00a0\u00a0\u00a0\u00a0\u00a0\u00a0\u00a0\u00a0\u00a0 gef.: 07.09.1919\u00a0 Endgrablage Reihe 15<\/p>\n<p>Hornig, Frederik \u00a0 \u00a0 \u00a0 \u00a0 \u00a0 \u00a0 \u00a0\u00a0 -Kapit\u00e4n-\u00a0\u00a0\u00a0\u00a0\u00a0\u00a0\u00a0\u00a0\u00a0\u00a0\u00a0 gef.: 15.07.1917\u00a0 Endgrablage Reihe 4<\/p>\n<p>Cicharasky, Wladislaus\u00a0 \u00a0\u00a0 -Sergeant-\u00a0\u00a0\u00a0\u00a0\u00a0\u00a0\u00a0\u00a0\u00a0 gef.: 12.08.1919\u00a0 Endgrablage Reihe 15<\/p>\n<p>z.Zt. sind 26 Namen (1.WK)\u00a0 in unsere Datenbank aufgenommen.\u00a0 &#8211; 20.11.2012<\/p>\n<p><em>Bilder vom 21.10.2009<\/em><\/p>\n<div id='gallery-1' class='gallery galleryid-422 gallery-columns-3 gallery-size-thumbnail'><dl class='gallery-item'>\n\t\t\t<dt class='gallery-icon landscape'>\n\t\t\t\t<a href='http:\/\/www.denkfried.de\/wp\/?attachment_id=474'><img loading=\"lazy\" decoding=\"async\" width=\"150\" height=\"150\" src=\"http:\/\/www.denkfried.de\/wp\/wp-content\/uploads\/2011\/04\/Soldatenfriedhof-Altkairo-01-150x150.jpg\" class=\"attachment-thumbnail size-thumbnail\" alt=\"\" aria-describedby=\"gallery-1-474\" \/><\/a>\n\t\t\t<\/dt>\n\t\t\t\t<dd class='wp-caption-text gallery-caption' id='gallery-1-474'>\n\t\t\t\tDeutscher Soldatenfriedhof\n\t\t\t\t<\/dd><\/dl><dl class='gallery-item'>\n\t\t\t<dt class='gallery-icon landscape'>\n\t\t\t\t<a href='http:\/\/www.denkfried.de\/wp\/?attachment_id=480'><img loading=\"lazy\" decoding=\"async\" width=\"150\" height=\"150\" src=\"http:\/\/www.denkfried.de\/wp\/wp-content\/uploads\/2011\/04\/Soldatenfriedhof-Altkairo-Hochkreuz-05-150x150.jpg\" class=\"attachment-thumbnail size-thumbnail\" alt=\"\" aria-describedby=\"gallery-1-480\" \/><\/a>\n\t\t\t<\/dt>\n\t\t\t\t<dd class='wp-caption-text gallery-caption' id='gallery-1-480'>\n\t\t\t\tDeutscher Soldatenfriedhof Hochkreuz\n\t\t\t\t<\/dd><\/dl><dl class='gallery-item'>\n\t\t\t<dt class='gallery-icon landscape'>\n\t\t\t\t<a href='http:\/\/www.denkfried.de\/wp\/?attachment_id=485'><img loading=\"lazy\" decoding=\"async\" width=\"150\" height=\"150\" src=\"http:\/\/www.denkfried.de\/wp\/wp-content\/uploads\/2011\/04\/Soldatenfriedhof-Altkairo-Gr\u00e4berfeld-02-150x150.jpg\" class=\"attachment-thumbnail size-thumbnail\" alt=\"\" aria-describedby=\"gallery-1-485\" \/><\/a>\n\t\t\t<\/dt>\n\t\t\t\t<dd class='wp-caption-text gallery-caption' id='gallery-1-485'>\n\t\t\t\tDeutscher Soldatenfriedhof Gr\u00e4berfeld\n\t\t\t\t<\/dd><\/dl><br style=\"clear: both\" \/><dl class='gallery-item'>\n\t\t\t<dt class='gallery-icon portrait'>\n\t\t\t\t<a href='http:\/\/www.denkfried.de\/wp\/?attachment_id=487'><img loading=\"lazy\" decoding=\"async\" width=\"150\" height=\"150\" src=\"http:\/\/www.denkfried.de\/wp\/wp-content\/uploads\/2011\/04\/Soldatenfriedhof-Altkairo-Ansicht-04-150x150.jpg\" class=\"attachment-thumbnail size-thumbnail\" alt=\"\" aria-describedby=\"gallery-1-487\" \/><\/a>\n\t\t\t<\/dt>\n\t\t\t\t<dd class='wp-caption-text gallery-caption' id='gallery-1-487'>\n\t\t\t\tDeutscher Soldatenfriedhof Gr\u00e4berfeld\n\t\t\t\t<\/dd><\/dl><dl class='gallery-item'>\n\t\t\t<dt class='gallery-icon portrait'>\n\t\t\t\t<a href='http:\/\/www.denkfried.de\/wp\/?attachment_id=488'><img loading=\"lazy\" decoding=\"async\" width=\"150\" height=\"150\" src=\"http:\/\/www.denkfried.de\/wp\/wp-content\/uploads\/2011\/04\/Soldatenfriedhof-Altkairo-Ich-09-150x150.jpg\" class=\"attachment-thumbnail size-thumbnail\" alt=\"\" aria-describedby=\"gallery-1-488\" \/><\/a>\n\t\t\t<\/dt>\n\t\t\t\t<dd class='wp-caption-text gallery-caption' id='gallery-1-488'>\n\t\t\t\tDeutscher Soldatenfriedhof\n\t\t\t\t<\/dd><\/dl>\n\t\t\t<br style='clear: both' \/>\n\t\t<\/div>\n\n<p>&nbsp;<\/p>\n","protected":false},"excerpt":{"rendered":"<p>&nbsp; Alt Kairo Deutscher Friedhof gelegen in der Altstadt Kriegstote Gesamt: 361 1. Weltkrieg \u00a0 \u00a0 \u00a0\u00a0 176 Deutsche 2. Weltkrieg \u00a0 \u00a0 \u00a0\u00a0 125 Deutsche (Zivilfriedhof) Aus dem Reisebericht von Hubert M. : &#8222;Anbei einige Fotos vom Besuch des &hellip; <a href=\"http:\/\/www.denkfried.de\/wp\/?page_id=422\">Weiterlesen <span class=\"meta-nav\">&rarr;<\/span><\/a><\/p>\n","protected":false},"author":2,"featured_media":0,"parent":153,"menu_order":0,"comment_status":"open","ping_status":"open","template":"","meta":{"footnotes":""},"class_list":["post-422","page","type-page","status-publish","hentry"],"_links":{"self":[{"href":"http:\/\/www.denkfried.de\/wp\/index.php?rest_route=\/wp\/v2\/pages\/422","targetHints":{"allow":["GET"]}}],"collection":[{"href":"http:\/\/www.denkfried.de\/wp\/index.php?rest_route=\/wp\/v2\/pages"}],"about":[{"href":"http:\/\/www.denkfried.de\/wp\/index.php?rest_route=\/wp\/v2\/types\/page"}],"author":[{"embeddable":true,"href":"http:\/\/www.denkfried.de\/wp\/index.php?rest_route=\/wp\/v2\/users\/2"}],"replies":[{"embeddable":true,"href":"http:\/\/www.denkfried.de\/wp\/index.php?rest_route=%2Fwp%2Fv2%2Fcomments&post=422"}],"version-history":[{"count":52,"href":"http:\/\/www.denkfried.de\/wp\/index.php?rest_route=\/wp\/v2\/pages\/422\/revisions"}],"predecessor-version":[{"id":32846,"href":"http:\/\/www.denkfried.de\/wp\/index.php?rest_route=\/wp\/v2\/pages\/422\/revisions\/32846"}],"up":[{"embeddable":true,"href":"http:\/\/www.denkfried.de\/wp\/index.php?rest_route=\/wp\/v2\/pages\/153"}],"wp:attachment":[{"href":"http:\/\/www.denkfried.de\/wp\/index.php?rest_route=%2Fwp%2Fv2%2Fmedia&parent=422"}],"curies":[{"name":"wp","href":"https:\/\/api.w.org\/{rel}","templated":true}]}}