{"id":42080,"date":"2023-03-21T16:46:41","date_gmt":"2023-03-21T15:46:41","guid":{"rendered":"http:\/\/www.denkfried.de\/wp\/?page_id=42080"},"modified":"2023-03-21T16:46:41","modified_gmt":"2023-03-21T15:46:41","slug":"biere-boerdeland","status":"publish","type":"page","link":"http:\/\/www.denkfried.de\/wp\/?page_id=42080","title":{"rendered":"&#8211; Biere (B\u00f6rdeland)"},"content":{"rendered":"<h2><span style=\"text-decoration: underline;\"><strong>39221 Biere<\/strong><\/span><\/h2>\n<p>Biere ist ein Ortsteil und Sitz der Gemeindeverwaltung der Gemeinde B\u00f6rdeland im Salzlandkreis in Sachsen-Anhalt.<\/p>\n<p>Friedhof Biere ist liegt nahe bei der Sankt-Andreas-Kirche an der Kirchhofstra\u00dfe.<\/p>\n<p style=\"text-align: justify;\">Auf dem Gemeindefriedhof in Biere wurden nach den schweren K\u00e4mpfen um den Br\u00fcckenkopf Barby und den K\u00e4mpfen bei Walternienburg die gefallenen Deutschen durch die Amerikaner beigesetzt.<\/p>\n<p style=\"text-align: justify;\">Weiterhin sind auf einem gesonderten Feld \u00a0\u00a0 6 namentlich erw\u00e4hnte Fremdarbeiter \u00a0 und 6 Unbekannte aus einem in Biere befreiten Todesmarsch von Kz-H\u00e4ftlingen beigesetzt worden.<\/p>\n<p>(Text v.Norbert Kraft)<\/p>\n","protected":false},"excerpt":{"rendered":"<p>39221 Biere Biere ist ein Ortsteil und Sitz der Gemeindeverwaltung der Gemeinde B\u00f6rdeland im Salzlandkreis in Sachsen-Anhalt. Friedhof Biere ist liegt nahe bei der Sankt-Andreas-Kirche an der Kirchhofstra\u00dfe. Auf dem Gemeindefriedhof in Biere wurden nach den schweren K\u00e4mpfen um den &hellip; <a href=\"http:\/\/www.denkfried.de\/wp\/?page_id=42080\">Weiterlesen <span class=\"meta-nav\">&rarr;<\/span><\/a><\/p>\n","protected":false},"author":2,"featured_media":0,"parent":6026,"menu_order":0,"comment_status":"closed","ping_status":"closed","template":"","meta":{"footnotes":""},"class_list":["post-42080","page","type-page","status-publish","hentry"],"_links":{"self":[{"href":"http:\/\/www.denkfried.de\/wp\/index.php?rest_route=\/wp\/v2\/pages\/42080","targetHints":{"allow":["GET"]}}],"collection":[{"href":"http:\/\/www.denkfried.de\/wp\/index.php?rest_route=\/wp\/v2\/pages"}],"about":[{"href":"http:\/\/www.denkfried.de\/wp\/index.php?rest_route=\/wp\/v2\/types\/page"}],"author":[{"embeddable":true,"href":"http:\/\/www.denkfried.de\/wp\/index.php?rest_route=\/wp\/v2\/users\/2"}],"replies":[{"embeddable":true,"href":"http:\/\/www.denkfried.de\/wp\/index.php?rest_route=%2Fwp%2Fv2%2Fcomments&post=42080"}],"version-history":[{"count":3,"href":"http:\/\/www.denkfried.de\/wp\/index.php?rest_route=\/wp\/v2\/pages\/42080\/revisions"}],"predecessor-version":[{"id":42083,"href":"http:\/\/www.denkfried.de\/wp\/index.php?rest_route=\/wp\/v2\/pages\/42080\/revisions\/42083"}],"up":[{"embeddable":true,"href":"http:\/\/www.denkfried.de\/wp\/index.php?rest_route=\/wp\/v2\/pages\/6026"}],"wp:attachment":[{"href":"http:\/\/www.denkfried.de\/wp\/index.php?rest_route=%2Fwp%2Fv2%2Fmedia&parent=42080"}],"curies":[{"name":"wp","href":"https:\/\/api.w.org\/{rel}","templated":true}]}}