{"id":4198,"date":"2011-04-23T23:25:29","date_gmt":"2011-04-23T21:25:29","guid":{"rendered":"http:\/\/www.denkfried.de\/wp\/?page_id=4198"},"modified":"2011-04-23T23:25:29","modified_gmt":"2011-04-23T21:25:29","slug":"lubeck-sandberg","status":"publish","type":"page","link":"http:\/\/www.denkfried.de\/wp\/?page_id=4198","title":{"rendered":"L\u00fcbeck-Sandberg"},"content":{"rendered":"<p>&nbsp;<\/p>\n<p><span style=\"text-decoration: underline; color: #ff0000;\"><strong>23568 L\u00fcbeck<\/strong><\/span><\/p>\n<p><strong>Kriegsgr\u00e4berst\u00e4tte<\/strong> &#8211; \u00a0 \u00a0Sandberg<\/p>\n<p>L\u00fcbecker Ehrenfriedhof &#8211; Ort der Gefallenen &#8211; 1.817 Kriegstote<\/p>\n","protected":false},"excerpt":{"rendered":"<p>&nbsp; 23568 L\u00fcbeck Kriegsgr\u00e4berst\u00e4tte &#8211; \u00a0 \u00a0Sandberg L\u00fcbecker Ehrenfriedhof &#8211; Ort der Gefallenen &#8211; 1.817 Kriegstote<\/p>\n","protected":false},"author":2,"featured_media":0,"parent":4173,"menu_order":0,"comment_status":"closed","ping_status":"open","template":"","meta":{"footnotes":""},"class_list":["post-4198","page","type-page","status-publish","hentry"],"_links":{"self":[{"href":"http:\/\/www.denkfried.de\/wp\/index.php?rest_route=\/wp\/v2\/pages\/4198","targetHints":{"allow":["GET"]}}],"collection":[{"href":"http:\/\/www.denkfried.de\/wp\/index.php?rest_route=\/wp\/v2\/pages"}],"about":[{"href":"http:\/\/www.denkfried.de\/wp\/index.php?rest_route=\/wp\/v2\/types\/page"}],"author":[{"embeddable":true,"href":"http:\/\/www.denkfried.de\/wp\/index.php?rest_route=\/wp\/v2\/users\/2"}],"replies":[{"embeddable":true,"href":"http:\/\/www.denkfried.de\/wp\/index.php?rest_route=%2Fwp%2Fv2%2Fcomments&post=4198"}],"version-history":[{"count":3,"href":"http:\/\/www.denkfried.de\/wp\/index.php?rest_route=\/wp\/v2\/pages\/4198\/revisions"}],"predecessor-version":[{"id":4201,"href":"http:\/\/www.denkfried.de\/wp\/index.php?rest_route=\/wp\/v2\/pages\/4198\/revisions\/4201"}],"up":[{"embeddable":true,"href":"http:\/\/www.denkfried.de\/wp\/index.php?rest_route=\/wp\/v2\/pages\/4173"}],"wp:attachment":[{"href":"http:\/\/www.denkfried.de\/wp\/index.php?rest_route=%2Fwp%2Fv2%2Fmedia&parent=4198"}],"curies":[{"name":"wp","href":"https:\/\/api.w.org\/{rel}","templated":true}]}}