{"id":41785,"date":"2020-01-04T21:44:26","date_gmt":"2020-01-04T20:44:26","guid":{"rendered":"http:\/\/www.denkfried.de\/wp\/?page_id=41785"},"modified":"2020-01-04T21:52:20","modified_gmt":"2020-01-04T20:52:20","slug":"ot-nesenitz","status":"publish","type":"page","link":"http:\/\/www.denkfried.de\/wp\/?page_id=41785","title":{"rendered":"&#8211; OT Nesenitz"},"content":{"rendered":"<p>38486 Kl\u00f6tze &#8211; <strong>Nesenitz<\/strong><\/p>\n<p>Gedenktafeln f\u00fcr die Gefallenen und Vermi\u00dften des 2.WK in der Kirche sowie eine private Gedenktafel auf dem Friedhof.<\/p>\n<p>Aufnahmen sind vom 24.06.2012<\/p>\n<div id='gallery-1' class='gallery galleryid-41785 gallery-columns-3 gallery-size-thumbnail'><dl class='gallery-item'>\n\t\t\t<dt class='gallery-icon landscape'>\n\t\t\t\t<a href='http:\/\/www.denkfried.de\/wp\/?attachment_id=41789'><img loading=\"lazy\" decoding=\"async\" width=\"150\" height=\"150\" src=\"http:\/\/www.denkfried.de\/wp\/wp-content\/uploads\/2020\/01\/Nesenitz_Kirche-AK-24.06.2012-2-150x150.jpg\" class=\"attachment-thumbnail size-thumbnail\" alt=\"\" \/><\/a>\n\t\t\t<\/dt><\/dl><dl class='gallery-item'>\n\t\t\t<dt class='gallery-icon portrait'>\n\t\t\t\t<a href='http:\/\/www.denkfried.de\/wp\/?attachment_id=41790'><img loading=\"lazy\" decoding=\"async\" width=\"150\" height=\"150\" src=\"http:\/\/www.denkfried.de\/wp\/wp-content\/uploads\/2020\/01\/Nesenitz_Kirche-AK-24.06.2012--150x150.jpg\" class=\"attachment-thumbnail size-thumbnail\" alt=\"\" \/><\/a>\n\t\t\t<\/dt><\/dl><dl class='gallery-item'>\n\t\t\t<dt class='gallery-icon portrait'>\n\t\t\t\t<a href='http:\/\/www.denkfried.de\/wp\/?attachment_id=41788'><img loading=\"lazy\" decoding=\"async\" width=\"150\" height=\"150\" src=\"http:\/\/www.denkfried.de\/wp\/wp-content\/uploads\/2020\/01\/Nesenitz-Frh.-AK-24.06.2012-150x150.jpg\" class=\"attachment-thumbnail size-thumbnail\" alt=\"\" \/><\/a>\n\t\t\t<\/dt><\/dl><br style=\"clear: both\" \/>\n\t\t<\/div>\n\n","protected":false},"excerpt":{"rendered":"<p>38486 Kl\u00f6tze &#8211; Nesenitz Gedenktafeln f\u00fcr die Gefallenen und Vermi\u00dften des 2.WK in der Kirche sowie eine private Gedenktafel auf dem Friedhof. Aufnahmen sind vom 24.06.2012<\/p>\n","protected":false},"author":2,"featured_media":0,"parent":31008,"menu_order":0,"comment_status":"closed","ping_status":"closed","template":"","meta":{"footnotes":""},"class_list":["post-41785","page","type-page","status-publish","hentry"],"_links":{"self":[{"href":"http:\/\/www.denkfried.de\/wp\/index.php?rest_route=\/wp\/v2\/pages\/41785","targetHints":{"allow":["GET"]}}],"collection":[{"href":"http:\/\/www.denkfried.de\/wp\/index.php?rest_route=\/wp\/v2\/pages"}],"about":[{"href":"http:\/\/www.denkfried.de\/wp\/index.php?rest_route=\/wp\/v2\/types\/page"}],"author":[{"embeddable":true,"href":"http:\/\/www.denkfried.de\/wp\/index.php?rest_route=\/wp\/v2\/users\/2"}],"replies":[{"embeddable":true,"href":"http:\/\/www.denkfried.de\/wp\/index.php?rest_route=%2Fwp%2Fv2%2Fcomments&post=41785"}],"version-history":[{"count":4,"href":"http:\/\/www.denkfried.de\/wp\/index.php?rest_route=\/wp\/v2\/pages\/41785\/revisions"}],"predecessor-version":[{"id":41792,"href":"http:\/\/www.denkfried.de\/wp\/index.php?rest_route=\/wp\/v2\/pages\/41785\/revisions\/41792"}],"up":[{"embeddable":true,"href":"http:\/\/www.denkfried.de\/wp\/index.php?rest_route=\/wp\/v2\/pages\/31008"}],"wp:attachment":[{"href":"http:\/\/www.denkfried.de\/wp\/index.php?rest_route=%2Fwp%2Fv2%2Fmedia&parent=41785"}],"curies":[{"name":"wp","href":"https:\/\/api.w.org\/{rel}","templated":true}]}}