{"id":4176,"date":"2011-04-23T23:19:06","date_gmt":"2011-04-23T21:19:06","guid":{"rendered":"http:\/\/www.denkfried.de\/wp\/?page_id=4176"},"modified":"2011-04-23T23:19:22","modified_gmt":"2011-04-23T21:19:22","slug":"lubeck-travemunder-allee","status":"publish","type":"page","link":"http:\/\/www.denkfried.de\/wp\/?page_id=4176","title":{"rendered":"L\u00fcbeck-Travem\u00fcnder Allee"},"content":{"rendered":"<p>&nbsp;<\/p>\n<p><strong>Kriegsgr\u00e4berst\u00e4tte<\/strong><\/p>\n<p>Ehrenfriedhof f\u00fcr Bombenopfer &#8211; Travem\u00fcnder Allee<\/p>\n<p>+++++++++++++++++++++++++++++++++++++++++++++++++<\/p>\n<p>Aus dem Reisebericht von Hubert M. :<\/p>\n<p>Wir sind am 13.2.2010 in L\u00fcbeck auf dem Soldatenfriedhof an der  Travem\u00fcnder Allee mit der Nr.8 angekommen. Nach kurzem fragen haben wir  das Gr\u00e4berfeld gefunden, denn wir vermuteten die Kriegstoten auf dem  Zivilfriedhof der auch an der Allee angelegt wurde. Das Gr\u00e4berfeld liegt  gegen\u00fcber des Zivilfriedhofs nur durch die Travem\u00fcnder Allee getrennt.  Auf dem zugeschneitem Gr\u00e4berfeld f\u00fcr die Toten des Zweiten Weltkriegs  sind die mit Holzkreuzen gekennzeichneten Gr\u00e4ber in einem Rundell  angelegt, umgeben\u00a0 aus der Kriegszeit angelegten Baumbestand. Wir sind  hier durch ca.30 cm Schnee gestampft um an die Kreuzreihen zu kommen. An  einem H\u00fcgelkamm hinter den Grabkreuzen sind Gedenksteine f\u00fcr die  gefallenen Soldaten, die in L\u00fcbeck den Vereinigungen der Wirte und  Kellner angeh\u00f6rten und im 1.W.K. und im 2.W.K. aufgestellt.<br \/>\nIm  hinteren Teil des Gr\u00e4berfeldes sind die Gr\u00e4ber der Gefallenen aus dem  1.W.K. und der durch die Bombenangriffe auf L\u00fcbeck Umgekommenen in  lockeren Reihen angelegt.\u00a0 Zwischen Grabkreuzen sind auch Totenbretter  als Kenntlichmachung der Grablagen aufgestellt. Als Zeichen f\u00fcr die  Leiden der zivilen Bev\u00f6lkerung, besonders der Frauen und Kinder im  Kriege, wurde das Denkmal &#8222;Die Trauernde&#8220; aufgestellt.<br \/>\n527 Gefallene aus dem 1.W.K. und 1291 aus dem 2.W.K. sind auf diesem gemeinsamen Gr\u00e4berfeld zur Ruhe gebettet.<\/p>\n<div id='gallery-1' class='gallery galleryid-4176 gallery-columns-4 gallery-size-thumbnail'><dl class='gallery-item'>\n\t\t\t<dt class='gallery-icon landscape'>\n\t\t\t\t<a href='http:\/\/www.denkfried.de\/wp\/?attachment_id=4177'><img loading=\"lazy\" decoding=\"async\" width=\"150\" height=\"150\" src=\"http:\/\/www.denkfried.de\/wp\/wp-content\/uploads\/2011\/04\/Soldatenfriedhof-L\u00fcbeck-04-150x150.jpg\" class=\"attachment-thumbnail size-thumbnail\" alt=\"\" \/><\/a>\n\t\t\t<\/dt><\/dl><dl class='gallery-item'>\n\t\t\t<dt class='gallery-icon landscape'>\n\t\t\t\t<a href='http:\/\/www.denkfried.de\/wp\/?attachment_id=4178'><img loading=\"lazy\" decoding=\"async\" width=\"150\" height=\"150\" src=\"http:\/\/www.denkfried.de\/wp\/wp-content\/uploads\/2011\/04\/Soldatenfriedhof-L\u00fcbeck-09-150x150.jpg\" class=\"attachment-thumbnail size-thumbnail\" alt=\"\" \/><\/a>\n\t\t\t<\/dt><\/dl><dl class='gallery-item'>\n\t\t\t<dt class='gallery-icon portrait'>\n\t\t\t\t<a href='http:\/\/www.denkfried.de\/wp\/?attachment_id=4179'><img loading=\"lazy\" decoding=\"async\" width=\"150\" height=\"150\" src=\"http:\/\/www.denkfried.de\/wp\/wp-content\/uploads\/2011\/04\/Soldatenfriedhof-L\u00fcbeck-Gedenkstein-Kellner-07-150x150.jpg\" class=\"attachment-thumbnail size-thumbnail\" alt=\"\" \/><\/a>\n\t\t\t<\/dt><\/dl><dl class='gallery-item'>\n\t\t\t<dt class='gallery-icon landscape'>\n\t\t\t\t<a href='http:\/\/www.denkfried.de\/wp\/?attachment_id=4180'><img loading=\"lazy\" decoding=\"async\" width=\"150\" height=\"150\" src=\"http:\/\/www.denkfried.de\/wp\/wp-content\/uploads\/2011\/04\/Soldatenfriedhof-L\u00fcbeck-Gedenkstein-Res.Inf_.Reg_.215-010-150x150.jpg\" class=\"attachment-thumbnail size-thumbnail\" alt=\"\" \/><\/a>\n\t\t\t<\/dt><\/dl><br style=\"clear: both\" \/><dl class='gallery-item'>\n\t\t\t<dt class='gallery-icon landscape'>\n\t\t\t\t<a href='http:\/\/www.denkfried.de\/wp\/?attachment_id=4181'><img loading=\"lazy\" decoding=\"async\" width=\"150\" height=\"150\" src=\"http:\/\/www.denkfried.de\/wp\/wp-content\/uploads\/2011\/04\/Soldatenfriedhof-L\u00fcbeck-Gr\u00e4ber-1.W.K.011-150x150.jpg\" class=\"attachment-thumbnail size-thumbnail\" alt=\"\" \/><\/a>\n\t\t\t<\/dt><\/dl><dl class='gallery-item'>\n\t\t\t<dt class='gallery-icon landscape'>\n\t\t\t\t<a href='http:\/\/www.denkfried.de\/wp\/?attachment_id=4182'><img loading=\"lazy\" decoding=\"async\" width=\"150\" height=\"150\" src=\"http:\/\/www.denkfried.de\/wp\/wp-content\/uploads\/2011\/04\/Soldatenfriedhof-L\u00fcbeck-Gr\u00e4ber-1.W.K.-012-150x150.jpg\" class=\"attachment-thumbnail size-thumbnail\" alt=\"\" \/><\/a>\n\t\t\t<\/dt><\/dl><dl class='gallery-item'>\n\t\t\t<dt class='gallery-icon landscape'>\n\t\t\t\t<a href='http:\/\/www.denkfried.de\/wp\/?attachment_id=4183'><img loading=\"lazy\" decoding=\"async\" width=\"150\" height=\"150\" src=\"http:\/\/www.denkfried.de\/wp\/wp-content\/uploads\/2011\/04\/Soldatenfriedhof-L\u00fcbeck-Gr\u00e4ber-2.W.K.-03-150x150.jpg\" class=\"attachment-thumbnail size-thumbnail\" alt=\"\" \/><\/a>\n\t\t\t<\/dt><\/dl><dl class='gallery-item'>\n\t\t\t<dt class='gallery-icon landscape'>\n\t\t\t\t<a href='http:\/\/www.denkfried.de\/wp\/?attachment_id=4184'><img loading=\"lazy\" decoding=\"async\" width=\"150\" height=\"150\" src=\"http:\/\/www.denkfried.de\/wp\/wp-content\/uploads\/2011\/04\/Soldatenfriedhof-L\u00fcbeck-v.Egidy-05-150x150.jpg\" class=\"attachment-thumbnail size-thumbnail\" alt=\"\" \/><\/a>\n\t\t\t<\/dt><\/dl><br style=\"clear: both\" \/>\n\t\t<\/div>\n\n<p>&nbsp;<\/p>\n","protected":false},"excerpt":{"rendered":"<p>&nbsp; Kriegsgr\u00e4berst\u00e4tte Ehrenfriedhof f\u00fcr Bombenopfer &#8211; Travem\u00fcnder Allee +++++++++++++++++++++++++++++++++++++++++++++++++ Aus dem Reisebericht von Hubert M. : Wir sind am 13.2.2010 in L\u00fcbeck auf dem Soldatenfriedhof an der Travem\u00fcnder Allee mit der Nr.8 angekommen. Nach kurzem fragen haben wir das Gr\u00e4berfeld &hellip; <a href=\"http:\/\/www.denkfried.de\/wp\/?page_id=4176\">Weiterlesen <span class=\"meta-nav\">&rarr;<\/span><\/a><\/p>\n","protected":false},"author":2,"featured_media":0,"parent":4173,"menu_order":0,"comment_status":"closed","ping_status":"open","template":"","meta":{"footnotes":""},"class_list":["post-4176","page","type-page","status-publish","hentry"],"_links":{"self":[{"href":"http:\/\/www.denkfried.de\/wp\/index.php?rest_route=\/wp\/v2\/pages\/4176","targetHints":{"allow":["GET"]}}],"collection":[{"href":"http:\/\/www.denkfried.de\/wp\/index.php?rest_route=\/wp\/v2\/pages"}],"about":[{"href":"http:\/\/www.denkfried.de\/wp\/index.php?rest_route=\/wp\/v2\/types\/page"}],"author":[{"embeddable":true,"href":"http:\/\/www.denkfried.de\/wp\/index.php?rest_route=\/wp\/v2\/users\/2"}],"replies":[{"embeddable":true,"href":"http:\/\/www.denkfried.de\/wp\/index.php?rest_route=%2Fwp%2Fv2%2Fcomments&post=4176"}],"version-history":[{"count":2,"href":"http:\/\/www.denkfried.de\/wp\/index.php?rest_route=\/wp\/v2\/pages\/4176\/revisions"}],"predecessor-version":[{"id":4186,"href":"http:\/\/www.denkfried.de\/wp\/index.php?rest_route=\/wp\/v2\/pages\/4176\/revisions\/4186"}],"up":[{"embeddable":true,"href":"http:\/\/www.denkfried.de\/wp\/index.php?rest_route=\/wp\/v2\/pages\/4173"}],"wp:attachment":[{"href":"http:\/\/www.denkfried.de\/wp\/index.php?rest_route=%2Fwp%2Fv2%2Fmedia&parent=4176"}],"curies":[{"name":"wp","href":"https:\/\/api.w.org\/{rel}","templated":true}]}}