{"id":4170,"date":"2011-04-23T23:08:34","date_gmt":"2011-04-23T21:08:34","guid":{"rendered":"http:\/\/www.denkfried.de\/wp\/?page_id=4170"},"modified":"2017-04-18T17:28:06","modified_gmt":"2017-04-18T15:28:06","slug":"kiel-kronshagen","status":"publish","type":"page","link":"http:\/\/www.denkfried.de\/wp\/?page_id=4170","title":{"rendered":"Kronshagen"},"content":{"rendered":"<p>&nbsp;<\/p>\n<p><span style=\"text-decoration: underline; color: #ff0000;\"><strong>24119 Kronshagen<\/strong><\/span><\/p>\n<p><strong>Kriegsgr\u00e4berst\u00e4tte<\/strong><\/p>\n<p>Kriegstote: 1.418<br \/>\nParkfriedhof &#8222;Eichhof&#8220;, Eichhofstra\u00dfe 56<\/p>\n<p>Besonderheiten:\u00a0 \u00a0 \u00a0 \u00a0 \u00a0 \u00a0 &#8211; Gr\u00e4ber der Revolutionsopfer 1919<br \/>\n&#8211; Ehrenfriedhof 1914\/18<br \/>\n&#8211; Gr\u00e4ber der Kieler Bombenopfer, Opfer der Gewaltherrschaft, Fl\u00fcchtlinge<\/p>\n<p>Ein Denkmal f\u00fcr die 2.835 Opfer der mehr als 90 Luftangriffe auf Kiel sowie der ausl\u00e4ndische Zwangsarbeiter befindet sich im s\u00fcdwestlichen Teil des Friedhofes.\u00a0\u00a0\u00a0\u00a0\u00a0\u00a0\u00a0 Nebenan befindet sich seit 1954 ein Ehrenmal f\u00fcr 172 Sowjetb\u00fcrger, die zwischen 1941 und 1945 in Gefangenschaft ihr Leben lie\u00dfen.<\/p>\n<p>Auf dem Friedhof im Abschnitt 49 wurden von November 1944 bis April 1945 \u00a0\u00a0 358 H\u00e4ftlinge des Arbeitserziehungslagers Nordmark in einem Massengrab bestattet. Nach 1960\u00a0 wurden die Toten exhumiert und soweit m\u00f6glich identifiziert und in ihre Heimatl\u00e4nder \u00fcberf\u00fchrt. Der Gedenkstein f\u00fcr die polnischen Opfer wurde anschlie\u00dfend auf den Ehrenfriedhof in Haffkrug (Tote der Cap Arcona-u.Thielbek-Katastrophe) aufgestellt.<\/p>\n<p>Im Abschnitt 59 befindet sich das Grab des poln.Radsportlers Konstanty Wollbrodt (1904-1945), Teilnehmer der Olymp.Spiele 1936, der im Oktober 1945 an den Folgen der Haft im KZ Sachsenhausen und Neugamme gestorben ist.<\/p>\n<p>&nbsp;<\/p>\n","protected":false},"excerpt":{"rendered":"<p>&nbsp; 24119 Kronshagen Kriegsgr\u00e4berst\u00e4tte Kriegstote: 1.418 Parkfriedhof &#8222;Eichhof&#8220;, Eichhofstra\u00dfe 56 Besonderheiten:\u00a0 \u00a0 \u00a0 \u00a0 \u00a0 \u00a0 &#8211; Gr\u00e4ber der Revolutionsopfer 1919 &#8211; Ehrenfriedhof 1914\/18 &#8211; Gr\u00e4ber der Kieler Bombenopfer, Opfer der Gewaltherrschaft, Fl\u00fcchtlinge Ein Denkmal f\u00fcr die 2.835 Opfer der &hellip; <a href=\"http:\/\/www.denkfried.de\/wp\/?page_id=4170\">Weiterlesen <span class=\"meta-nav\">&rarr;<\/span><\/a><\/p>\n","protected":false},"author":2,"featured_media":0,"parent":4088,"menu_order":0,"comment_status":"closed","ping_status":"open","template":"","meta":{"footnotes":""},"class_list":["post-4170","page","type-page","status-publish","hentry"],"_links":{"self":[{"href":"http:\/\/www.denkfried.de\/wp\/index.php?rest_route=\/wp\/v2\/pages\/4170","targetHints":{"allow":["GET"]}}],"collection":[{"href":"http:\/\/www.denkfried.de\/wp\/index.php?rest_route=\/wp\/v2\/pages"}],"about":[{"href":"http:\/\/www.denkfried.de\/wp\/index.php?rest_route=\/wp\/v2\/types\/page"}],"author":[{"embeddable":true,"href":"http:\/\/www.denkfried.de\/wp\/index.php?rest_route=\/wp\/v2\/users\/2"}],"replies":[{"embeddable":true,"href":"http:\/\/www.denkfried.de\/wp\/index.php?rest_route=%2Fwp%2Fv2%2Fcomments&post=4170"}],"version-history":[{"count":4,"href":"http:\/\/www.denkfried.de\/wp\/index.php?rest_route=\/wp\/v2\/pages\/4170\/revisions"}],"predecessor-version":[{"id":41271,"href":"http:\/\/www.denkfried.de\/wp\/index.php?rest_route=\/wp\/v2\/pages\/4170\/revisions\/41271"}],"up":[{"embeddable":true,"href":"http:\/\/www.denkfried.de\/wp\/index.php?rest_route=\/wp\/v2\/pages\/4088"}],"wp:attachment":[{"href":"http:\/\/www.denkfried.de\/wp\/index.php?rest_route=%2Fwp%2Fv2%2Fmedia&parent=4170"}],"curies":[{"name":"wp","href":"https:\/\/api.w.org\/{rel}","templated":true}]}}