{"id":41532,"date":"2017-11-19T21:31:21","date_gmt":"2017-11-19T20:31:21","guid":{"rendered":"http:\/\/www.denkfried.de\/wp\/?page_id=41532"},"modified":"2017-11-19T21:31:21","modified_gmt":"2017-11-19T20:31:21","slug":"haselbachtal","status":"publish","type":"page","link":"http:\/\/www.denkfried.de\/wp\/?page_id=41532","title":{"rendered":"Haselbachtal"},"content":{"rendered":"<p>01920 Haselbachtal<\/p>\n<p>Verwaltungsgemeinschaft:\u00a0\u00a0 01920 Haselbachtal &#8211; OT Bischeim, Schulstra\u00dfe 7a<\/p>\n<p>Die Gemeinde ist der Zusammenschlu\u00df von den Gemeinden Bischheim, H\u00e4slich, Gersdorf, M\u00f6hrsdorf, Reichenau und Reichenbach.<\/p>\n<p><a title=\"Haselbachtal-Bischheim\" href=\"http:\/\/www.denkfried.de\/wp\/?page_id=6657\">Bischheim<\/a><\/p>\n<p>H\u00e4slich<\/p>\n<p><a title=\"Gersdorf (Haselbachtal)\" href=\"https:\/\/de.wikipedia.org\/wiki\/Gersdorf_(Haselbachtal)\">Gersdorf<\/a><\/p>\n<p>M\u00f6hrsdorf<\/p>\n<p><a title=\"- Reichenau\" href=\"http:\/\/www.denkfried.de\/wp\/?page_id=6611\">Reichenau<\/a><\/p>\n<p><a title=\"Haselbachtal-Reichenbach\" href=\"http:\/\/www.denkfried.de\/wp\/?page_id=6778\">Reichenbach<\/a><\/p>\n<p>Friedh\u00f6fe\u00a0 befinden sich in Reichenbach, Gersdorf, Bischheim<\/p>\n<p>Denkmale findet man in Reichenau, Reichenbach, Bischheim.<\/p>\n","protected":false},"excerpt":{"rendered":"<p>01920 Haselbachtal Verwaltungsgemeinschaft:\u00a0\u00a0 01920 Haselbachtal &#8211; OT Bischeim, Schulstra\u00dfe 7a Die Gemeinde ist der Zusammenschlu\u00df von den Gemeinden Bischheim, H\u00e4slich, Gersdorf, M\u00f6hrsdorf, Reichenau und Reichenbach. Bischheim H\u00e4slich Gersdorf M\u00f6hrsdorf Reichenau Reichenbach Friedh\u00f6fe\u00a0 befinden sich in Reichenbach, Gersdorf, Bischheim Denkmale findet &hellip; <a href=\"http:\/\/www.denkfried.de\/wp\/?page_id=41532\">Weiterlesen <span class=\"meta-nav\">&rarr;<\/span><\/a><\/p>\n","protected":false},"author":2,"featured_media":0,"parent":6233,"menu_order":0,"comment_status":"closed","ping_status":"closed","template":"","meta":{"footnotes":""},"class_list":["post-41532","page","type-page","status-publish","hentry"],"_links":{"self":[{"href":"http:\/\/www.denkfried.de\/wp\/index.php?rest_route=\/wp\/v2\/pages\/41532","targetHints":{"allow":["GET"]}}],"collection":[{"href":"http:\/\/www.denkfried.de\/wp\/index.php?rest_route=\/wp\/v2\/pages"}],"about":[{"href":"http:\/\/www.denkfried.de\/wp\/index.php?rest_route=\/wp\/v2\/types\/page"}],"author":[{"embeddable":true,"href":"http:\/\/www.denkfried.de\/wp\/index.php?rest_route=\/wp\/v2\/users\/2"}],"replies":[{"embeddable":true,"href":"http:\/\/www.denkfried.de\/wp\/index.php?rest_route=%2Fwp%2Fv2%2Fcomments&post=41532"}],"version-history":[{"count":1,"href":"http:\/\/www.denkfried.de\/wp\/index.php?rest_route=\/wp\/v2\/pages\/41532\/revisions"}],"predecessor-version":[{"id":41533,"href":"http:\/\/www.denkfried.de\/wp\/index.php?rest_route=\/wp\/v2\/pages\/41532\/revisions\/41533"}],"up":[{"embeddable":true,"href":"http:\/\/www.denkfried.de\/wp\/index.php?rest_route=\/wp\/v2\/pages\/6233"}],"wp:attachment":[{"href":"http:\/\/www.denkfried.de\/wp\/index.php?rest_route=%2Fwp%2Fv2%2Fmedia&parent=41532"}],"curies":[{"name":"wp","href":"https:\/\/api.w.org\/{rel}","templated":true}]}}