{"id":4128,"date":"2011-04-23T22:31:05","date_gmt":"2011-04-23T20:31:05","guid":{"rendered":"http:\/\/www.denkfried.de\/wp\/?page_id=4128"},"modified":"2011-04-23T22:31:05","modified_gmt":"2011-04-23T20:31:05","slug":"kaltenkirchen","status":"publish","type":"page","link":"http:\/\/www.denkfried.de\/wp\/?page_id=4128","title":{"rendered":"Kaltenkirchen"},"content":{"rendered":"<p>&nbsp;<\/p>\n<p><span style=\"text-decoration: underline; color: #ff0000;\"><strong>24568 Kaltenkirchen<\/strong><\/span><\/p>\n<p><strong>Kriegsgr\u00e4berst\u00e4tte<\/strong><\/p>\n<p>KZ-Neuengamme &#8211; Au\u00dfenkommando Kaltenkirchen \u00a008.1944 bis 04.1945<br \/>\nDas  Lager war durchschnittlich mit 500 H\u00e4ftlingen belegt, russische  Kriegsgefangene, Franzosen, Polen, Holl\u00e4nder, Jugoslawen, Belgier,  Italiener, Spanier, Lette, Marokkaner, Algerien, Deutsche.<br \/>\nDie Anzahl der Toten kann nur gesch\u00e4tzt werden, sie werden zwischen 500 und 750 beziffert.<br \/>\n1951  wurden Einzelgrablagen festgestellt und 65 Franzosen identifiziert. In  zwei Massengr\u00e4bern liegen ca.300 bis 400 sowjetische Kriegsgefangene.<\/p>\n<p>Gr\u00e4berst\u00e4tte Moorkaten<\/p>\n<p>Gedenkst\u00e4tte\/Gr\u00e4berst\u00e4tte Moorkaten liegt an der L210<\/p>\n<p>Umfangreiche Informationen unter\u00a0 http:\/\/www.kz-kaltenkirchen.de<\/p>\n<p>&nbsp;<\/p>\n","protected":false},"excerpt":{"rendered":"<p>&nbsp; 24568 Kaltenkirchen Kriegsgr\u00e4berst\u00e4tte KZ-Neuengamme &#8211; Au\u00dfenkommando Kaltenkirchen \u00a008.1944 bis 04.1945 Das Lager war durchschnittlich mit 500 H\u00e4ftlingen belegt, russische Kriegsgefangene, Franzosen, Polen, Holl\u00e4nder, Jugoslawen, Belgier, Italiener, Spanier, Lette, Marokkaner, Algerien, Deutsche. Die Anzahl der Toten kann nur gesch\u00e4tzt werden, &hellip; <a href=\"http:\/\/www.denkfried.de\/wp\/?page_id=4128\">Weiterlesen <span class=\"meta-nav\">&rarr;<\/span><\/a><\/p>\n","protected":false},"author":2,"featured_media":0,"parent":4125,"menu_order":0,"comment_status":"closed","ping_status":"open","template":"","meta":{"footnotes":""},"class_list":["post-4128","page","type-page","status-publish","hentry"],"_links":{"self":[{"href":"http:\/\/www.denkfried.de\/wp\/index.php?rest_route=\/wp\/v2\/pages\/4128","targetHints":{"allow":["GET"]}}],"collection":[{"href":"http:\/\/www.denkfried.de\/wp\/index.php?rest_route=\/wp\/v2\/pages"}],"about":[{"href":"http:\/\/www.denkfried.de\/wp\/index.php?rest_route=\/wp\/v2\/types\/page"}],"author":[{"embeddable":true,"href":"http:\/\/www.denkfried.de\/wp\/index.php?rest_route=\/wp\/v2\/users\/2"}],"replies":[{"embeddable":true,"href":"http:\/\/www.denkfried.de\/wp\/index.php?rest_route=%2Fwp%2Fv2%2Fcomments&post=4128"}],"version-history":[{"count":3,"href":"http:\/\/www.denkfried.de\/wp\/index.php?rest_route=\/wp\/v2\/pages\/4128\/revisions"}],"predecessor-version":[{"id":4131,"href":"http:\/\/www.denkfried.de\/wp\/index.php?rest_route=\/wp\/v2\/pages\/4128\/revisions\/4131"}],"up":[{"embeddable":true,"href":"http:\/\/www.denkfried.de\/wp\/index.php?rest_route=\/wp\/v2\/pages\/4125"}],"wp:attachment":[{"href":"http:\/\/www.denkfried.de\/wp\/index.php?rest_route=%2Fwp%2Fv2%2Fmedia&parent=4128"}],"curies":[{"name":"wp","href":"https:\/\/api.w.org\/{rel}","templated":true}]}}