{"id":4114,"date":"2011-04-23T22:26:00","date_gmt":"2011-04-23T20:26:00","guid":{"rendered":"http:\/\/www.denkfried.de\/wp\/?page_id=4114"},"modified":"2011-04-25T19:02:36","modified_gmt":"2011-04-25T17:02:36","slug":"schleswig","status":"publish","type":"page","link":"http:\/\/www.denkfried.de\/wp\/?page_id=4114","title":{"rendered":"Schleswig"},"content":{"rendered":"<p>&nbsp;<\/p>\n<p><span style=\"text-decoration: underline; color: #ff0000;\"><strong>24837 Schleswig<\/strong><\/span><\/p>\n<p><span style=\"color: #000000;\">Im Gebiet von Schleswig befinden sich <\/span><\/p>\n<p><span style=\"color: #000000;\">5 Kriegsgr\u00e4berst\u00e4tten mit 740 Toten<\/span><\/p>\n<p>&nbsp;<\/p>\n<p><span style=\"color: #000000;\">++++++++++++++++++++++++++++++++++++++++++++<br \/>\n<\/span><\/p>\n<p>Aus dem Reisebericht von Hubert M. :<br \/>\nWir  besuchen nun den alten Garnisonsfriedhof in Schleswig.Der  Garnisonsfriedhof liegt direkt an der Hauptstra\u00dfe Stadtausw\u00e4rts in  \u00f6stlicher Richtung.<br \/>\nDas Gr\u00e4berfeld wurde bereits in den anf\u00e4ngen des  Ersten Weltkriegs f\u00fcr verstorbene angelegt.Auch Russen und Letten der  beiden Weltkriege sind in einer seperaten Abteilung bestattet.Da auf dem  Gr\u00e4berfeld der Schnee recht hoch lag war es nicht leicht unter dem  dichten Schnee das Grab vom Schindler zu finden.Nach langem suchen haben  wir es doch noch gefunden.<br \/>\n740 gefallene aus den beiden Weltkriegen  die ihre Heimat in Deutschland,Russland und Lettland hatten sind hier  gemeinsam zur Ruhe gebettet.<\/p>\n<div id='gallery-1' class='gallery galleryid-4114 gallery-columns-4 gallery-size-thumbnail'><dl class='gallery-item'>\n\t\t\t<dt class='gallery-icon landscape'>\n\t\t\t\t<a href='http:\/\/www.denkfried.de\/wp\/?attachment_id=4116'><img loading=\"lazy\" decoding=\"async\" width=\"150\" height=\"150\" src=\"http:\/\/www.denkfried.de\/wp\/wp-content\/uploads\/2011\/04\/Schleswig-Garnisonsfriedhof-1.W.K.deutsch-01-150x150.jpg\" class=\"attachment-thumbnail size-thumbnail\" alt=\"\" \/><\/a>\n\t\t\t<\/dt><\/dl><dl class='gallery-item'>\n\t\t\t<dt class='gallery-icon portrait'>\n\t\t\t\t<a href='http:\/\/www.denkfried.de\/wp\/?attachment_id=4117'><img loading=\"lazy\" decoding=\"async\" width=\"150\" height=\"150\" src=\"http:\/\/www.denkfried.de\/wp\/wp-content\/uploads\/2011\/04\/Schleswig-Garnisonsfriedhof-02-150x150.jpg\" class=\"attachment-thumbnail size-thumbnail\" alt=\"\" \/><\/a>\n\t\t\t<\/dt><\/dl><dl class='gallery-item'>\n\t\t\t<dt class='gallery-icon landscape'>\n\t\t\t\t<a href='http:\/\/www.denkfried.de\/wp\/?attachment_id=4122'><img loading=\"lazy\" decoding=\"async\" width=\"150\" height=\"150\" src=\"http:\/\/www.denkfried.de\/wp\/wp-content\/uploads\/2011\/04\/Schleswig-Garnisonsfriedhof-Letten-2.W.K.08-150x150.jpg\" class=\"attachment-thumbnail size-thumbnail\" alt=\"\" \/><\/a>\n\t\t\t<\/dt><\/dl><dl class='gallery-item'>\n\t\t\t<dt class='gallery-icon landscape'>\n\t\t\t\t<a href='http:\/\/www.denkfried.de\/wp\/?attachment_id=4121'><img loading=\"lazy\" decoding=\"async\" width=\"150\" height=\"150\" src=\"http:\/\/www.denkfried.de\/wp\/wp-content\/uploads\/2011\/04\/Schleswig-Garnisonsfriedhof-Gr\u00e4berfeld-russ.1.W.K.-05-150x150.jpg\" class=\"attachment-thumbnail size-thumbnail\" alt=\"\" \/><\/a>\n\t\t\t<\/dt><\/dl><br style=\"clear: both\" \/><dl class='gallery-item'>\n\t\t\t<dt class='gallery-icon landscape'>\n\t\t\t\t<a href='http:\/\/www.denkfried.de\/wp\/?attachment_id=4120'><img loading=\"lazy\" decoding=\"async\" width=\"150\" height=\"150\" src=\"http:\/\/www.denkfried.de\/wp\/wp-content\/uploads\/2011\/04\/Schleswig-Garnisonsfriedhof-Gr\u00e4berfeld-1.W.K.deutsch-03-150x150.jpg\" class=\"attachment-thumbnail size-thumbnail\" alt=\"\" \/><\/a>\n\t\t\t<\/dt><\/dl><dl class='gallery-item'>\n\t\t\t<dt class='gallery-icon landscape'>\n\t\t\t\t<a href='http:\/\/www.denkfried.de\/wp\/?attachment_id=4119'><img loading=\"lazy\" decoding=\"async\" width=\"150\" height=\"150\" src=\"http:\/\/www.denkfried.de\/wp\/wp-content\/uploads\/2011\/04\/Schleswig-Garnisonsfriedhof-Gedenkstein-06-150x150.jpg\" class=\"attachment-thumbnail size-thumbnail\" alt=\"\" \/><\/a>\n\t\t\t<\/dt><\/dl><dl class='gallery-item'>\n\t\t\t<dt class='gallery-icon landscape'>\n\t\t\t\t<a href='http:\/\/www.denkfried.de\/wp\/?attachment_id=4118'><img loading=\"lazy\" decoding=\"async\" width=\"150\" height=\"150\" src=\"http:\/\/www.denkfried.de\/wp\/wp-content\/uploads\/2011\/04\/Schleswig-Garnisonsfriedhof-04-150x150.jpg\" class=\"attachment-thumbnail size-thumbnail\" alt=\"\" \/><\/a>\n\t\t\t<\/dt><\/dl><dl class='gallery-item'>\n\t\t\t<dt class='gallery-icon landscape'>\n\t\t\t\t<a href='http:\/\/www.denkfried.de\/wp\/?attachment_id=4115'><img loading=\"lazy\" decoding=\"async\" width=\"150\" height=\"150\" src=\"http:\/\/www.denkfried.de\/wp\/wp-content\/uploads\/2011\/04\/Schleswig-Garnisonsfriedhof-Schindler-07-150x150.jpg\" class=\"attachment-thumbnail size-thumbnail\" alt=\"\" \/><\/a>\n\t\t\t<\/dt><\/dl><br style=\"clear: both\" \/>\n\t\t<\/div>\n\n","protected":false},"excerpt":{"rendered":"<p>&nbsp; 24837 Schleswig Im Gebiet von Schleswig befinden sich 5 Kriegsgr\u00e4berst\u00e4tten mit 740 Toten &nbsp; ++++++++++++++++++++++++++++++++++++++++++++ Aus dem Reisebericht von Hubert M. : Wir besuchen nun den alten Garnisonsfriedhof in Schleswig.Der Garnisonsfriedhof liegt direkt an der Hauptstra\u00dfe Stadtausw\u00e4rts in \u00f6stlicher &hellip; <a href=\"http:\/\/www.denkfried.de\/wp\/?page_id=4114\">Weiterlesen <span class=\"meta-nav\">&rarr;<\/span><\/a><\/p>\n","protected":false},"author":2,"featured_media":0,"parent":4091,"menu_order":0,"comment_status":"closed","ping_status":"open","template":"","meta":{"footnotes":""},"class_list":["post-4114","page","type-page","status-publish","hentry"],"_links":{"self":[{"href":"http:\/\/www.denkfried.de\/wp\/index.php?rest_route=\/wp\/v2\/pages\/4114","targetHints":{"allow":["GET"]}}],"collection":[{"href":"http:\/\/www.denkfried.de\/wp\/index.php?rest_route=\/wp\/v2\/pages"}],"about":[{"href":"http:\/\/www.denkfried.de\/wp\/index.php?rest_route=\/wp\/v2\/types\/page"}],"author":[{"embeddable":true,"href":"http:\/\/www.denkfried.de\/wp\/index.php?rest_route=\/wp\/v2\/users\/2"}],"replies":[{"embeddable":true,"href":"http:\/\/www.denkfried.de\/wp\/index.php?rest_route=%2Fwp%2Fv2%2Fcomments&post=4114"}],"version-history":[{"count":4,"href":"http:\/\/www.denkfried.de\/wp\/index.php?rest_route=\/wp\/v2\/pages\/4114\/revisions"}],"predecessor-version":[{"id":4469,"href":"http:\/\/www.denkfried.de\/wp\/index.php?rest_route=\/wp\/v2\/pages\/4114\/revisions\/4469"}],"up":[{"embeddable":true,"href":"http:\/\/www.denkfried.de\/wp\/index.php?rest_route=\/wp\/v2\/pages\/4091"}],"wp:attachment":[{"href":"http:\/\/www.denkfried.de\/wp\/index.php?rest_route=%2Fwp%2Fv2%2Fmedia&parent=4114"}],"curies":[{"name":"wp","href":"https:\/\/api.w.org\/{rel}","templated":true}]}}