{"id":41024,"date":"2016-11-27T12:37:50","date_gmt":"2016-11-27T11:37:50","guid":{"rendered":"http:\/\/www.denkfried.de\/wp\/?page_id=41024"},"modified":"2016-11-27T12:46:39","modified_gmt":"2016-11-27T11:46:39","slug":"06110-halle-suedfriedhof-huttenstrasse","status":"publish","type":"page","link":"http:\/\/www.denkfried.de\/wp\/?page_id=41024","title":{"rendered":"06110 Halle , S\u00fcdfriedhof, Huttenstrasse"},"content":{"rendered":"<p>&nbsp;<\/p>\n<p><span style=\"text-decoration: underline;\">06110 Halle, S\u00fcdfriedhof<\/span><\/p>\n<p>&nbsp;<\/p>\n<p>Auf dem S\u00fcdfriedhof in Halle an der Huttenstrasse findet sich ein weitl\u00e4ufiges Gr\u00e4berfeld f\u00fcr gefallene Sowjetsoldaten des Zweiten Weltkriegs. Rote Marmorsteine kennzeichnen die Einzelgr\u00e4ber. Einige sind als Grabsteine angelegt, der Grossteil von ihnen verf\u00fcgt \u00fcber Gr\u00e4berplatten. Ein Held der Sowjetunion , Gardesoldat Alexander Matrossow,wurde hier auch beigesetzt.<\/p>\n<p>Koordinaten : N51\u00b027.76\u00a0 O11\u00b058.62<\/p>\n<p>Bilder vom 01.02.2014<\/p>\n<p>&nbsp;<\/p>\n<p>Gr\u00fc\u00dfe Hubert<\/p>\n<p><a href=\"http:\/\/www.denkfried.de\/wp\/wp-content\/uploads\/2016\/11\/KGSt.russ_.Halle-Huttenstr.Held-der-Sowj.2.W.K.-01.02-2.jpg\"><img loading=\"lazy\" decoding=\"async\" class=\"alignleft size-thumbnail wp-image-41026\" src=\"http:\/\/www.denkfried.de\/wp\/wp-content\/uploads\/2016\/11\/KGSt.russ_.Halle-Huttenstr.Held-der-Sowj.2.W.K.-01.02-2-150x150.jpg\" alt=\"kgst-russ-halle-huttenstr-held-der-sowj-2-w-k-01-02-2\" width=\"150\" height=\"150\" \/><\/a> <a href=\"http:\/\/www.denkfried.de\/wp\/wp-content\/uploads\/2016\/11\/KGSt.russ_.Halle-Huttenstr.Held-der-Sowj.2.W.K.-01.02-3.jpg\"><img loading=\"lazy\" decoding=\"async\" class=\"alignleft size-thumbnail wp-image-41027\" src=\"http:\/\/www.denkfried.de\/wp\/wp-content\/uploads\/2016\/11\/KGSt.russ_.Halle-Huttenstr.Held-der-Sowj.2.W.K.-01.02-3-150x150.jpg\" alt=\"kgst-russ-halle-huttenstr-held-der-sowj-2-w-k-01-02-3\" width=\"150\" height=\"150\" \/><\/a> <a href=\"http:\/\/www.denkfried.de\/wp\/wp-content\/uploads\/2016\/11\/KGSt.russ_.Halle-Huttenstr.Held-der-Sowj.2.W.K.-01.02-4.jpg\"><img loading=\"lazy\" decoding=\"async\" class=\"alignleft size-thumbnail wp-image-41028\" src=\"http:\/\/www.denkfried.de\/wp\/wp-content\/uploads\/2016\/11\/KGSt.russ_.Halle-Huttenstr.Held-der-Sowj.2.W.K.-01.02-4-150x150.jpg\" alt=\"kgst-russ-halle-huttenstr-held-der-sowj-2-w-k-01-02-4\" width=\"150\" height=\"150\" \/><\/a> <a href=\"http:\/\/www.denkfried.de\/wp\/wp-content\/uploads\/2016\/11\/KGSt.russ_.Halle-Huttenstr.Held-der-Sowj.2.W.K.-01.02-6.jpg\"><img loading=\"lazy\" decoding=\"async\" class=\"alignleft size-thumbnail wp-image-41029\" src=\"http:\/\/www.denkfried.de\/wp\/wp-content\/uploads\/2016\/11\/KGSt.russ_.Halle-Huttenstr.Held-der-Sowj.2.W.K.-01.02-6-150x150.jpg\" alt=\"kgst-russ-halle-huttenstr-held-der-sowj-2-w-k-01-02-6\" width=\"150\" height=\"150\" \/><\/a> <a href=\"http:\/\/www.denkfried.de\/wp\/wp-content\/uploads\/2016\/11\/KGSt.russ_.Halle-Huttenstr.Held-der-Sowj.2.W.K.-01.02-7.jpg\"><img loading=\"lazy\" decoding=\"async\" class=\"alignleft size-thumbnail wp-image-41030\" src=\"http:\/\/www.denkfried.de\/wp\/wp-content\/uploads\/2016\/11\/KGSt.russ_.Halle-Huttenstr.Held-der-Sowj.2.W.K.-01.02-7-150x150.jpg\" alt=\"kgst-russ-halle-huttenstr-held-der-sowj-2-w-k-01-02-7\" width=\"150\" height=\"150\" \/><\/a> <a href=\"http:\/\/www.denkfried.de\/wp\/wp-content\/uploads\/2016\/11\/KGSt.russ_.Halle-Huttenstr.Held-der-Sowj.2.W.K.-01.02-8.jpg\"><img loading=\"lazy\" decoding=\"async\" class=\"alignleft size-thumbnail wp-image-41031\" src=\"http:\/\/www.denkfried.de\/wp\/wp-content\/uploads\/2016\/11\/KGSt.russ_.Halle-Huttenstr.Held-der-Sowj.2.W.K.-01.02-8-150x150.jpg\" alt=\"kgst-russ-halle-huttenstr-held-der-sowj-2-w-k-01-02-8\" width=\"150\" height=\"150\" \/><\/a> <a href=\"http:\/\/www.denkfried.de\/wp\/wp-content\/uploads\/2016\/11\/KGSt.russ_.Halle-Huttenstr.Held-der-Sowj.2.W.K.-01.02-9.jpg\"><img loading=\"lazy\" decoding=\"async\" class=\"alignleft size-thumbnail wp-image-41032\" src=\"http:\/\/www.denkfried.de\/wp\/wp-content\/uploads\/2016\/11\/KGSt.russ_.Halle-Huttenstr.Held-der-Sowj.2.W.K.-01.02-9-150x150.jpg\" alt=\"kgst-russ-halle-huttenstr-held-der-sowj-2-w-k-01-02-9\" width=\"150\" height=\"150\" \/><\/a> <a href=\"http:\/\/www.denkfried.de\/wp\/wp-content\/uploads\/2016\/11\/KGSt.russ_.Halle-Huttenstr.Held-der-Sowj.2.W.K.-01.02-10.jpg\"><img loading=\"lazy\" decoding=\"async\" class=\"alignleft size-thumbnail wp-image-41033\" src=\"http:\/\/www.denkfried.de\/wp\/wp-content\/uploads\/2016\/11\/KGSt.russ_.Halle-Huttenstr.Held-der-Sowj.2.W.K.-01.02-10-150x150.jpg\" alt=\"kgst-russ-halle-huttenstr-held-der-sowj-2-w-k-01-02-10\" width=\"150\" height=\"150\" \/><\/a> <a href=\"http:\/\/www.denkfried.de\/wp\/wp-content\/uploads\/2016\/11\/KGSt.russ_.Halle-Huttenstr.Held-der-Sowj.2.W.K.-01.02-12.jpg\"><img loading=\"lazy\" decoding=\"async\" class=\"alignleft size-thumbnail wp-image-41034\" src=\"http:\/\/www.denkfried.de\/wp\/wp-content\/uploads\/2016\/11\/KGSt.russ_.Halle-Huttenstr.Held-der-Sowj.2.W.K.-01.02-12-150x150.jpg\" alt=\"kgst-russ-halle-huttenstr-held-der-sowj-2-w-k-01-02-12\" width=\"150\" height=\"150\" \/><\/a> <a href=\"http:\/\/www.denkfried.de\/wp\/wp-content\/uploads\/2016\/11\/KGSt.russ_.Halle-Huttenstr.Held-der-Sowj.2.W.K.-01.02-13.jpg\"><img loading=\"lazy\" decoding=\"async\" class=\"alignleft size-thumbnail wp-image-41035\" src=\"http:\/\/www.denkfried.de\/wp\/wp-content\/uploads\/2016\/11\/KGSt.russ_.Halle-Huttenstr.Held-der-Sowj.2.W.K.-01.02-13-150x150.jpg\" alt=\"kgst-russ-halle-huttenstr-held-der-sowj-2-w-k-01-02-13\" width=\"150\" height=\"150\" \/><\/a> <a href=\"http:\/\/www.denkfried.de\/wp\/wp-content\/uploads\/2016\/11\/KGSt.russ_.Halle-Huttenstr.Held-der-Sowj.2.W.K.-01.02-14.jpg\"><img loading=\"lazy\" decoding=\"async\" class=\"alignleft size-thumbnail wp-image-41036\" src=\"http:\/\/www.denkfried.de\/wp\/wp-content\/uploads\/2016\/11\/KGSt.russ_.Halle-Huttenstr.Held-der-Sowj.2.W.K.-01.02-14-150x150.jpg\" alt=\"kgst-russ-halle-huttenstr-held-der-sowj-2-w-k-01-02-14\" width=\"150\" height=\"150\" \/><\/a> <a href=\"http:\/\/www.denkfried.de\/wp\/wp-content\/uploads\/2016\/11\/KGSt.russ_.Halle-Huttenstr.Held-der-Sowj.2.W.K.-01.02-15.jpg\"><img loading=\"lazy\" decoding=\"async\" class=\"alignleft size-thumbnail wp-image-41037\" src=\"http:\/\/www.denkfried.de\/wp\/wp-content\/uploads\/2016\/11\/KGSt.russ_.Halle-Huttenstr.Held-der-Sowj.2.W.K.-01.02-15-150x150.jpg\" alt=\"kgst-russ-halle-huttenstr-held-der-sowj-2-w-k-01-02-15\" width=\"150\" height=\"150\" \/><\/a><\/p>\n","protected":false},"excerpt":{"rendered":"<p>&nbsp; 06110 Halle, S\u00fcdfriedhof &nbsp; Auf dem S\u00fcdfriedhof in Halle an der Huttenstrasse findet sich ein weitl\u00e4ufiges Gr\u00e4berfeld f\u00fcr gefallene Sowjetsoldaten des Zweiten Weltkriegs. Rote Marmorsteine kennzeichnen die Einzelgr\u00e4ber. Einige sind als Grabsteine angelegt, der Grossteil von ihnen verf\u00fcgt \u00fcber &hellip; <a href=\"http:\/\/www.denkfried.de\/wp\/?page_id=41024\">Weiterlesen <span class=\"meta-nav\">&rarr;<\/span><\/a><\/p>\n","protected":false},"author":7,"featured_media":0,"parent":6136,"menu_order":0,"comment_status":"closed","ping_status":"closed","template":"","meta":{"footnotes":""},"class_list":["post-41024","page","type-page","status-publish","hentry"],"_links":{"self":[{"href":"http:\/\/www.denkfried.de\/wp\/index.php?rest_route=\/wp\/v2\/pages\/41024","targetHints":{"allow":["GET"]}}],"collection":[{"href":"http:\/\/www.denkfried.de\/wp\/index.php?rest_route=\/wp\/v2\/pages"}],"about":[{"href":"http:\/\/www.denkfried.de\/wp\/index.php?rest_route=\/wp\/v2\/types\/page"}],"author":[{"embeddable":true,"href":"http:\/\/www.denkfried.de\/wp\/index.php?rest_route=\/wp\/v2\/users\/7"}],"replies":[{"embeddable":true,"href":"http:\/\/www.denkfried.de\/wp\/index.php?rest_route=%2Fwp%2Fv2%2Fcomments&post=41024"}],"version-history":[{"count":2,"href":"http:\/\/www.denkfried.de\/wp\/index.php?rest_route=\/wp\/v2\/pages\/41024\/revisions"}],"predecessor-version":[{"id":41038,"href":"http:\/\/www.denkfried.de\/wp\/index.php?rest_route=\/wp\/v2\/pages\/41024\/revisions\/41038"}],"up":[{"embeddable":true,"href":"http:\/\/www.denkfried.de\/wp\/index.php?rest_route=\/wp\/v2\/pages\/6136"}],"wp:attachment":[{"href":"http:\/\/www.denkfried.de\/wp\/index.php?rest_route=%2Fwp%2Fv2%2Fmedia&parent=41024"}],"curies":[{"name":"wp","href":"https:\/\/api.w.org\/{rel}","templated":true}]}}