{"id":4095,"date":"2011-04-23T22:17:52","date_gmt":"2011-04-23T20:17:52","guid":{"rendered":"http:\/\/www.denkfried.de\/wp\/?page_id=4095"},"modified":"2011-04-23T22:18:19","modified_gmt":"2011-04-23T20:18:19","slug":"fahrdorf","status":"publish","type":"page","link":"http:\/\/www.denkfried.de\/wp\/?page_id=4095","title":{"rendered":"Fahrdorf"},"content":{"rendered":"<p>&nbsp;<\/p>\n<p><span style=\"text-decoration: underline; color: #ff0000;\"><strong>24857 Fahrdorf <\/strong><\/span> (Haddebyer Noor)<\/p>\n<p><strong>Kriegsgr\u00e4berst\u00e4tte<\/strong><\/p>\n<p>Der hiesige Friedhof wurde am 28.07.1962 eingeweiht.<br \/>\nAuf  einer Fl\u00e4che von ca. 13.000 m\u00b2 ruhen in f\u00fcnf Feldern \u00a01.124  Kriegstote,darunter \u00fcber 300 Angeh\u00f6rige anderer Nationen und 274 M\u00e4nner,  Frauen und Kinder die unbeteiligt an Kriegshandlungen ihr Leben  verloren.<\/p>\n<p>Kriegstote: \u00a02.Weltkrieg \u00a01.124<\/p>\n<p>++++++++++++++++++++++++++++++++++++++++++++<\/p>\n<p>Aus dem Reisebericht von Hubert M. :<\/p>\n<p>Wir haben Schleswig verlassen und sind auf dem Soldatenfriedhof  Fahrndorf Nr.2 angekommen. Das Gr\u00e4berfeld das am 28.7.1962 eingeweiht  wurde, liegt auf einer Anh\u00f6he, dem Karberg, s\u00fcd\u00f6stlich der Landenge  zwischen der zur Ostsee hin Offenen Schlei und dem Binnengew\u00e4sser  &#8222;Haddebyer Noor&#8220; gegen\u00fcber der Stadt Schleswig. Auf einer Fl\u00e4che von  ca.13000 qm ruhen in f\u00fcnf Feldern 1124 Kriegstote,\u00a0 darunter \u00fcber 300  Angeh\u00f6rige anderer Nationen und 274 M\u00e4nner, Frauen und Kinder,\u00a0 die  unbeteiligt\u00a0 an den Kampfhandlungen des 2. Weltkriegs ihr Leben  lie\u00dfen. Die Kriegsgr\u00e4berst\u00e4tte am Karberg ist durch ihre Einbettung in  die Landschaft an der Schlei zur Andacht und zum verweilen ideal  geeignet. Den Mittelpunkt bildet eine unregelm\u00e4\u00dfig geformte Halle ( 10 x  10 m ) mit einer wie durch Bomben-und Granateinschlag durchbohrten Decke  auf felsartigen gestalteten Pfeilern.<\/p>\n<div id='gallery-1' class='gallery galleryid-4095 gallery-columns-4 gallery-size-thumbnail'><dl class='gallery-item'>\n\t\t\t<dt class='gallery-icon landscape'>\n\t\t\t\t<a href='http:\/\/www.denkfried.de\/wp\/?attachment_id=4098'><img loading=\"lazy\" decoding=\"async\" width=\"150\" height=\"150\" src=\"http:\/\/www.denkfried.de\/wp\/wp-content\/uploads\/2011\/04\/Kriegsgr\u00e4berst\u00e4tte-Fahrdorf-01-150x150.jpg\" class=\"attachment-thumbnail size-thumbnail\" alt=\"\" \/><\/a>\n\t\t\t<\/dt><\/dl><dl class='gallery-item'>\n\t\t\t<dt class='gallery-icon landscape'>\n\t\t\t\t<a href='http:\/\/www.denkfried.de\/wp\/?attachment_id=4101'><img loading=\"lazy\" decoding=\"async\" width=\"150\" height=\"150\" src=\"http:\/\/www.denkfried.de\/wp\/wp-content\/uploads\/2011\/04\/Kriegsgr\u00e4berst\u00e4tte-Fahrdorf-Eingang-02-150x150.jpg\" class=\"attachment-thumbnail size-thumbnail\" alt=\"\" \/><\/a>\n\t\t\t<\/dt><\/dl><dl class='gallery-item'>\n\t\t\t<dt class='gallery-icon landscape'>\n\t\t\t\t<a href='http:\/\/www.denkfried.de\/wp\/?attachment_id=4103'><img loading=\"lazy\" decoding=\"async\" width=\"150\" height=\"150\" src=\"http:\/\/www.denkfried.de\/wp\/wp-content\/uploads\/2011\/04\/Kriegsgr\u00e4berst\u00e4tte-Fahrdorf-Gedenkschrift-07-150x150.jpg\" class=\"attachment-thumbnail size-thumbnail\" alt=\"\" \/><\/a>\n\t\t\t<\/dt><\/dl><dl class='gallery-item'>\n\t\t\t<dt class='gallery-icon landscape'>\n\t\t\t\t<a href='http:\/\/www.denkfried.de\/wp\/?attachment_id=4102'><img loading=\"lazy\" decoding=\"async\" width=\"150\" height=\"150\" src=\"http:\/\/www.denkfried.de\/wp\/wp-content\/uploads\/2011\/04\/Kriegsgr\u00e4berst\u00e4tte-Fahrdorf-Gedenkplatz-04-150x150.jpg\" class=\"attachment-thumbnail size-thumbnail\" alt=\"\" \/><\/a>\n\t\t\t<\/dt><\/dl><br style=\"clear: both\" \/><dl class='gallery-item'>\n\t\t\t<dt class='gallery-icon portrait'>\n\t\t\t\t<a href='http:\/\/www.denkfried.de\/wp\/?attachment_id=4100'><img loading=\"lazy\" decoding=\"async\" width=\"150\" height=\"150\" src=\"http:\/\/www.denkfried.de\/wp\/wp-content\/uploads\/2011\/04\/Kriegsgr\u00e4berst\u00e4tte-Fahrdorf-Decke-Gedenkplatz-05-150x150.jpg\" class=\"attachment-thumbnail size-thumbnail\" alt=\"\" \/><\/a>\n\t\t\t<\/dt><\/dl><dl class='gallery-item'>\n\t\t\t<dt class='gallery-icon landscape'>\n\t\t\t\t<a href='http:\/\/www.denkfried.de\/wp\/?attachment_id=4099'><img loading=\"lazy\" decoding=\"async\" width=\"150\" height=\"150\" src=\"http:\/\/www.denkfried.de\/wp\/wp-content\/uploads\/2011\/04\/Kriegsgr\u00e4berst\u00e4tte-Fahrdorf-Blick-auf-Schleswig-06-150x150.jpg\" class=\"attachment-thumbnail size-thumbnail\" alt=\"\" \/><\/a>\n\t\t\t<\/dt><\/dl><dl class='gallery-item'>\n\t\t\t<dt class='gallery-icon landscape'>\n\t\t\t\t<a href='http:\/\/www.denkfried.de\/wp\/?attachment_id=4097'><img loading=\"lazy\" decoding=\"async\" width=\"150\" height=\"150\" src=\"http:\/\/www.denkfried.de\/wp\/wp-content\/uploads\/2011\/04\/Kriegsgr\u00e4berst\u00e4tte-Fahrdorf-Namenbl\u00f6cke-09-150x150.jpg\" class=\"attachment-thumbnail size-thumbnail\" alt=\"\" \/><\/a>\n\t\t\t<\/dt><\/dl><dl class='gallery-item'>\n\t\t\t<dt class='gallery-icon landscape'>\n\t\t\t\t<a href='http:\/\/www.denkfried.de\/wp\/?attachment_id=4096'><img loading=\"lazy\" decoding=\"async\" width=\"150\" height=\"150\" src=\"http:\/\/www.denkfried.de\/wp\/wp-content\/uploads\/2011\/04\/Kriegsgr\u00e4berst\u00e4tte-Fahrdorf-Gr\u00e4berfeld-08-150x150.jpg\" class=\"attachment-thumbnail size-thumbnail\" alt=\"\" \/><\/a>\n\t\t\t<\/dt><\/dl><br style=\"clear: both\" \/>\n\t\t<\/div>\n\n","protected":false},"excerpt":{"rendered":"<p>&nbsp; 24857 Fahrdorf (Haddebyer Noor) Kriegsgr\u00e4berst\u00e4tte Der hiesige Friedhof wurde am 28.07.1962 eingeweiht. Auf einer Fl\u00e4che von ca. 13.000 m\u00b2 ruhen in f\u00fcnf Feldern \u00a01.124 Kriegstote,darunter \u00fcber 300 Angeh\u00f6rige anderer Nationen und 274 M\u00e4nner, Frauen und Kinder die unbeteiligt an &hellip; <a href=\"http:\/\/www.denkfried.de\/wp\/?page_id=4095\">Weiterlesen <span class=\"meta-nav\">&rarr;<\/span><\/a><\/p>\n","protected":false},"author":2,"featured_media":0,"parent":4091,"menu_order":0,"comment_status":"closed","ping_status":"open","template":"","meta":{"footnotes":""},"class_list":["post-4095","page","type-page","status-publish","hentry"],"_links":{"self":[{"href":"http:\/\/www.denkfried.de\/wp\/index.php?rest_route=\/wp\/v2\/pages\/4095","targetHints":{"allow":["GET"]}}],"collection":[{"href":"http:\/\/www.denkfried.de\/wp\/index.php?rest_route=\/wp\/v2\/pages"}],"about":[{"href":"http:\/\/www.denkfried.de\/wp\/index.php?rest_route=\/wp\/v2\/types\/page"}],"author":[{"embeddable":true,"href":"http:\/\/www.denkfried.de\/wp\/index.php?rest_route=\/wp\/v2\/users\/2"}],"replies":[{"embeddable":true,"href":"http:\/\/www.denkfried.de\/wp\/index.php?rest_route=%2Fwp%2Fv2%2Fcomments&post=4095"}],"version-history":[{"count":3,"href":"http:\/\/www.denkfried.de\/wp\/index.php?rest_route=\/wp\/v2\/pages\/4095\/revisions"}],"predecessor-version":[{"id":4106,"href":"http:\/\/www.denkfried.de\/wp\/index.php?rest_route=\/wp\/v2\/pages\/4095\/revisions\/4106"}],"up":[{"embeddable":true,"href":"http:\/\/www.denkfried.de\/wp\/index.php?rest_route=\/wp\/v2\/pages\/4091"}],"wp:attachment":[{"href":"http:\/\/www.denkfried.de\/wp\/index.php?rest_route=%2Fwp%2Fv2%2Fmedia&parent=4095"}],"curies":[{"name":"wp","href":"https:\/\/api.w.org\/{rel}","templated":true}]}}