{"id":40918,"date":"2016-11-20T17:23:41","date_gmt":"2016-11-20T16:23:41","guid":{"rendered":"http:\/\/www.denkfried.de\/wp\/?page_id=40918"},"modified":"2016-11-20T17:23:41","modified_gmt":"2016-11-20T16:23:41","slug":"kabelsketal","status":"publish","type":"page","link":"http:\/\/www.denkfried.de\/wp\/?page_id=40918","title":{"rendered":"Kabelsketal"},"content":{"rendered":"<p><span style=\"text-decoration: underline;\"><strong>06184 Kabelsketal<\/strong><\/span><\/p>\n<p>&nbsp;<\/p>\n<p>Ortsteile:<\/p>\n<ul>\n<li>Dieskau<\/li>\n<li>D\u00f6lbau<\/li>\n<li>Gr\u00f6bers<\/li>\n<li>Gro\u00dfkugel<\/li>\n<\/ul>\n","protected":false},"excerpt":{"rendered":"<p>06184 Kabelsketal &nbsp; Ortsteile: Dieskau D\u00f6lbau Gr\u00f6bers Gro\u00dfkugel<\/p>\n","protected":false},"author":2,"featured_media":0,"parent":6018,"menu_order":0,"comment_status":"closed","ping_status":"closed","template":"","meta":{"footnotes":""},"class_list":["post-40918","page","type-page","status-publish","hentry"],"_links":{"self":[{"href":"http:\/\/www.denkfried.de\/wp\/index.php?rest_route=\/wp\/v2\/pages\/40918","targetHints":{"allow":["GET"]}}],"collection":[{"href":"http:\/\/www.denkfried.de\/wp\/index.php?rest_route=\/wp\/v2\/pages"}],"about":[{"href":"http:\/\/www.denkfried.de\/wp\/index.php?rest_route=\/wp\/v2\/types\/page"}],"author":[{"embeddable":true,"href":"http:\/\/www.denkfried.de\/wp\/index.php?rest_route=\/wp\/v2\/users\/2"}],"replies":[{"embeddable":true,"href":"http:\/\/www.denkfried.de\/wp\/index.php?rest_route=%2Fwp%2Fv2%2Fcomments&post=40918"}],"version-history":[{"count":1,"href":"http:\/\/www.denkfried.de\/wp\/index.php?rest_route=\/wp\/v2\/pages\/40918\/revisions"}],"predecessor-version":[{"id":40919,"href":"http:\/\/www.denkfried.de\/wp\/index.php?rest_route=\/wp\/v2\/pages\/40918\/revisions\/40919"}],"up":[{"embeddable":true,"href":"http:\/\/www.denkfried.de\/wp\/index.php?rest_route=\/wp\/v2\/pages\/6018"}],"wp:attachment":[{"href":"http:\/\/www.denkfried.de\/wp\/index.php?rest_route=%2Fwp%2Fv2%2Fmedia&parent=40918"}],"curies":[{"name":"wp","href":"https:\/\/api.w.org\/{rel}","templated":true}]}}