{"id":40875,"date":"2016-11-20T16:16:38","date_gmt":"2016-11-20T15:16:38","guid":{"rendered":"http:\/\/www.denkfried.de\/wp\/?page_id=40875"},"modified":"2016-11-20T18:20:30","modified_gmt":"2016-11-20T17:20:30","slug":"schkeuditz","status":"publish","type":"page","link":"http:\/\/www.denkfried.de\/wp\/?page_id=40875","title":{"rendered":"Schkeuditz"},"content":{"rendered":"<p><span style=\"text-decoration: underline;\">04435 Schkeuditz<br \/>\n<\/span><\/p>\n<p>&nbsp;<\/p>\n<p>Auf dem Zentralfriedhof an der Papitzerstrasse-\u00c4u\u00dferen Leipzigerstrasse, findet sich ein gemeinsames Gr\u00e4berfeld f\u00fcr 40 Sowjetische Kriegstote des Zweiten Weltkriegs. Steinsteelen mit einem Sowjetstern, kennzeichnen die eingefassten Einzelgr\u00e4ber, an denen die namentliche Nennung schon schlecht lesbar ist. An der , mit rotem Marmor, erbauter Gedenkpyramide, findet sich eine Steintafel mit den Namen,- geburts,-und Sterbe,- Daten.<\/p>\n<p>&nbsp;<\/p>\n<p>Ebenso findet sich in der N\u00e4he eine Gr\u00e4berreihe f\u00fcr 8 gefallene Deutsche Soldaten des Zweiten Weltkriegs . Nur zwei der, eingefassten Einzelgr\u00e4ber, finden sich mit Grabsteinen versehen auf der die Daten der hier Beigesetzten zu finden sind.<\/p>\n<p>Koordinaten :\u00a0 N51\u00b023.50\u00a0 0 12\u00b014.79<\/p>\n<p>&nbsp;<\/p>\n<p>Bilder vom 01.02.2014<\/p>\n<p>Gr\u00fc\u00dfe Hubert<\/p>\n<p><a href=\"http:\/\/www.denkfried.de\/wp\/wp-content\/uploads\/2016\/11\/KGSt.Schkeuditz-Sachs.Anh_.2.W.K.Sowj_.Deutsch.O.F.H.Papitzerstr.01.02-1.jpg\"><img loading=\"lazy\" decoding=\"async\" class=\"alignleft size-thumbnail wp-image-40876\" src=\"http:\/\/www.denkfried.de\/wp\/wp-content\/uploads\/2016\/11\/KGSt.Schkeuditz-Sachs.Anh_.2.W.K.Sowj_.Deutsch.O.F.H.Papitzerstr.01.02-1-150x150.jpg\" alt=\"kgst-schkeuditz-sachs-anh-2-w-k-sowj-deutsch-o-f-h-papitzerstr-01-02-1\" width=\"150\" height=\"150\" \/><\/a> <a href=\"http:\/\/www.denkfried.de\/wp\/wp-content\/uploads\/2016\/11\/KGSt.Schkeuditz-Sachs.Anh_.2.W.K.Sowj_.Deutsch.O.F.H.Papitzerstr.01.02-5.jpg\"><img loading=\"lazy\" decoding=\"async\" class=\"size-thumbnail wp-image-40880 alignright\" src=\"http:\/\/www.denkfried.de\/wp\/wp-content\/uploads\/2016\/11\/KGSt.Schkeuditz-Sachs.Anh_.2.W.K.Sowj_.Deutsch.O.F.H.Papitzerstr.01.02-5-150x150.jpg\" alt=\"kgst-schkeuditz-sachs-anh-2-w-k-sowj-deutsch-o-f-h-papitzerstr-01-02-5\" width=\"150\" height=\"150\" \/><\/a><a href=\"http:\/\/www.denkfried.de\/wp\/wp-content\/uploads\/2016\/11\/KGSt.Schkeuditz-Sachs.Anh_.2.W.K.Sowj_.Deutsch.O.F.H.Papitzerstr.01.02-6.jpg\"><img loading=\"lazy\" decoding=\"async\" class=\"alignleft wp-image-40881 size-thumbnail\" src=\"http:\/\/www.denkfried.de\/wp\/wp-content\/uploads\/2016\/11\/KGSt.Schkeuditz-Sachs.Anh_.2.W.K.Sowj_.Deutsch.O.F.H.Papitzerstr.01.02-6-150x150.jpg\" alt=\"kgst-schkeuditz-sachs-anh-2-w-k-sowj-deutsch-o-f-h-papitzerstr-01-02-6\" width=\"150\" height=\"150\" \/><\/a><a href=\"http:\/\/www.denkfried.de\/wp\/wp-content\/uploads\/2016\/11\/KGSt.Schkeuditz-Sachs.Anh_.2.W.K.Sowj_.Deutsch.O.F.H.Papitzerstr.01.02-2.jpg\"><img loading=\"lazy\" decoding=\"async\" class=\"alignnone wp-image-40877 size-thumbnail\" src=\"http:\/\/www.denkfried.de\/wp\/wp-content\/uploads\/2016\/11\/KGSt.Schkeuditz-Sachs.Anh_.2.W.K.Sowj_.Deutsch.O.F.H.Papitzerstr.01.02-2-150x150.jpg\" alt=\"kgst-schkeuditz-sachs-anh-2-w-k-sowj-deutsch-o-f-h-papitzerstr-01-02-2\" width=\"150\" height=\"150\" \/><\/a> <a href=\"http:\/\/www.denkfried.de\/wp\/wp-content\/uploads\/2016\/11\/KGSt.Schkeuditz-Sachs.Anh_.2.W.K.Sowj_.Deutsch.O.F.H.Papitzerstr.01.02-3.jpg\"><img loading=\"lazy\" decoding=\"async\" class=\"size-thumbnail wp-image-40878 alignnone\" src=\"http:\/\/www.denkfried.de\/wp\/wp-content\/uploads\/2016\/11\/KGSt.Schkeuditz-Sachs.Anh_.2.W.K.Sowj_.Deutsch.O.F.H.Papitzerstr.01.02-3-150x150.jpg\" alt=\"kgst-schkeuditz-sachs-anh-2-w-k-sowj-deutsch-o-f-h-papitzerstr-01-02-3\" width=\"150\" height=\"150\" \/><\/a> <a href=\"http:\/\/www.denkfried.de\/wp\/wp-content\/uploads\/2016\/11\/KGSt.Schkeuditz-Sachs.Anh_.2.W.K.Sowj_.Deutsch.O.F.H.Papitzerstr.01.02-4.jpg\"><img loading=\"lazy\" decoding=\"async\" class=\"size-thumbnail wp-image-40879 alignnone\" src=\"http:\/\/www.denkfried.de\/wp\/wp-content\/uploads\/2016\/11\/KGSt.Schkeuditz-Sachs.Anh_.2.W.K.Sowj_.Deutsch.O.F.H.Papitzerstr.01.02-4-150x150.jpg\" alt=\"kgst-schkeuditz-sachs-anh-2-w-k-sowj-deutsch-o-f-h-papitzerstr-01-02-4\" width=\"150\" height=\"150\" \/><\/a> <a href=\"http:\/\/www.denkfried.de\/wp\/wp-content\/uploads\/2016\/11\/KGSt.Schkeuditz-Sachs.Anh_.2.W.K.Sowj_.Deutsch.O.F.H.Papitzerstr.01.02-7.jpg\"><img loading=\"lazy\" decoding=\"async\" class=\"size-thumbnail wp-image-40882 alignnone\" src=\"http:\/\/www.denkfried.de\/wp\/wp-content\/uploads\/2016\/11\/KGSt.Schkeuditz-Sachs.Anh_.2.W.K.Sowj_.Deutsch.O.F.H.Papitzerstr.01.02-7-150x150.jpg\" alt=\"kgst-schkeuditz-sachs-anh-2-w-k-sowj-deutsch-o-f-h-papitzerstr-01-02-7\" width=\"150\" height=\"150\" \/><\/a> <a href=\"http:\/\/www.denkfried.de\/wp\/wp-content\/uploads\/2016\/11\/KGSt.Schkeuditz-Sachs.Anh_.2.W.K.Sowj_.Deutsch.O.F.H.Papitzerstr.01.02-8.jpg\"><img loading=\"lazy\" decoding=\"async\" class=\"size-thumbnail wp-image-40883 alignleft\" src=\"http:\/\/www.denkfried.de\/wp\/wp-content\/uploads\/2016\/11\/KGSt.Schkeuditz-Sachs.Anh_.2.W.K.Sowj_.Deutsch.O.F.H.Papitzerstr.01.02-8-150x150.jpg\" alt=\"kgst-schkeuditz-sachs-anh-2-w-k-sowj-deutsch-o-f-h-papitzerstr-01-02-8\" width=\"150\" height=\"150\" \/><\/a> <a href=\"http:\/\/www.denkfried.de\/wp\/wp-content\/uploads\/2016\/11\/KGSt.Schkeuditz-Sachs.Anh_.2.W.K.Sowj_.Deutsch.O.F.H.Papitzerstr.01.02-9.jpg\"><img loading=\"lazy\" decoding=\"async\" class=\"size-thumbnail wp-image-40884 alignnone\" src=\"http:\/\/www.denkfried.de\/wp\/wp-content\/uploads\/2016\/11\/KGSt.Schkeuditz-Sachs.Anh_.2.W.K.Sowj_.Deutsch.O.F.H.Papitzerstr.01.02-9-150x150.jpg\" alt=\"kgst-schkeuditz-sachs-anh-2-w-k-sowj-deutsch-o-f-h-papitzerstr-01-02-9\" width=\"150\" height=\"150\" \/><\/a> <a href=\"http:\/\/www.denkfried.de\/wp\/wp-content\/uploads\/2016\/11\/KGSt.Schkeuditz-Sachs.Anh_.2.W.K.Sowj_.Deutsch.O.F.H.Papitzerstr.01.02-10.jpg\"><img loading=\"lazy\" decoding=\"async\" class=\"size-thumbnail wp-image-40885 alignnone\" src=\"http:\/\/www.denkfried.de\/wp\/wp-content\/uploads\/2016\/11\/KGSt.Schkeuditz-Sachs.Anh_.2.W.K.Sowj_.Deutsch.O.F.H.Papitzerstr.01.02-10-150x150.jpg\" alt=\"kgst-schkeuditz-sachs-anh-2-w-k-sowj-deutsch-o-f-h-papitzerstr-01-02-10\" width=\"150\" height=\"150\" \/><\/a> <a href=\"http:\/\/www.denkfried.de\/wp\/wp-content\/uploads\/2016\/11\/KGSt.Schkeuditz-Sachs.Anh_.2.W.K.Sowj_.Deutsch.O.F.H.Papitzerstr.01.02-11.jpg\"><img loading=\"lazy\" decoding=\"async\" class=\"size-thumbnail wp-image-40886 alignnone\" src=\"http:\/\/www.denkfried.de\/wp\/wp-content\/uploads\/2016\/11\/KGSt.Schkeuditz-Sachs.Anh_.2.W.K.Sowj_.Deutsch.O.F.H.Papitzerstr.01.02-11-150x150.jpg\" alt=\"kgst-schkeuditz-sachs-anh-2-w-k-sowj-deutsch-o-f-h-papitzerstr-01-02-11\" width=\"150\" height=\"150\" \/><\/a><\/p>\n<p>&nbsp;<\/p>\n<p>&nbsp;<\/p>\n<p>&nbsp;<\/p>\n<p>&nbsp;<\/p>\n","protected":false},"excerpt":{"rendered":"<p>04435 Schkeuditz &nbsp; Auf dem Zentralfriedhof an der Papitzerstrasse-\u00c4u\u00dferen Leipzigerstrasse, findet sich ein gemeinsames Gr\u00e4berfeld f\u00fcr 40 Sowjetische Kriegstote des Zweiten Weltkriegs. Steinsteelen mit einem Sowjetstern, kennzeichnen die eingefassten Einzelgr\u00e4ber, an denen die namentliche Nennung schon schlecht lesbar ist. An &hellip; <a href=\"http:\/\/www.denkfried.de\/wp\/?page_id=40875\">Weiterlesen <span class=\"meta-nav\">&rarr;<\/span><\/a><\/p>\n","protected":false},"author":7,"featured_media":0,"parent":7422,"menu_order":0,"comment_status":"closed","ping_status":"closed","template":"","meta":{"footnotes":""},"class_list":["post-40875","page","type-page","status-publish","hentry"],"_links":{"self":[{"href":"http:\/\/www.denkfried.de\/wp\/index.php?rest_route=\/wp\/v2\/pages\/40875","targetHints":{"allow":["GET"]}}],"collection":[{"href":"http:\/\/www.denkfried.de\/wp\/index.php?rest_route=\/wp\/v2\/pages"}],"about":[{"href":"http:\/\/www.denkfried.de\/wp\/index.php?rest_route=\/wp\/v2\/types\/page"}],"author":[{"embeddable":true,"href":"http:\/\/www.denkfried.de\/wp\/index.php?rest_route=\/wp\/v2\/users\/7"}],"replies":[{"embeddable":true,"href":"http:\/\/www.denkfried.de\/wp\/index.php?rest_route=%2Fwp%2Fv2%2Fcomments&post=40875"}],"version-history":[{"count":6,"href":"http:\/\/www.denkfried.de\/wp\/index.php?rest_route=\/wp\/v2\/pages\/40875\/revisions"}],"predecessor-version":[{"id":40929,"href":"http:\/\/www.denkfried.de\/wp\/index.php?rest_route=\/wp\/v2\/pages\/40875\/revisions\/40929"}],"up":[{"embeddable":true,"href":"http:\/\/www.denkfried.de\/wp\/index.php?rest_route=\/wp\/v2\/pages\/7422"}],"wp:attachment":[{"href":"http:\/\/www.denkfried.de\/wp\/index.php?rest_route=%2Fwp%2Fv2%2Fmedia&parent=40875"}],"curies":[{"name":"wp","href":"https:\/\/api.w.org\/{rel}","templated":true}]}}