{"id":40675,"date":"2016-03-28T17:54:08","date_gmt":"2016-03-28T15:54:08","guid":{"rendered":"http:\/\/www.denkfried.de\/wp\/?page_id=40675"},"modified":"2016-03-28T18:13:26","modified_gmt":"2016-03-28T16:13:26","slug":"zionskirche","status":"publish","type":"page","link":"http:\/\/www.denkfried.de\/wp\/?page_id=40675","title":{"rendered":"Zionskirche"},"content":{"rendered":"<p>&nbsp;<\/p>\n<p><strong>Berlin Mitte<\/strong> Zionskirche<\/p>\n<p>Bericht und Bilder von Thomas\u00a0<a href=\"http:\/\/g-bb.jimdo.com\/\">Gefallenendenkm\u00e4ler Berlin\/Brandenburg<\/a><\/p>\n<p><strong><span style=\"text-decoration: underline;\">Gedenktafel 1914-1918<\/span><\/strong><\/p>\n<p>Die originale Gedenktafel wurde am 1922 aufgeh\u00e4ngt und\u00a0war durch Spenden finanziert worden. Ein Jahr sp\u00e4ter schrieb der damalige Pfarrer Dr. Ewald: \u201eEs war ein immer mehr sich hervordr\u00e4ngendes Verlangen der Gemeinde, sie alle, die durch den Krieg so j\u00e4h aus dem Leben und aus dem Kreise der Familie entrissen waren, durch ein w\u00fcrdiges Denkmal zu ehren. Wie f\u00fcr die Glocken, so hatte man freudig f\u00fcr eine Ged\u00e4chtnistafel ge-sammelt. Am 19. November wurde sie feierlich im Gottesdienst enth\u00fcllt. Als sie sich zeigte, von Tannengr\u00fcn geschm\u00fcckt, da erhob sich in der Kirche ein lautes Weinen, es waren die Eltern, die Frauen, die Kinder, die an den einen dachten, der nie wiederkam. Und manchmal war es ja mehr als einer, der solcher Familie durch den Krieg entrissen war. Nach den Weihworten aber bliesen die Trompeten das alte Lied: Ich hatt\u2018 einen Kameraden.\u201c Unter einem Eisernem Kreuz ist folgende Inschrift:<\/p>\n<p style=\"text-align: center;\"><em><strong><span style=\"font-family: Arial; font-size: medium;\">Den im Weltkriege 1914 \u2013 1918<\/span><\/strong><\/em><\/p>\n<p style=\"text-align: center;\"><em><strong><span style=\"font-family: Arial; font-size: medium;\">gefallenen Helden zum ehrenden Ged\u00e4chtnis<\/span><\/strong><\/em><\/p>\n<p style=\"text-align: center;\"><em><strong><span style=\"font-family: Arial; font-size: medium;\">Es starben f\u00fcr das Vaterland 1107 Gemeindemitglieder<\/span><\/strong><\/em><\/p>\n<p style=\"text-align: center;\"><em><strong><span style=\"font-family: Arial; font-size: medium;\">Sei getreu bis in den Tod<\/span><\/strong><\/em><\/p>\n<p>Im Jahr 2012 wurde die Gedenktafel wieder entdeckt. Zum Gottesdienst am 17. November 2013 wurde sie provisorisch aufgestellt. Seid dem Volkstrauertag wurde sie mit erg\u00e4nzenden Texten wieder aufgeh\u00e4ngt. <span style=\"font-family: Arial; font-size: medium;\">Am 19. November 1922 wurde die Gedenktafel f\u00fcr die im ersten Weltkrieg gefallenen Glieder der Zionsgemeinde enth\u00fcllt. Die durch Spenden finanzierte Tafel war prominent \u00fcber dem Taufbecken platziert. Nach dem Zweiten Weltkrieg aus dem besch\u00e4digten Kirchenraum entfernt, geriet sie in Vergessenheit. 2014, zum Gedenkjahr \u201e100 Jahre Erster Weltkrieg\u201c, wurde der Umgang mit der wiedergefundenen Gedenktafel diskutiert. Einige Stimmen aus dieser Diskussion k\u00f6nnen sie seit dem 22. November 2015 hier lesen.<\/span><\/p>\n<p><span style=\"text-decoration: underline;\"><strong>Gedenken 1939 &#8211; 1945<\/strong><\/span><\/p>\n<p>An der Au\u00dfenmauer der Kirche befindet sich eine Gedenktafel f\u00fcr Dietrich Bohnhoffer. Desweiteren befindet sich an der Westseite der Kirche eine Bronzene Torso<\/p>\n<p>&nbsp;<\/p>\n","protected":false},"excerpt":{"rendered":"<p>&nbsp; Berlin Mitte Zionskirche Bericht und Bilder von Thomas\u00a0Gefallenendenkm\u00e4ler Berlin\/Brandenburg Gedenktafel 1914-1918 Die originale Gedenktafel wurde am 1922 aufgeh\u00e4ngt und\u00a0war durch Spenden finanziert worden. Ein Jahr sp\u00e4ter schrieb der damalige Pfarrer Dr. Ewald: \u201eEs war ein immer mehr sich hervordr\u00e4ngendes &hellip; <a href=\"http:\/\/www.denkfried.de\/wp\/?page_id=40675\">Weiterlesen <span class=\"meta-nav\">&rarr;<\/span><\/a><\/p>\n","protected":false},"author":9,"featured_media":0,"parent":15729,"menu_order":0,"comment_status":"closed","ping_status":"closed","template":"","meta":{"footnotes":""},"class_list":["post-40675","page","type-page","status-publish","hentry"],"_links":{"self":[{"href":"http:\/\/www.denkfried.de\/wp\/index.php?rest_route=\/wp\/v2\/pages\/40675","targetHints":{"allow":["GET"]}}],"collection":[{"href":"http:\/\/www.denkfried.de\/wp\/index.php?rest_route=\/wp\/v2\/pages"}],"about":[{"href":"http:\/\/www.denkfried.de\/wp\/index.php?rest_route=\/wp\/v2\/types\/page"}],"author":[{"embeddable":true,"href":"http:\/\/www.denkfried.de\/wp\/index.php?rest_route=\/wp\/v2\/users\/9"}],"replies":[{"embeddable":true,"href":"http:\/\/www.denkfried.de\/wp\/index.php?rest_route=%2Fwp%2Fv2%2Fcomments&post=40675"}],"version-history":[{"count":9,"href":"http:\/\/www.denkfried.de\/wp\/index.php?rest_route=\/wp\/v2\/pages\/40675\/revisions"}],"predecessor-version":[{"id":40685,"href":"http:\/\/www.denkfried.de\/wp\/index.php?rest_route=\/wp\/v2\/pages\/40675\/revisions\/40685"}],"up":[{"embeddable":true,"href":"http:\/\/www.denkfried.de\/wp\/index.php?rest_route=\/wp\/v2\/pages\/15729"}],"wp:attachment":[{"href":"http:\/\/www.denkfried.de\/wp\/index.php?rest_route=%2Fwp%2Fv2%2Fmedia&parent=40675"}],"curies":[{"name":"wp","href":"https:\/\/api.w.org\/{rel}","templated":true}]}}