{"id":4058,"date":"2011-04-23T17:48:28","date_gmt":"2011-04-23T15:48:28","guid":{"rendered":"http:\/\/www.denkfried.de\/wp\/?page_id=4058"},"modified":"2011-04-23T17:48:28","modified_gmt":"2011-04-23T15:48:28","slug":"lk-plon","status":"publish","type":"page","link":"http:\/\/www.denkfried.de\/wp\/?page_id=4058","title":{"rendered":"LK PL\u00d6N"},"content":{"rendered":"<p>&nbsp;<\/p>\n<p>Verwaltungssitz:\u00a0 <strong>24306 Pl\u00f6n<\/strong> , Hamburger Stra\u00dfe 17-18<\/p>\n<p>********************************************************<\/p>\n<p>Heikendorf<\/p>\n<p>Laboe<\/p>\n<p>Pl\u00f6n<\/p>\n<p>&nbsp;<\/p>\n","protected":false},"excerpt":{"rendered":"<p>&nbsp; Verwaltungssitz:\u00a0 24306 Pl\u00f6n , Hamburger Stra\u00dfe 17-18 ******************************************************** Heikendorf Laboe Pl\u00f6n &nbsp;<\/p>\n","protected":false},"author":2,"featured_media":0,"parent":405,"menu_order":0,"comment_status":"closed","ping_status":"open","template":"","meta":{"footnotes":""},"class_list":["post-4058","page","type-page","status-publish","hentry"],"_links":{"self":[{"href":"http:\/\/www.denkfried.de\/wp\/index.php?rest_route=\/wp\/v2\/pages\/4058","targetHints":{"allow":["GET"]}}],"collection":[{"href":"http:\/\/www.denkfried.de\/wp\/index.php?rest_route=\/wp\/v2\/pages"}],"about":[{"href":"http:\/\/www.denkfried.de\/wp\/index.php?rest_route=\/wp\/v2\/types\/page"}],"author":[{"embeddable":true,"href":"http:\/\/www.denkfried.de\/wp\/index.php?rest_route=\/wp\/v2\/users\/2"}],"replies":[{"embeddable":true,"href":"http:\/\/www.denkfried.de\/wp\/index.php?rest_route=%2Fwp%2Fv2%2Fcomments&post=4058"}],"version-history":[{"count":2,"href":"http:\/\/www.denkfried.de\/wp\/index.php?rest_route=\/wp\/v2\/pages\/4058\/revisions"}],"predecessor-version":[{"id":4060,"href":"http:\/\/www.denkfried.de\/wp\/index.php?rest_route=\/wp\/v2\/pages\/4058\/revisions\/4060"}],"up":[{"embeddable":true,"href":"http:\/\/www.denkfried.de\/wp\/index.php?rest_route=\/wp\/v2\/pages\/405"}],"wp:attachment":[{"href":"http:\/\/www.denkfried.de\/wp\/index.php?rest_route=%2Fwp%2Fv2%2Fmedia&parent=4058"}],"curies":[{"name":"wp","href":"https:\/\/api.w.org\/{rel}","templated":true}]}}