{"id":40547,"date":"2016-03-07T23:00:24","date_gmt":"2016-03-07T22:00:24","guid":{"rendered":"http:\/\/www.denkfried.de\/wp\/?page_id=40547"},"modified":"2016-03-07T23:02:25","modified_gmt":"2016-03-07T22:02:25","slug":"egstedt","status":"publish","type":"page","link":"http:\/\/www.denkfried.de\/wp\/?page_id=40547","title":{"rendered":"&#8211; Egstedt"},"content":{"rendered":"<p><span style=\"text-decoration: underline;\">99094 Erfurt &#8211; <strong>Egstedt<\/strong><\/span><\/p>\n<p>Friedhofstr\u00e4ger: Evangelisches Kirchspiel Egstedt<\/p>\n<p>Fl\u00e4che:\u00a0\u00a0 0.16 ha<\/p>\n<p>Anzahl d.Grabanlagen: ca.100<\/p>\n<p><strong>Kriegsgr\u00e4ber:<\/strong><\/p>\n<p>Hier sind 16 deutsche Wehrmachtssoldten beigesetzt. Ein US-amerikanischer Soldat wurde in die USA \u00fcberf\u00fchrt. Sie allen starben am 11.April 1945 im Gefecht zwischen deutschen und amerikanischen Soldaten.<\/p>\n<p>Ogefr. Otto Stein *27.07.1920<\/p>\n<p>Ogefr.Franz Rothbart *27.04.1917<\/p>\n<p>&nbsp;<\/p>\n","protected":false},"excerpt":{"rendered":"<p>99094 Erfurt &#8211; Egstedt Friedhofstr\u00e4ger: Evangelisches Kirchspiel Egstedt Fl\u00e4che:\u00a0\u00a0 0.16 ha Anzahl d.Grabanlagen: ca.100 Kriegsgr\u00e4ber: Hier sind 16 deutsche Wehrmachtssoldten beigesetzt. Ein US-amerikanischer Soldat wurde in die USA \u00fcberf\u00fchrt. Sie allen starben am 11.April 1945 im Gefecht zwischen deutschen und &hellip; <a href=\"http:\/\/www.denkfried.de\/wp\/?page_id=40547\">Weiterlesen <span class=\"meta-nav\">&rarr;<\/span><\/a><\/p>\n","protected":false},"author":2,"featured_media":0,"parent":16425,"menu_order":0,"comment_status":"closed","ping_status":"closed","template":"","meta":{"footnotes":""},"class_list":["post-40547","page","type-page","status-publish","hentry"],"_links":{"self":[{"href":"http:\/\/www.denkfried.de\/wp\/index.php?rest_route=\/wp\/v2\/pages\/40547","targetHints":{"allow":["GET"]}}],"collection":[{"href":"http:\/\/www.denkfried.de\/wp\/index.php?rest_route=\/wp\/v2\/pages"}],"about":[{"href":"http:\/\/www.denkfried.de\/wp\/index.php?rest_route=\/wp\/v2\/types\/page"}],"author":[{"embeddable":true,"href":"http:\/\/www.denkfried.de\/wp\/index.php?rest_route=\/wp\/v2\/users\/2"}],"replies":[{"embeddable":true,"href":"http:\/\/www.denkfried.de\/wp\/index.php?rest_route=%2Fwp%2Fv2%2Fcomments&post=40547"}],"version-history":[{"count":3,"href":"http:\/\/www.denkfried.de\/wp\/index.php?rest_route=\/wp\/v2\/pages\/40547\/revisions"}],"predecessor-version":[{"id":40550,"href":"http:\/\/www.denkfried.de\/wp\/index.php?rest_route=\/wp\/v2\/pages\/40547\/revisions\/40550"}],"up":[{"embeddable":true,"href":"http:\/\/www.denkfried.de\/wp\/index.php?rest_route=\/wp\/v2\/pages\/16425"}],"wp:attachment":[{"href":"http:\/\/www.denkfried.de\/wp\/index.php?rest_route=%2Fwp%2Fv2%2Fmedia&parent=40547"}],"curies":[{"name":"wp","href":"https:\/\/api.w.org\/{rel}","templated":true}]}}