{"id":405,"date":"2011-04-02T16:20:29","date_gmt":"2011-04-02T14:20:29","guid":{"rendered":"http:\/\/www.bilderstapel.de\/test\/wp\/?page_id=405"},"modified":"2017-10-28T19:56:31","modified_gmt":"2017-10-28T17:56:31","slug":"schleswig-holstein-2","status":"publish","type":"page","link":"http:\/\/www.denkfried.de\/wp\/?page_id=405","title":{"rendered":"S C H L E S W I G &#8211; HOLSTEIN"},"content":{"rendered":"<p>&nbsp;<\/p>\n<p>Landeshauptstadt Kiel<\/p>\n<p>24171 Kiel, Postfach 7121<\/p>\n<p>*********************************************************<\/p>\n<p><strong>Landkreise:<\/strong><\/p>\n<blockquote>\n<ul>\n<li>\n<address><a href=\"http:\/\/www.denkfried.de\/wp\/?page_id=4018\">Dithmarschen<\/a><\/address>\n<\/li>\n<li>\n<address><a href=\"http:\/\/www.denkfried.de\/wp\/?page_id=4024\">Herzogtum Lauenburg<\/a><\/address>\n<\/li>\n<li>\n<address><a href=\"http:\/\/www.denkfried.de\/wp\/?page_id=4027\">Nordfriesland<\/a><\/address>\n<\/li>\n<li>\n<address><a href=\"http:\/\/www.denkfried.de\/wp\/?page_id=4034\">Ostholstein<\/a><\/address>\n<\/li>\n<li>\n<address><a href=\"http:\/\/www.denkfried.de\/wp\/?page_id=4054\">Pinneberg<\/a> (mit Helgoland)<\/address>\n<\/li>\n<li>\n<address><a href=\"http:\/\/www.denkfried.de\/wp\/?page_id=4058\">Pl\u00f6n<\/a><\/address>\n<\/li>\n<li>\n<address><a href=\"http:\/\/www.denkfried.de\/wp\/?page_id=4088\">Rendsburg-Eckernf\u00f6rde<\/a><\/address>\n<\/li>\n<li>\n<address><a href=\"http:\/\/www.denkfried.de\/wp\/?page_id=4091\">Schleswig-Flensburg<\/a><\/address>\n<\/li>\n<li>\n<address><a href=\"http:\/\/www.denkfried.de\/wp\/?page_id=4125\">Segeberg<\/a><\/address>\n<\/li>\n<li>\n<address>Steinburg<\/address>\n<\/li>\n<li>\n<address><a href=\"http:\/\/www.denkfried.de\/wp\/?page_id=4132\">Stormarn<\/a><\/address>\n<\/li>\n<\/ul>\n<\/blockquote>\n<p><strong>Kreisfreie St\u00e4dte:<\/strong><\/p>\n<blockquote>\n<ul>\n<li>\n<address><a href=\"http:\/\/www.denkfried.de\/wp\/?page_id=4138\">Flensburg<\/a><\/address>\n<\/li>\n<li>\n<address><a href=\"http:\/\/www.denkfried.de\/wp\/?page_id=4152\">Kiel<\/a><\/address>\n<\/li>\n<li>\n<address><a href=\"http:\/\/www.denkfried.de\/wp\/?page_id=4173\">L\u00fcbeck<\/a><\/address>\n<\/li>\n<li>\n<address>Neum\u00fcnster<\/address>\n<\/li>\n<\/ul>\n<\/blockquote>\n<p>&nbsp;<\/p>\n<p>&nbsp;<\/p>\n","protected":false},"excerpt":{"rendered":"<p>&nbsp; Landeshauptstadt Kiel 24171 Kiel, Postfach 7121 ********************************************************* Landkreise: Dithmarschen Herzogtum Lauenburg Nordfriesland Ostholstein Pinneberg (mit Helgoland) Pl\u00f6n Rendsburg-Eckernf\u00f6rde Schleswig-Flensburg Segeberg Steinburg Stormarn Kreisfreie St\u00e4dte: Flensburg Kiel L\u00fcbeck Neum\u00fcnster &nbsp; &nbsp;<\/p>\n","protected":false},"author":2,"featured_media":0,"parent":41489,"menu_order":10,"comment_status":"open","ping_status":"open","template":"","meta":{"footnotes":""},"class_list":["post-405","page","type-page","status-publish","hentry"],"_links":{"self":[{"href":"http:\/\/www.denkfried.de\/wp\/index.php?rest_route=\/wp\/v2\/pages\/405","targetHints":{"allow":["GET"]}}],"collection":[{"href":"http:\/\/www.denkfried.de\/wp\/index.php?rest_route=\/wp\/v2\/pages"}],"about":[{"href":"http:\/\/www.denkfried.de\/wp\/index.php?rest_route=\/wp\/v2\/types\/page"}],"author":[{"embeddable":true,"href":"http:\/\/www.denkfried.de\/wp\/index.php?rest_route=\/wp\/v2\/users\/2"}],"replies":[{"embeddable":true,"href":"http:\/\/www.denkfried.de\/wp\/index.php?rest_route=%2Fwp%2Fv2%2Fcomments&post=405"}],"version-history":[{"count":7,"href":"http:\/\/www.denkfried.de\/wp\/index.php?rest_route=\/wp\/v2\/pages\/405\/revisions"}],"predecessor-version":[{"id":41267,"href":"http:\/\/www.denkfried.de\/wp\/index.php?rest_route=\/wp\/v2\/pages\/405\/revisions\/41267"}],"up":[{"embeddable":true,"href":"http:\/\/www.denkfried.de\/wp\/index.php?rest_route=\/wp\/v2\/pages\/41489"}],"wp:attachment":[{"href":"http:\/\/www.denkfried.de\/wp\/index.php?rest_route=%2Fwp%2Fv2%2Fmedia&parent=405"}],"curies":[{"name":"wp","href":"https:\/\/api.w.org\/{rel}","templated":true}]}}