{"id":4031,"date":"2011-04-23T17:32:42","date_gmt":"2011-04-23T15:32:42","guid":{"rendered":"http:\/\/www.denkfried.de\/wp\/?page_id=4031"},"modified":"2011-04-23T17:32:42","modified_gmt":"2011-04-23T15:32:42","slug":"westerland","status":"publish","type":"page","link":"http:\/\/www.denkfried.de\/wp\/?page_id=4031","title":{"rendered":"Westerland"},"content":{"rendered":"<p>&nbsp;<\/p>\n<p><span style=\"text-decoration: underline; color: #ff0000;\"><strong>25969 Westerland<\/strong><\/span><\/p>\n<p><a href=\"http:\/\/www.stadt-westerland.de\/\" target=\"_blank\">www.stadt-westerland.de<\/a><\/p>\n<p>Westerland liegt auf der Nordseeinsel Sylt und ist die n\u00f6rdlichste Stadt Deutschlands.<br \/>\nDie  Stadt hat mit der \u201eHeimat f\u00fcr Heimatlose\u201c einen besonderen Friedhof f\u00fcr  die namenlos angetriebenen toten Seeleute mit einem zentralen Mal,  einem m\u00e4chtigen Findling mit einem Gedicht des Kirchenlieddichters  Rudolf K\u00f6gel.<\/p>\n<p>Bei Kriegsende ruhten hier 59 auf Sylt gefallene, von der See angeschwemmte oder im Luftwaffenlazarett verstorbene Soldaten.<br \/>\n\u00dcber 100 Gefallene wurden vom Gemeindefriedhof umgebettet.<br \/>\nDen westlichen Abschlu\u00df bildet das auf einem Halbrund stehende Hochkreuz, um das sechs Sarkophagplatten gruppiert sind.<br \/>\nDie beiden mittleren tragen in Bronzelettern die Widmung<br \/>\n&#8222;Den Opfern des Krieges und der Gewaltherrschaft &#8211; die B\u00fcrger Westerlands&#8220;<br \/>\nund den Mahnspruch<br \/>\n&#8222;Ihr findet sie, wo ihr nach ihnen fragt: Im Osten gefallen, im Westen beklagt.&#8220;<\/p>\n<p>Auf dem Gemeindefriedhof befindet sich f\u00fcr die Gefallenen des 1.Weltkrieges ein weiteres Gr\u00e4berfeld.<br \/>\nNeben 25 Einzelgr\u00e4bern ruhen hier 93 Kriegstote in einem Sammelgrab. Fast alle waren Angeh\u00f6rige der Marine.<br \/>\nWeiterhin sind in der Gedenkhalle die Namen der 1914\/1918 gefallenen B\u00fcrger Westerlands verewigt.<\/p>\n<p>Kriegstote:\u00a0 \u00a0 \u00a01. Weltkrieg\u00a0 92\u00a0 \u00a0 \u00a0 \u00a0 \u00a0 \u00a0 \u00a0 \u00a0 \u00a0 2.Weltkrieg 170<\/p>\n","protected":false},"excerpt":{"rendered":"<p>&nbsp; 25969 Westerland www.stadt-westerland.de Westerland liegt auf der Nordseeinsel Sylt und ist die n\u00f6rdlichste Stadt Deutschlands. Die Stadt hat mit der \u201eHeimat f\u00fcr Heimatlose\u201c einen besonderen Friedhof f\u00fcr die namenlos angetriebenen toten Seeleute mit einem zentralen Mal, einem m\u00e4chtigen Findling &hellip; <a href=\"http:\/\/www.denkfried.de\/wp\/?page_id=4031\">Weiterlesen <span class=\"meta-nav\">&rarr;<\/span><\/a><\/p>\n","protected":false},"author":2,"featured_media":0,"parent":4027,"menu_order":0,"comment_status":"closed","ping_status":"open","template":"","meta":{"footnotes":""},"class_list":["post-4031","page","type-page","status-publish","hentry"],"_links":{"self":[{"href":"http:\/\/www.denkfried.de\/wp\/index.php?rest_route=\/wp\/v2\/pages\/4031","targetHints":{"allow":["GET"]}}],"collection":[{"href":"http:\/\/www.denkfried.de\/wp\/index.php?rest_route=\/wp\/v2\/pages"}],"about":[{"href":"http:\/\/www.denkfried.de\/wp\/index.php?rest_route=\/wp\/v2\/types\/page"}],"author":[{"embeddable":true,"href":"http:\/\/www.denkfried.de\/wp\/index.php?rest_route=\/wp\/v2\/users\/2"}],"replies":[{"embeddable":true,"href":"http:\/\/www.denkfried.de\/wp\/index.php?rest_route=%2Fwp%2Fv2%2Fcomments&post=4031"}],"version-history":[{"count":2,"href":"http:\/\/www.denkfried.de\/wp\/index.php?rest_route=\/wp\/v2\/pages\/4031\/revisions"}],"predecessor-version":[{"id":4033,"href":"http:\/\/www.denkfried.de\/wp\/index.php?rest_route=\/wp\/v2\/pages\/4031\/revisions\/4033"}],"up":[{"embeddable":true,"href":"http:\/\/www.denkfried.de\/wp\/index.php?rest_route=\/wp\/v2\/pages\/4027"}],"wp:attachment":[{"href":"http:\/\/www.denkfried.de\/wp\/index.php?rest_route=%2Fwp%2Fv2%2Fmedia&parent=4031"}],"curies":[{"name":"wp","href":"https:\/\/api.w.org\/{rel}","templated":true}]}}