{"id":399,"date":"2011-04-02T16:18:54","date_gmt":"2011-04-02T14:18:54","guid":{"rendered":"http:\/\/www.bilderstapel.de\/test\/wp\/?page_id=399"},"modified":"2020-11-06T20:46:32","modified_gmt":"2020-11-06T19:46:32","slug":"sachsen","status":"publish","type":"page","link":"http:\/\/www.denkfried.de\/wp\/?page_id=399","title":{"rendered":"S A C H S E N"},"content":{"rendered":"<h2>Der<span style=\"color: #ff0000;\"><strong>\u00a0 \u00a0 \u00a0 \u00a0 <span style=\"text-decoration: underline;\"><span style=\"color: #ff0000; text-decoration: underline;\">Freistaat Sachsen<\/span><\/span><\/strong><\/span><\/h2>\n<p>&nbsp;<\/p>\n<p>liegt im Osten Deutschlands. Das markante L\u00e4nderdreieck grenzt an Polen und der Tschechischen Republik.<\/p>\n<p>Die Fl\u00e4che betr\u00e4gt etwa 18,5 km\u00b2 und wird von rund 4,1 Mill. Einwohner bewohnt.<\/p>\n<p>Im Rahmen der Verwaltungsreform wurden 2012 12 Landkreise und 3 kreisfreie St\u00e4dte gebildet.<\/p>\n<table class=\"diff\" style=\"height: 462px;\" width=\"659\">\n<tbody>\n<tr>\n<td class=\"diff-addedline\">LK Bautzen ( Bautzen, Kamenz, Hoyerswerda)<\/td>\n<\/tr>\n<tr>\n<td>LK Erzgebirgskreis ( Stollberg, Annaberg, Aue-Schwarzenberg, Mittlerer Erzgebirgskreis)<\/td>\n<td><\/td>\n<td class=\"diff-addedline\"><\/td>\n<\/tr>\n<tr>\n<td>LK G\u00f6rlitz \/Niederschlesischer Oberlausitzkreis, L\u00f6bau-Zittau, G\u00f6rlitz)<\/td>\n<td><\/td>\n<td class=\"diff-addedline\"><\/td>\n<\/tr>\n<tr>\n<td>LK Leipzigm (Leipziger Land, Muldentalkreis)<\/td>\n<td><\/td>\n<td class=\"diff-addedline\"><\/td>\n<\/tr>\n<tr>\n<td>LK Mei\u00dfen\u00a0 (Mei\u00dfen, Riesa-Gro\u00dfenhain)<\/td>\n<td><\/td>\n<td class=\"diff-addedline\"><\/td>\n<\/tr>\n<tr>\n<td>LK Mittelsachsen\u00a0 (Freiberg, Mittweida, D\u00f6beln)<\/td>\n<td><\/td>\n<td class=\"diff-addedline\"><\/td>\n<\/tr>\n<tr>\n<td>LK Nordsachsen\u00a0 ( Delitzsch, Torgau-Oschatz)<\/td>\n<td><\/td>\n<td class=\"diff-addedline\"><\/td>\n<\/tr>\n<tr>\n<td>LK S\u00e4chsische Schweiz-Osterzgebirge\u00a0 (Wei\u00dferitzkreis, S\u00e4chsische Schweiz)<\/td>\n<td><\/td>\n<td class=\"diff-addedline\"><\/td>\n<\/tr>\n<tr>\n<td>LK Vogtlandkreis\u00a0 ( Vogtlandkreis, Plauen)<\/td>\n<td><\/td>\n<td class=\"diff-addedline\"><\/td>\n<\/tr>\n<tr>\n<td>LK Zwickau\u00a0 (Chemnitzer Land, Zwickauer Land, Zwickau)<\/td>\n<td><\/td>\n<td class=\"diff-addedline\"><\/td>\n<\/tr>\n<\/tbody>\n<\/table>\n<p>Sachsen hat eine reiche und wechselhafte Geschichte. Es w\u00fcrde hier den Rahmen sprengen und deshalb wird haupts\u00e4chlich die Zeit der Weltkriege, was auch das Anliegen dieser Seite ist, beleuchtet.<\/p>\n<p>Im Ersten Weltkrieg nahm eine eigene s\u00e4chsische Armee als Bestandteil des deutschen Heeres an Kriegshandlungen teil. Unter Max von Hausen wird diese als 3.Deutsche Armee eingesetzt und nimmt u.a. an der Marne &#8211; Schlacht vom 5.-12.September 1914 teil. Von den 750.000 Soldaten fallen 210.000 und 190.000 gelten als vermisst. Als Ehrung und Gedenken an ihre Soldaten wurden fast in jedem Ort ein Kriegerdenkmal errichtet. Vor allem die Angh\u00f6rigern von den Gefallenen und Vermissten sowie die Kirchen spendeten Gelder f\u00fcr die Errichtung.Am 5.November 1918 w\u00e4hlten 3000 Soldaten der Gro\u00dfenhainer Fliegerkaserne den ersten Soldatenrat Sachsens als Antikriegsorgan.<\/p>\n<p><strong>Ab 1934<\/strong> Ihre politischen Gegner in Sachsen sperren die Nationalsozialisten unter anderem in den Zuchth\u00e4usern Bautzen und Waldheim und im Milit\u00e4rgef\u00e4ngnis Torgau ein. In Bernburg und Pirna-Sonnenstein finden im Rahmen der Euthanasiema\u00dfnahmen zehntausende behinderte Menschen den Tod. Konzentrationslager befinden sich u.a. auf der Burg Hohnstein, der Festung K\u00f6nigstein und der Festung Colditz. Mit der Abschiebung von 5.000 Leipziger Juden (hier lebten 15.000 von insgesamt 23.000 s\u00e4chsischen Juden) nach Polen beginnen im Oktober 1938 die Massendeportationen.\u00a0\u00a0 Quelle: Chronik-Geschichte Sachsen<\/p>\n<p>___________________________________________<\/p>\n<h2><span style=\"text-decoration: underline;\"><strong>Landkreise:<\/strong><\/span><\/h2>\n<ul>\n<li>\n<address><a title=\"LK BAUTZEN\" href=\"http:\/\/www.denkfried.de\/wp\/?page_id=6233\">Bautzen<\/a><\/address>\n<\/li>\n<li>\n<address><a title=\"LK ERZGEBIRGSKREIS\" href=\"http:\/\/www.denkfried.de\/wp\/?page_id=7406\">Erzgebirgskreis<\/a><\/address>\n<\/li>\n<li>\n<address><a title=\"LK G\u00d6RLITZ\" href=\"http:\/\/www.denkfried.de\/wp\/?page_id=7410\">G\u00f6rlitz<\/a><\/address>\n<\/li>\n<li>\n<address><a title=\"LK LEIPZIG\" href=\"http:\/\/www.denkfried.de\/wp\/?page_id=7413\">Leipzig<\/a><\/address>\n<\/li>\n<li>\n<address><a title=\"LK MEI\u00dfEN\" href=\"http:\/\/www.denkfried.de\/wp\/?page_id=7416\">Mei\u00dfen<\/a><\/address>\n<\/li>\n<li>\n<address><a title=\"LK MITTELSACHSEN\" href=\"http:\/\/www.denkfried.de\/wp\/?page_id=7419\">Mittelsachsen<\/a><\/address>\n<\/li>\n<li><a title=\"LK NORDSACHSEN\" href=\"http:\/\/www.denkfried.de\/wp\/?page_id=7422\">Nordsachsen<\/a><\/li>\n<li>\n<address><a title=\"LK S\u00c4CHS.SCHWEIZ-OSTERZGEBIRGE\" href=\"http:\/\/www.denkfried.de\/wp\/?page_id=7426\">S\u00e4chsische Schweiz-Osterzgebirge<\/a><\/address>\n<\/li>\n<li>\n<address><a title=\"LK VOGTLANDKREIS\" href=\"http:\/\/www.denkfried.de\/wp\/?page_id=7429\">Vogtlandkreis<\/a><\/address>\n<\/li>\n<li>\n<address><a title=\"LK ZWICKAU\" href=\"http:\/\/www.denkfried.de\/wp\/?page_id=7605\">Zwickau<\/a><\/address>\n<\/li>\n<\/ul>\n<p><!--more--><\/p>\n<h2><span style=\"text-decoration: underline;\"><strong>Kreisfreie St\u00e4dte:<\/strong><\/span><\/h2>\n<ul>\n<li>\n<address><a title=\"Kreisfreie Stadt: CHEMNITZ\" href=\"http:\/\/www.denkfried.de\/wp\/?page_id=7634\">Chemnitz<\/a><\/address>\n<\/li>\n<li>\n<address><a title=\"Kreisfreie Stadt: DRESDEN\" href=\"http:\/\/www.denkfried.de\/wp\/?page_id=7637\">Dresden<\/a><\/address>\n<\/li>\n<li>\n<address><a title=\"Kreisfreie Stadt: LEIPZIG\" href=\"http:\/\/www.denkfried.de\/wp\/?page_id=7640\">Leipzig<\/a><\/address>\n<\/li>\n<\/ul>\n<p>&nbsp;<\/p>\n","protected":false},"excerpt":{"rendered":"<p>Der\u00a0 \u00a0 \u00a0 \u00a0 Freistaat Sachsen &nbsp; liegt im Osten Deutschlands. Das markante L\u00e4nderdreieck grenzt an Polen und der Tschechischen Republik. Die Fl\u00e4che betr\u00e4gt etwa 18,5 km\u00b2 und wird von rund 4,1 Mill. Einwohner bewohnt. Im Rahmen der Verwaltungsreform wurden &hellip; <a href=\"http:\/\/www.denkfried.de\/wp\/?page_id=399\">Weiterlesen <span class=\"meta-nav\">&rarr;<\/span><\/a><\/p>\n","protected":false},"author":2,"featured_media":0,"parent":189,"menu_order":4,"comment_status":"open","ping_status":"open","template":"","meta":{"footnotes":""},"class_list":["post-399","page","type-page","status-publish","hentry"],"_links":{"self":[{"href":"http:\/\/www.denkfried.de\/wp\/index.php?rest_route=\/wp\/v2\/pages\/399","targetHints":{"allow":["GET"]}}],"collection":[{"href":"http:\/\/www.denkfried.de\/wp\/index.php?rest_route=\/wp\/v2\/pages"}],"about":[{"href":"http:\/\/www.denkfried.de\/wp\/index.php?rest_route=\/wp\/v2\/types\/page"}],"author":[{"embeddable":true,"href":"http:\/\/www.denkfried.de\/wp\/index.php?rest_route=\/wp\/v2\/users\/2"}],"replies":[{"embeddable":true,"href":"http:\/\/www.denkfried.de\/wp\/index.php?rest_route=%2Fwp%2Fv2%2Fcomments&post=399"}],"version-history":[{"count":11,"href":"http:\/\/www.denkfried.de\/wp\/index.php?rest_route=\/wp\/v2\/pages\/399\/revisions"}],"predecessor-version":[{"id":41845,"href":"http:\/\/www.denkfried.de\/wp\/index.php?rest_route=\/wp\/v2\/pages\/399\/revisions\/41845"}],"up":[{"embeddable":true,"href":"http:\/\/www.denkfried.de\/wp\/index.php?rest_route=\/wp\/v2\/pages\/189"}],"wp:attachment":[{"href":"http:\/\/www.denkfried.de\/wp\/index.php?rest_route=%2Fwp%2Fv2%2Fmedia&parent=399"}],"curies":[{"name":"wp","href":"https:\/\/api.w.org\/{rel}","templated":true}]}}