{"id":3981,"date":"2011-04-21T15:46:40","date_gmt":"2011-04-21T13:46:40","guid":{"rendered":"http:\/\/www.denkfried.de\/wp\/?page_id=3981"},"modified":"2011-04-21T15:46:40","modified_gmt":"2011-04-21T13:46:40","slug":"osterode-am-harz","status":"publish","type":"page","link":"http:\/\/www.denkfried.de\/wp\/?page_id=3981","title":{"rendered":"Osterode am Harz"},"content":{"rendered":"<p>&nbsp;<\/p>\n<p><span style=\"text-decoration: underline; color: #ff0000;\"><strong>37520 Osterode\/Harz<\/strong><\/span><\/p>\n<p>St\u00e4dtischer Friedhof\u00a0 \u00a0 \u00a0 \u00a0 \u00a0 \u00a0 \u00a0 \u00a0 \u00a0 \u00a0 \u00a0 \u00a0 \u00a0 \u00a0 \u00a0 \u00a0 \u00a0 \u00a0 \u00a0 \u00a0 \u00a0 \u00a0 \u00a0 \u00a0Deutschland\/Osterode &#8211; St\u00e4dt.Friedhof<\/p>\n<p>Osteroder Johannisfriedhof<br \/>\n*  Grabmahl mit polnischer Inschrift in Erinnerung an H\u00e4ftlinge die  1939-1945 in Konzentrationslagern ums Leben gekommen sind. Es sind auch  H\u00e4ftlingsnummern verewigt worden.<\/p>\n<p>* Gr\u00e4berst\u00e4tte f\u00fcr 65 polnische, sowjetische und ungarische Zwangsarbeiter und deren Kinder<\/p>\n<p>* Zwei Grabmale\u00a0 19\/ 12\u00a0 ausl\u00e4ndische Opfer des Krieges deren Namen teilweise unbekannt sind (Russen, Polen, Italiener)<\/p>\n<p>J\u00fcdischer Friedhof<br \/>\nSchwiegersh\u00e4user Stra\u00dfe<br \/>\n* Mahmal f\u00fcr 25 hier beigesetzte sowjetische Kriegsgefangene<\/p>\n<p>Osteroder Innenstadt- Langer Krummer Bruch &#8211; Gedenktafel f\u00fcr die zerst\u00f6rte Synagoge<\/p>\n<p>Kaiserteich &#8211; S\u00fcdbahnhof<br \/>\nGedenkstein f\u00fcr get\u00f6tete H\u00e4ftlinge des Todesmarsches vom 7.\/8.April 1945<\/p>\n<p>S\u00f6segrund, Petersh\u00fctter Allee<br \/>\nGedenkstein f\u00fcr die Zwangsarbeiter vom Projekt &#8222;Dachs IV&#8220;<\/p>\n<p>Ortsteil Freiheit, Baumhofstra\u00dfe<br \/>\nGedenktafel f\u00fcr die H\u00e4ftlinge des Zwangslagers &#8222;Heber West&#8220;<\/p>\n<p>Friedhof Badenhausen<br \/>\nGedenktafel f\u00fcr 3 KZ-H\u00e4ftlinge, die w\u00e4hrend eines Zugtransportes ums Leben gekommen sind<\/p>\n<p>Friedhof D\u00fcna<br \/>\nGedenktafel f\u00fcr eine 44-j\u00e4hrige einwohnerin die am 11.April 1945 bei den K\u00e4mpfen ums Leben gekommen ist.<\/p>\n","protected":false},"excerpt":{"rendered":"<p>&nbsp; 37520 Osterode\/Harz St\u00e4dtischer Friedhof\u00a0 \u00a0 \u00a0 \u00a0 \u00a0 \u00a0 \u00a0 \u00a0 \u00a0 \u00a0 \u00a0 \u00a0 \u00a0 \u00a0 \u00a0 \u00a0 \u00a0 \u00a0 \u00a0 \u00a0 \u00a0 \u00a0 \u00a0 \u00a0Deutschland\/Osterode &#8211; St\u00e4dt.Friedhof Osteroder Johannisfriedhof * Grabmahl mit polnischer Inschrift in Erinnerung an &hellip; <a href=\"http:\/\/www.denkfried.de\/wp\/?page_id=3981\">Weiterlesen <span class=\"meta-nav\">&rarr;<\/span><\/a><\/p>\n","protected":false},"author":2,"featured_media":0,"parent":3975,"menu_order":0,"comment_status":"closed","ping_status":"open","template":"","meta":{"footnotes":""},"class_list":["post-3981","page","type-page","status-publish","hentry"],"_links":{"self":[{"href":"http:\/\/www.denkfried.de\/wp\/index.php?rest_route=\/wp\/v2\/pages\/3981","targetHints":{"allow":["GET"]}}],"collection":[{"href":"http:\/\/www.denkfried.de\/wp\/index.php?rest_route=\/wp\/v2\/pages"}],"about":[{"href":"http:\/\/www.denkfried.de\/wp\/index.php?rest_route=\/wp\/v2\/types\/page"}],"author":[{"embeddable":true,"href":"http:\/\/www.denkfried.de\/wp\/index.php?rest_route=\/wp\/v2\/users\/2"}],"replies":[{"embeddable":true,"href":"http:\/\/www.denkfried.de\/wp\/index.php?rest_route=%2Fwp%2Fv2%2Fcomments&post=3981"}],"version-history":[{"count":2,"href":"http:\/\/www.denkfried.de\/wp\/index.php?rest_route=\/wp\/v2\/pages\/3981\/revisions"}],"predecessor-version":[{"id":3983,"href":"http:\/\/www.denkfried.de\/wp\/index.php?rest_route=\/wp\/v2\/pages\/3981\/revisions\/3983"}],"up":[{"embeddable":true,"href":"http:\/\/www.denkfried.de\/wp\/index.php?rest_route=\/wp\/v2\/pages\/3975"}],"wp:attachment":[{"href":"http:\/\/www.denkfried.de\/wp\/index.php?rest_route=%2Fwp%2Fv2%2Fmedia&parent=3981"}],"curies":[{"name":"wp","href":"https:\/\/api.w.org\/{rel}","templated":true}]}}