{"id":39651,"date":"2015-12-11T20:23:24","date_gmt":"2015-12-11T19:23:24","guid":{"rendered":"http:\/\/www.denkfried.de\/wp\/?page_id=39651"},"modified":"2015-12-29T20:12:29","modified_gmt":"2015-12-29T19:12:29","slug":"hamburg-dm","status":"publish","type":"page","link":"http:\/\/www.denkfried.de\/wp\/?page_id=39651","title":{"rendered":"Hamburg DM"},"content":{"rendered":"<p>&nbsp;<\/p>\n<p><strong>Hamburg<\/strong> Denkm\u00e4ler<\/p>\n<p>Bericht und Bilder von Thomas\u00a0<a href=\"http:\/\/g-bb.jimdo.com\/\">Gefallenendenkm\u00e4ler Berlin\/Brandenburg<\/a><\/p>\n<div id='gallery-1' class='gallery galleryid-39651 gallery-columns-4 gallery-size-thumbnail'><dl class='gallery-item'>\n\t\t\t<dt class='gallery-icon portrait'>\n\t\t\t\t<a href='http:\/\/www.denkfried.de\/wp\/?attachment_id=40203'><img loading=\"lazy\" decoding=\"async\" width=\"150\" height=\"150\" src=\"http:\/\/www.denkfried.de\/wp\/wp-content\/uploads\/2015\/12\/Hamburg-Gefallenendenkmal-1-150x150.jpg\" class=\"attachment-thumbnail size-thumbnail\" alt=\"\" \/><\/a>\n\t\t\t<\/dt><\/dl><dl class='gallery-item'>\n\t\t\t<dt class='gallery-icon portrait'>\n\t\t\t\t<a href='http:\/\/www.denkfried.de\/wp\/?attachment_id=40205'><img loading=\"lazy\" decoding=\"async\" width=\"150\" height=\"150\" src=\"http:\/\/www.denkfried.de\/wp\/wp-content\/uploads\/2015\/12\/Hamburg-Gefallenendenkmal-150x150.jpg\" class=\"attachment-thumbnail size-thumbnail\" alt=\"\" \/><\/a>\n\t\t\t<\/dt><\/dl><dl class='gallery-item'>\n\t\t\t<dt class='gallery-icon landscape'>\n\t\t\t\t<a href='http:\/\/www.denkfried.de\/wp\/?attachment_id=39766'><img loading=\"lazy\" decoding=\"async\" width=\"150\" height=\"150\" src=\"http:\/\/www.denkfried.de\/wp\/wp-content\/uploads\/2015\/12\/Hamburg-Ehrenmal-150x150.jpg\" class=\"attachment-thumbnail size-thumbnail\" alt=\"\" \/><\/a>\n\t\t\t<\/dt><\/dl><dl class='gallery-item'>\n\t\t\t<dt class='gallery-icon portrait'>\n\t\t\t\t<a href='http:\/\/www.denkfried.de\/wp\/?attachment_id=39769'><img loading=\"lazy\" decoding=\"async\" width=\"150\" height=\"150\" src=\"http:\/\/www.denkfried.de\/wp\/wp-content\/uploads\/2015\/12\/Hamburg-Kriegerdenkmal-150x150.jpg\" class=\"attachment-thumbnail size-thumbnail\" alt=\"\" \/><\/a>\n\t\t\t<\/dt><\/dl><br style=\"clear: both\" \/>\n\t\t<\/div>\n\n<p><span style=\"text-decoration: underline;\"><strong>Denkmal 1870-71<\/strong><\/span><\/p>\n<p>Regiments-Kriegerdenkmal 1870\/71\u00a0des Infanterie-Regiments (2. Hanseatisches) No. 76, es befindet sich am Alsterufer. Die Figurengruppe versinnbildlicht eine Gruppe sterbender Krieger. Ihnen hat sich der Todes- oder Friedensengel genaht, der die Qual des letzten Kampfes zu beenden sucht. Leise k\u00fc\u00dft er dem Ulan im Vordergrund die Stirn, der, t\u00f6dlich in der Brust getroffen und noch den S\u00e4bel zum Angriff in der Faust, vom zusammengebrochenen Pferd sinkt. Den Leib des t\u00f6dlich verwundeten Infanteristen deckt er mit der Palme; auf das zur\u00fcckgelehnte Haupt des bei seinem Gesch\u00fctz gefallenen Landwehrmannes senkt er den Lorbeerkranz hernieder. \u00a0Die Figurengruppe erhebt sich auf einem rotbraunen Granitsockel, der auf einem ausgedehnten Unterbau ruht und auf Inschrifttafeln die Widmung und Namen der Gefallenen tr\u00e4gt.<\/p>\n<p><a href=\"http:\/\/wiki-de.genealogy.net\/Hamburg\/Regimentsdenkmal_1870\/71\">Quelle und weitere Daten zum Denkmal<\/a><\/p>\n<p><span style=\"text-decoration: underline;\"><strong>Denkmal 1914-1918<\/strong><\/span><\/p>\n<p>Das Denkmal befindet sich am Jungfernstieg beim\u00a0Rathaus. Es ist 21 Meter hoch und wurde vom Architekten Klaus Hoffmann und \u00a0K\u00fcnstler Ernst Burlach geschaffen. Eingeweiht wurde es am 3. August 1931. Ein Relief einer Trauernden Frau mit Kind ist eingearbeitet und folgende Inschrift: <strong>Vierzig Tausend S\u00f6hne der Stadt liessen ihr Leben f\u00fcr euch 1914-1918<\/strong>. Das Relief wurde 1938 entfernt und durch einen aufsteigenden Adler ersetzt. Durch beschlu\u00df des hamburger Senats wurde 1949 das\u00a0Relief hergestellt und das Denkmal f\u00fcr die Opfer beider Weltkriege umgewidmet.<\/p>\n<p><span style=\"text-decoration: underline;\"><strong>Denkmalanlage am Dammtor<\/strong><\/span><\/p>\n<p>Nach dem ersten Weltkrieg entschied der Senat, dass in Hamburg keine `Heldengedenkst\u00e4tte`, sondern ein zentrales Mahnmal f\u00fcr die Gefallenen des Krieges errichtet werden sollte. Direkt am Rathausmarkt wurde 1931eine hohe Stele mit der Darstellung einer trauernden Mutter mit Kind von Ernst Barlach aufgestellt. Die Inschrift lautet `Vierzigtausend S\u00f6hne der Stadt lie\u00dfen ihr Leben f\u00fcr euch`. Dieses Mahnmal gen\u00fcgte nationalistischen Kreisen jedoch nicht. Nach der Machtergreifung durch die Nationalsozialisten wurde 1934 ein Wettbewerb f\u00fcr ein Denkmal f\u00fcr das Hamburger Infanterieregiment 76 ausgeschrieben. Teilnehmer sollten `reichsdeutsche arische Architekten und Bildhauer` sein. Der NS-Senat genehmigte den Entwurf eines Denkmalblocks von Richard Ku\u00f6hl. Die umlaufende Darstellung, Soldaten in Marschuniform sowie die Inschriften `Deutschland muss leben, und wenn wir sterben m\u00fcssen` und `Gro\u00dftaten der Vergangenheit sind Br\u00fcckenpfeiler der Zukunft`, zeigen die kriegsvorbereitende NS-Propaganda. Am 15. M\u00e4rz 1936 wurde das Denkmal mit einer Milit\u00e4rparade eingeweiht. F\u00e4lschlich als Ehrenmal f\u00fcr die Gefallenen des Ersten Weltkriegs gedeutet, erhielt es 1957 eine zus\u00e4tzliche Tafel zur Erinnerung an Gefallene des Zweiten Weltkriegs. Nach 1945 wurde immer wieder die Zerst\u00f6rung des Denkmals mit der Begr\u00fcndung gefordert, es verherrliche Militarismus und Heldentod. Der Senat entschied, das Denkmal als Zeugnis der Geschichte am Ort zu belassen, es jedoch zu kommentieren. Auf Empfehlung der Hamburger Kunstkommission wurde der Wiener Bildhauer Alfred Hrdlicka beauftragt, `den Platz so umzugestalten, dass aus einer Kriegsverherrlichung ein Mahnmal gegen den Krieg wird`. Hrdlickas Entwurf kontrastierte den massigen Block des 76er Denkmals mit einem zerbrochenen Hakenkreuz, das den Grundriss f\u00fcr eine offene Anlage aus vier einzelnen Denkmalteilen bilden sollte. Die Teile sollten aufeinander folgend jeweils nach Entstehung aufgestellt werden und den Zweiten Weltkrieg thematisieren: `Hamburger Feuersturm`, `Verfolgung und Widerstand`, `Soldatentod` und `Frauenbild und Faschismus`. Zum vierzigsten Jahrestag des Kriegsendes am 8. Mai 1985 wurde der `Hamburger Feuersturm`, am 29. September 1986 die Skulptur \u201eUntergang von KZ H\u00e4ftlingen` errichtet. Nur diese beiden Teile wurden realisiert.\u201c<\/p>\n","protected":false},"excerpt":{"rendered":"<p>&nbsp; Hamburg Denkm\u00e4ler Bericht und Bilder von Thomas\u00a0Gefallenendenkm\u00e4ler Berlin\/Brandenburg Denkmal 1870-71 Regiments-Kriegerdenkmal 1870\/71\u00a0des Infanterie-Regiments (2. Hanseatisches) No. 76, es befindet sich am Alsterufer. Die Figurengruppe versinnbildlicht eine Gruppe sterbender Krieger. Ihnen hat sich der Todes- oder Friedensengel genaht, der die &hellip; <a href=\"http:\/\/www.denkfried.de\/wp\/?page_id=39651\">Weiterlesen <span class=\"meta-nav\">&rarr;<\/span><\/a><\/p>\n","protected":false},"author":9,"featured_media":0,"parent":380,"menu_order":0,"comment_status":"closed","ping_status":"closed","template":"","meta":{"footnotes":""},"class_list":["post-39651","page","type-page","status-publish","hentry"],"_links":{"self":[{"href":"http:\/\/www.denkfried.de\/wp\/index.php?rest_route=\/wp\/v2\/pages\/39651","targetHints":{"allow":["GET"]}}],"collection":[{"href":"http:\/\/www.denkfried.de\/wp\/index.php?rest_route=\/wp\/v2\/pages"}],"about":[{"href":"http:\/\/www.denkfried.de\/wp\/index.php?rest_route=\/wp\/v2\/types\/page"}],"author":[{"embeddable":true,"href":"http:\/\/www.denkfried.de\/wp\/index.php?rest_route=\/wp\/v2\/users\/9"}],"replies":[{"embeddable":true,"href":"http:\/\/www.denkfried.de\/wp\/index.php?rest_route=%2Fwp%2Fv2%2Fcomments&post=39651"}],"version-history":[{"count":18,"href":"http:\/\/www.denkfried.de\/wp\/index.php?rest_route=\/wp\/v2\/pages\/39651\/revisions"}],"predecessor-version":[{"id":40206,"href":"http:\/\/www.denkfried.de\/wp\/index.php?rest_route=\/wp\/v2\/pages\/39651\/revisions\/40206"}],"up":[{"embeddable":true,"href":"http:\/\/www.denkfried.de\/wp\/index.php?rest_route=\/wp\/v2\/pages\/380"}],"wp:attachment":[{"href":"http:\/\/www.denkfried.de\/wp\/index.php?rest_route=%2Fwp%2Fv2%2Fmedia&parent=39651"}],"curies":[{"name":"wp","href":"https:\/\/api.w.org\/{rel}","templated":true}]}}