{"id":39125,"date":"2015-08-18T20:42:32","date_gmt":"2015-08-18T18:42:32","guid":{"rendered":"http:\/\/www.denkfried.de\/wp\/?page_id=39125"},"modified":"2015-08-18T21:04:38","modified_gmt":"2015-08-18T19:04:38","slug":"lk-hameln-pyrmont","status":"publish","type":"page","link":"http:\/\/www.denkfried.de\/wp\/?page_id=39125","title":{"rendered":"LK Hameln Pyrmont"},"content":{"rendered":"<p>&nbsp;<\/p>\n<p><span style=\"text-decoration: underline;\"><strong>31812 Bad Pyrmont OT-Oesdorf<\/strong><\/span><\/p>\n<p>&nbsp;<\/p>\n<p>Auf dem Ortsfriedhof in Bad Pyrmont OT-Oesdorf an der Lortzingstrasse findet sich gleich beim Eingang des Ortsfriedhofs eine gemeinsame Gr\u00e4berfl\u00e4che f\u00fcr gefallene Deutsche Soldaten des Zweiten Weltkriegs. Auf grauen Natursteinkreutzen, auf deren oberer H\u00e4lfte ein vertieft gearbeitetes Eisernes Kreutz zu sehen ist, wurden die Daten der hier beigesetzten gefallenen angebracht. Viele von ihnen verstarben im Lazarett in Bad Pyrmont . Ein Grabzeichen ist aufgefallen, mit Bodenplatte auf der die Daten der verstorbenen Frau des hier bestatteten deutschen Soldaten zu sehen sind.<\/p>\n<p>&nbsp;<\/p>\n<p>Koordinaten\u00a0\u00a0 N 51\u00b098.508\u00a0 O9\u00b015.871<\/p>\n<p>&nbsp;<\/p>\n<p>Bilder vom 01.08.2015<\/p>\n<p>&nbsp;<\/p>\n<p>Gr\u00fc\u00dfe Hubert<\/p>\n<p><a href=\"http:\/\/www.denkfried.de\/wp\/wp-content\/uploads\/2015\/08\/Bad-Pyrmont2.W.K.-70-deutsch-01.08.15-1.jpg\"><img loading=\"lazy\" decoding=\"async\" class=\"aligncenter size-thumbnail wp-image-39126\" src=\"http:\/\/www.denkfried.de\/wp\/wp-content\/uploads\/2015\/08\/Bad-Pyrmont2.W.K.-70-deutsch-01.08.15-1-150x150.jpg\" alt=\"Bad Pyrmont,2.W.K. 70 deutsch 01.08.15 (1)\" width=\"150\" height=\"150\" \/><\/a> <a href=\"http:\/\/www.denkfried.de\/wp\/wp-content\/uploads\/2015\/08\/Bad-Pyrmont2.W.K.-70-deutsch-01.08.15-2.jpg\"><img loading=\"lazy\" decoding=\"async\" class=\"aligncenter size-thumbnail wp-image-39127\" src=\"http:\/\/www.denkfried.de\/wp\/wp-content\/uploads\/2015\/08\/Bad-Pyrmont2.W.K.-70-deutsch-01.08.15-2-150x150.jpg\" alt=\"Bad Pyrmont,2.W.K. 70 deutsch 01.08.15 (2)\" width=\"150\" height=\"150\" \/><\/a> <a href=\"http:\/\/www.denkfried.de\/wp\/wp-content\/uploads\/2015\/08\/Bad-Pyrmont2.W.K.-70-deutsch-01.08.15-3.jpg\"><img loading=\"lazy\" decoding=\"async\" class=\"aligncenter size-thumbnail wp-image-39128\" src=\"http:\/\/www.denkfried.de\/wp\/wp-content\/uploads\/2015\/08\/Bad-Pyrmont2.W.K.-70-deutsch-01.08.15-3-150x150.jpg\" alt=\"Bad Pyrmont,2.W.K. 70 deutsch 01.08.15 (3)\" width=\"150\" height=\"150\" \/><\/a> <a href=\"http:\/\/www.denkfried.de\/wp\/wp-content\/uploads\/2015\/08\/Bad-Pyrmont2.W.K.-70-deutsch-01.08.15-4.jpg\"><img loading=\"lazy\" decoding=\"async\" class=\"aligncenter size-thumbnail wp-image-39129\" src=\"http:\/\/www.denkfried.de\/wp\/wp-content\/uploads\/2015\/08\/Bad-Pyrmont2.W.K.-70-deutsch-01.08.15-4-150x150.jpg\" alt=\"Bad Pyrmont,2.W.K. 70 deutsch 01.08.15 (4)\" width=\"150\" height=\"150\" \/><\/a> <a href=\"http:\/\/www.denkfried.de\/wp\/wp-content\/uploads\/2015\/08\/Bad-Pyrmont2.W.K.-70-deutsch-01.08.15-5.jpg\"><img loading=\"lazy\" decoding=\"async\" class=\"aligncenter size-thumbnail wp-image-39130\" src=\"http:\/\/www.denkfried.de\/wp\/wp-content\/uploads\/2015\/08\/Bad-Pyrmont2.W.K.-70-deutsch-01.08.15-5-150x150.jpg\" alt=\"Bad Pyrmont,2.W.K. 70 deutsch 01.08.15 (5)\" width=\"150\" height=\"150\" \/><\/a> <a href=\"http:\/\/www.denkfried.de\/wp\/wp-content\/uploads\/2015\/08\/Bad-Pyrmont2.W.K.-70-deutsch-01.08.15-6.jpg\"><img loading=\"lazy\" decoding=\"async\" class=\"aligncenter size-thumbnail wp-image-39131\" src=\"http:\/\/www.denkfried.de\/wp\/wp-content\/uploads\/2015\/08\/Bad-Pyrmont2.W.K.-70-deutsch-01.08.15-6-150x150.jpg\" alt=\"Bad Pyrmont,2.W.K. 70 deutsch 01.08.15 (6)\" width=\"150\" height=\"150\" \/><\/a> <a href=\"http:\/\/www.denkfried.de\/wp\/wp-content\/uploads\/2015\/08\/Bad-Pyrmont2.W.K.-70-deutsch-01.08.15-7.jpg\"><img loading=\"lazy\" decoding=\"async\" class=\"aligncenter size-thumbnail wp-image-39132\" src=\"http:\/\/www.denkfried.de\/wp\/wp-content\/uploads\/2015\/08\/Bad-Pyrmont2.W.K.-70-deutsch-01.08.15-7-150x150.jpg\" alt=\"Bad Pyrmont,2.W.K. 70 deutsch 01.08.15 (7)\" width=\"150\" height=\"150\" \/><\/a> <a href=\"http:\/\/www.denkfried.de\/wp\/wp-content\/uploads\/2015\/08\/Bad-Pyrmont2.W.K.-70-deutsch-01.08.15-8.jpg\"><img loading=\"lazy\" decoding=\"async\" class=\"aligncenter size-thumbnail wp-image-39133\" src=\"http:\/\/www.denkfried.de\/wp\/wp-content\/uploads\/2015\/08\/Bad-Pyrmont2.W.K.-70-deutsch-01.08.15-8-150x150.jpg\" alt=\"Bad Pyrmont,2.W.K. 70 deutsch 01.08.15 (8)\" width=\"150\" height=\"150\" \/><\/a><\/p>\n<p>&nbsp;<\/p>\n<p>&nbsp;<\/p>\n","protected":false},"excerpt":{"rendered":"<p>&nbsp; 31812 Bad Pyrmont OT-Oesdorf &nbsp; Auf dem Ortsfriedhof in Bad Pyrmont OT-Oesdorf an der Lortzingstrasse findet sich gleich beim Eingang des Ortsfriedhofs eine gemeinsame Gr\u00e4berfl\u00e4che f\u00fcr gefallene Deutsche Soldaten des Zweiten Weltkriegs. Auf grauen Natursteinkreutzen, auf deren oberer H\u00e4lfte &hellip; <a href=\"http:\/\/www.denkfried.de\/wp\/?page_id=39125\">Weiterlesen <span class=\"meta-nav\">&rarr;<\/span><\/a><\/p>\n","protected":false},"author":7,"featured_media":0,"parent":387,"menu_order":0,"comment_status":"open","ping_status":"open","template":"","meta":{"footnotes":""},"class_list":["post-39125","page","type-page","status-publish","hentry"],"_links":{"self":[{"href":"http:\/\/www.denkfried.de\/wp\/index.php?rest_route=\/wp\/v2\/pages\/39125","targetHints":{"allow":["GET"]}}],"collection":[{"href":"http:\/\/www.denkfried.de\/wp\/index.php?rest_route=\/wp\/v2\/pages"}],"about":[{"href":"http:\/\/www.denkfried.de\/wp\/index.php?rest_route=\/wp\/v2\/types\/page"}],"author":[{"embeddable":true,"href":"http:\/\/www.denkfried.de\/wp\/index.php?rest_route=\/wp\/v2\/users\/7"}],"replies":[{"embeddable":true,"href":"http:\/\/www.denkfried.de\/wp\/index.php?rest_route=%2Fwp%2Fv2%2Fcomments&post=39125"}],"version-history":[{"count":8,"href":"http:\/\/www.denkfried.de\/wp\/index.php?rest_route=\/wp\/v2\/pages\/39125\/revisions"}],"predecessor-version":[{"id":39147,"href":"http:\/\/www.denkfried.de\/wp\/index.php?rest_route=\/wp\/v2\/pages\/39125\/revisions\/39147"}],"up":[{"embeddable":true,"href":"http:\/\/www.denkfried.de\/wp\/index.php?rest_route=\/wp\/v2\/pages\/387"}],"wp:attachment":[{"href":"http:\/\/www.denkfried.de\/wp\/index.php?rest_route=%2Fwp%2Fv2%2Fmedia&parent=39125"}],"curies":[{"name":"wp","href":"https:\/\/api.w.org\/{rel}","templated":true}]}}