{"id":39118,"date":"2015-08-18T19:49:16","date_gmt":"2015-08-18T17:49:16","guid":{"rendered":"http:\/\/www.denkfried.de\/wp\/?page_id=39118"},"modified":"2015-08-18T19:49:16","modified_gmt":"2015-08-18T17:49:16","slug":"luegde-ot-rischenau","status":"publish","type":"page","link":"http:\/\/www.denkfried.de\/wp\/?page_id=39118","title":{"rendered":"L\u00fcgde OT-Rischenau"},"content":{"rendered":"<p>&nbsp;<\/p>\n<p><span style=\"text-decoration: underline;\"><strong>32676 L\u00fcgde OT-Rischenau<\/strong><\/span><\/p>\n<p>&nbsp;<\/p>\n<p>In L\u00fcgde OT-Rischenau findet sich an der Waldlehrstrasse der Ortsfriedhof . Hier wurde f\u00fcr 6 deutsche gefallene des Zweiten Weltkriegs ein gemeinsames Grab angelegt. An drei geschliffenen roten Marmorkreutzen wurde mit bronzefarbenen Metallbuchstaben, aufgesetzt der Rang,- Vorname,-Nachname,-geb,-gef,-Datum , zur kenntlichmachung angebracht. Die Gr\u00e4ber vermitteln einen gepflegten Eindruck.<\/p>\n<p>&nbsp;<\/p>\n<p>Koordinaten\u00a0 N51\u00b052.951\u00a0 O9\u00b016.623<\/p>\n<p>Bilder vom 01.08.2015<\/p>\n<p>&nbsp;<\/p>\n<p>Gr\u00fc\u00dfe Hubert<\/p>\n<p><a href=\"http:\/\/www.denkfried.de\/wp\/wp-content\/uploads\/2015\/08\/L\u00fcgde-OT-Rischenau-2.W.K.-01.08.15-1.jpg\"><img loading=\"lazy\" decoding=\"async\" class=\"aligncenter size-thumbnail wp-image-39119\" src=\"http:\/\/www.denkfried.de\/wp\/wp-content\/uploads\/2015\/08\/L\u00fcgde-OT-Rischenau-2.W.K.-01.08.15-1-150x150.jpg\" alt=\"L\u00fcgde OT-Rischenau 2.W.K. 01.08.15 (1)\" width=\"150\" height=\"150\" \/><\/a> <a href=\"http:\/\/www.denkfried.de\/wp\/wp-content\/uploads\/2015\/08\/L\u00fcgde-OT-Rischenau-2.W.K.-01.08.15-2.jpg\"><img loading=\"lazy\" decoding=\"async\" class=\"aligncenter size-thumbnail wp-image-39120\" src=\"http:\/\/www.denkfried.de\/wp\/wp-content\/uploads\/2015\/08\/L\u00fcgde-OT-Rischenau-2.W.K.-01.08.15-2-150x150.jpg\" alt=\"L\u00fcgde OT-Rischenau 2.W.K. 01.08.15 (2)\" width=\"150\" height=\"150\" \/><\/a> <a href=\"http:\/\/www.denkfried.de\/wp\/wp-content\/uploads\/2015\/08\/L\u00fcgde-OT-Rischenau-2.W.K.-01.08.15-3.jpg\"><img loading=\"lazy\" decoding=\"async\" class=\"aligncenter size-thumbnail wp-image-39121\" src=\"http:\/\/www.denkfried.de\/wp\/wp-content\/uploads\/2015\/08\/L\u00fcgde-OT-Rischenau-2.W.K.-01.08.15-3-150x150.jpg\" alt=\"L\u00fcgde OT-Rischenau 2.W.K. 01.08.15 (3)\" width=\"150\" height=\"150\" \/><\/a> <a href=\"http:\/\/www.denkfried.de\/wp\/wp-content\/uploads\/2015\/08\/L\u00fcgde-OT-Rischenau-2.W.K.-01.08.15-5.jpg\"><img loading=\"lazy\" decoding=\"async\" class=\"aligncenter size-thumbnail wp-image-39122\" src=\"http:\/\/www.denkfried.de\/wp\/wp-content\/uploads\/2015\/08\/L\u00fcgde-OT-Rischenau-2.W.K.-01.08.15-5-150x150.jpg\" alt=\"L\u00fcgde OT-Rischenau 2.W.K. 01.08.15 (5)\" width=\"150\" height=\"150\" \/><\/a> <a href=\"http:\/\/www.denkfried.de\/wp\/wp-content\/uploads\/2015\/08\/L\u00fcgde-OT-Rischenau-2.W.K.-01.08.15-4.jpg\"><img loading=\"lazy\" decoding=\"async\" class=\"aligncenter size-thumbnail wp-image-39123\" src=\"http:\/\/www.denkfried.de\/wp\/wp-content\/uploads\/2015\/08\/L\u00fcgde-OT-Rischenau-2.W.K.-01.08.15-4-150x150.jpg\" alt=\"L\u00fcgde OT-Rischenau 2.W.K. 01.08.15 (4)\" width=\"150\" height=\"150\" \/><\/a><\/p>\n","protected":false},"excerpt":{"rendered":"<p>&nbsp; 32676 L\u00fcgde OT-Rischenau &nbsp; In L\u00fcgde OT-Rischenau findet sich an der Waldlehrstrasse der Ortsfriedhof . Hier wurde f\u00fcr 6 deutsche gefallene des Zweiten Weltkriegs ein gemeinsames Grab angelegt. An drei geschliffenen roten Marmorkreutzen wurde mit bronzefarbenen Metallbuchstaben, aufgesetzt der &hellip; <a href=\"http:\/\/www.denkfried.de\/wp\/?page_id=39118\">Weiterlesen <span class=\"meta-nav\">&rarr;<\/span><\/a><\/p>\n","protected":false},"author":7,"featured_media":0,"parent":11713,"menu_order":0,"comment_status":"open","ping_status":"open","template":"","meta":{"footnotes":""},"class_list":["post-39118","page","type-page","status-publish","hentry"],"_links":{"self":[{"href":"http:\/\/www.denkfried.de\/wp\/index.php?rest_route=\/wp\/v2\/pages\/39118","targetHints":{"allow":["GET"]}}],"collection":[{"href":"http:\/\/www.denkfried.de\/wp\/index.php?rest_route=\/wp\/v2\/pages"}],"about":[{"href":"http:\/\/www.denkfried.de\/wp\/index.php?rest_route=\/wp\/v2\/types\/page"}],"author":[{"embeddable":true,"href":"http:\/\/www.denkfried.de\/wp\/index.php?rest_route=\/wp\/v2\/users\/7"}],"replies":[{"embeddable":true,"href":"http:\/\/www.denkfried.de\/wp\/index.php?rest_route=%2Fwp%2Fv2%2Fcomments&post=39118"}],"version-history":[{"count":1,"href":"http:\/\/www.denkfried.de\/wp\/index.php?rest_route=\/wp\/v2\/pages\/39118\/revisions"}],"predecessor-version":[{"id":39124,"href":"http:\/\/www.denkfried.de\/wp\/index.php?rest_route=\/wp\/v2\/pages\/39118\/revisions\/39124"}],"up":[{"embeddable":true,"href":"http:\/\/www.denkfried.de\/wp\/index.php?rest_route=\/wp\/v2\/pages\/11713"}],"wp:attachment":[{"href":"http:\/\/www.denkfried.de\/wp\/index.php?rest_route=%2Fwp%2Fv2%2Fmedia&parent=39118"}],"curies":[{"name":"wp","href":"https:\/\/api.w.org\/{rel}","templated":true}]}}