{"id":39107,"date":"2015-08-18T19:32:59","date_gmt":"2015-08-18T17:32:59","guid":{"rendered":"http:\/\/www.denkfried.de\/wp\/?page_id=39107"},"modified":"2015-08-18T19:38:47","modified_gmt":"2015-08-18T17:38:47","slug":"luegde-ot-niese","status":"publish","type":"page","link":"http:\/\/www.denkfried.de\/wp\/?page_id=39107","title":{"rendered":"L\u00fcgde OT-Niese"},"content":{"rendered":"<p>&nbsp;<\/p>\n<p><span style=\"text-decoration: underline;\"><strong>32676 L\u00fcgde OT-Niese<\/strong><\/span><\/p>\n<p>&nbsp;<\/p>\n<p>Auf dem Ortsfriedhof in L\u00fcgde OT-Niese findet sich an der K\u00f6rtenbergerstrasse eine\u00a0 Grabst\u00e4tte f\u00fcr 6 deutsche Gefallene des Zweiten Weltkriegs. Von f\u00fcnf gefallenen deutschen Soldaten stehen auf einem Natursteinkreutz der Rang,-Vorname Name und gefallenen Datum, ein unbekannter Soldat ist auch unter ihnen. Das gemeinsame Gr\u00e4berfeld, das an einem ansteigenden H\u00fcgel angelegt ist, wird mit Quadernatursteinen eingefasst<\/p>\n<p>Koordinaten\u00a0 N 51\u00b051.369\u00a0 O 9\u00b018.253<\/p>\n<p>Bilder vom 01.08.2015<\/p>\n<p>Gr\u00fc\u00dfe Hubert<a href=\"http:\/\/www.denkfried.de\/wp\/wp-content\/uploads\/2015\/08\/L\u00fcgde-OT-Niese.2.W.K.-6.deutsch.01.08.15-1.jpg\"><img loading=\"lazy\" decoding=\"async\" class=\"aligncenter size-thumbnail wp-image-39108\" src=\"http:\/\/www.denkfried.de\/wp\/wp-content\/uploads\/2015\/08\/L\u00fcgde-OT-Niese.2.W.K.-6.deutsch.01.08.15-1-150x150.jpg\" alt=\"L\u00fcgde OT-Niese.2.W.K. 6.deutsch.01.08.15 (1)\" width=\"150\" height=\"150\" \/><\/a> <a href=\"http:\/\/www.denkfried.de\/wp\/wp-content\/uploads\/2015\/08\/L\u00fcgde-OT-Niese.2.W.K.-6.deutsch.01.08.15-2.jpg\"><img loading=\"lazy\" decoding=\"async\" class=\"aligncenter size-thumbnail wp-image-39109\" src=\"http:\/\/www.denkfried.de\/wp\/wp-content\/uploads\/2015\/08\/L\u00fcgde-OT-Niese.2.W.K.-6.deutsch.01.08.15-2-150x150.jpg\" alt=\"L\u00fcgde OT-Niese.2.W.K. 6.deutsch.01.08.15 (2)\" width=\"150\" height=\"150\" \/><\/a> <a href=\"http:\/\/www.denkfried.de\/wp\/wp-content\/uploads\/2015\/08\/L\u00fcgde-OT-Niese.2.W.K.-6.deutsch.01.08.15-3.jpg\"><img loading=\"lazy\" decoding=\"async\" class=\"aligncenter size-thumbnail wp-image-39110\" src=\"http:\/\/www.denkfried.de\/wp\/wp-content\/uploads\/2015\/08\/L\u00fcgde-OT-Niese.2.W.K.-6.deutsch.01.08.15-3-150x150.jpg\" alt=\"L\u00fcgde OT-Niese.2.W.K. 6.deutsch.01.08.15 (3)\" width=\"150\" height=\"150\" \/><\/a><\/p>\n","protected":false},"excerpt":{"rendered":"<p>&nbsp; 32676 L\u00fcgde OT-Niese &nbsp; Auf dem Ortsfriedhof in L\u00fcgde OT-Niese findet sich an der K\u00f6rtenbergerstrasse eine\u00a0 Grabst\u00e4tte f\u00fcr 6 deutsche Gefallene des Zweiten Weltkriegs. Von f\u00fcnf gefallenen deutschen Soldaten stehen auf einem Natursteinkreutz der Rang,-Vorname Name und gefallenen Datum, &hellip; <a href=\"http:\/\/www.denkfried.de\/wp\/?page_id=39107\">Weiterlesen <span class=\"meta-nav\">&rarr;<\/span><\/a><\/p>\n","protected":false},"author":7,"featured_media":0,"parent":11713,"menu_order":0,"comment_status":"open","ping_status":"open","template":"","meta":{"footnotes":""},"class_list":["post-39107","page","type-page","status-publish","hentry"],"_links":{"self":[{"href":"http:\/\/www.denkfried.de\/wp\/index.php?rest_route=\/wp\/v2\/pages\/39107","targetHints":{"allow":["GET"]}}],"collection":[{"href":"http:\/\/www.denkfried.de\/wp\/index.php?rest_route=\/wp\/v2\/pages"}],"about":[{"href":"http:\/\/www.denkfried.de\/wp\/index.php?rest_route=\/wp\/v2\/types\/page"}],"author":[{"embeddable":true,"href":"http:\/\/www.denkfried.de\/wp\/index.php?rest_route=\/wp\/v2\/users\/7"}],"replies":[{"embeddable":true,"href":"http:\/\/www.denkfried.de\/wp\/index.php?rest_route=%2Fwp%2Fv2%2Fcomments&post=39107"}],"version-history":[{"count":2,"href":"http:\/\/www.denkfried.de\/wp\/index.php?rest_route=\/wp\/v2\/pages\/39107\/revisions"}],"predecessor-version":[{"id":39117,"href":"http:\/\/www.denkfried.de\/wp\/index.php?rest_route=\/wp\/v2\/pages\/39107\/revisions\/39117"}],"up":[{"embeddable":true,"href":"http:\/\/www.denkfried.de\/wp\/index.php?rest_route=\/wp\/v2\/pages\/11713"}],"wp:attachment":[{"href":"http:\/\/www.denkfried.de\/wp\/index.php?rest_route=%2Fwp%2Fv2%2Fmedia&parent=39107"}],"curies":[{"name":"wp","href":"https:\/\/api.w.org\/{rel}","templated":true}]}}