{"id":39053,"date":"2015-08-14T22:08:50","date_gmt":"2015-08-14T20:08:50","guid":{"rendered":"http:\/\/www.denkfried.de\/wp\/?page_id=39053"},"modified":"2015-08-14T22:08:50","modified_gmt":"2015-08-14T20:08:50","slug":"griebo","status":"publish","type":"page","link":"http:\/\/www.denkfried.de\/wp\/?page_id=39053","title":{"rendered":"&#8211; Griebo"},"content":{"rendered":"<p><span style=\"text-decoration: underline;\">06886 Lutherstadt Wittenberg &#8211; <strong>OT Griebo<\/strong><\/span><\/p>\n<p>Der Ortsteil Griebo liegt im Naturpark Fl\u00e4mig.<\/p>\n<p>1936 wurde das Strafgefangenenlager &#8222;Elberegulierung Post Griebo f\u00fcr 400 Gefangene eingerichtet. Zu diesem Lager geh\u00f6rte ab 1939 das Strafgefangenenlager Dessau-Ro\u00dflau.<\/p>\n<p>Weitere Au\u00dfenstellen zur &#8222;Elberegulierung&#8220; geh\u00f6rten in Aken die IG Farben AG, Pretzsch, Wittenberg, M\u00e4nnerlager Dessau, Lager Creudnitz und Wohnschiff &#8222;Biber&#8220; Griebo.<\/p>\n<p>Ab 1944 wurden auch drei weibliche Strafgefangene im Lager interniert.<\/p>\n<p>Quelle Fotos: kka67<\/p>\n<p>&nbsp;<\/p>\n<div id='gallery-1' class='gallery galleryid-39053 gallery-columns-4 gallery-size-thumbnail'><dl class='gallery-item'>\n\t\t\t<dt class='gallery-icon landscape'>\n\t\t\t\t<a href='http:\/\/www.denkfried.de\/wp\/?attachment_id=39057'><img loading=\"lazy\" decoding=\"async\" width=\"150\" height=\"150\" src=\"http:\/\/www.denkfried.de\/wp\/wp-content\/uploads\/2015\/08\/Griebo-AK-28.04.2012--150x150.jpg\" class=\"attachment-thumbnail size-thumbnail\" alt=\"\" \/><\/a>\n\t\t\t<\/dt><\/dl><dl class='gallery-item'>\n\t\t\t<dt class='gallery-icon landscape'>\n\t\t\t\t<a href='http:\/\/www.denkfried.de\/wp\/?attachment_id=39058'><img loading=\"lazy\" decoding=\"async\" width=\"150\" height=\"150\" src=\"http:\/\/www.denkfried.de\/wp\/wp-content\/uploads\/2015\/08\/Griebo-AK-28.04.2012-1-150x150.jpg\" class=\"attachment-thumbnail size-thumbnail\" alt=\"\" \/><\/a>\n\t\t\t<\/dt><\/dl><dl class='gallery-item'>\n\t\t\t<dt class='gallery-icon landscape'>\n\t\t\t\t<a href='http:\/\/www.denkfried.de\/wp\/?attachment_id=39055'><img loading=\"lazy\" decoding=\"async\" width=\"150\" height=\"150\" src=\"http:\/\/www.denkfried.de\/wp\/wp-content\/uploads\/2015\/08\/Griebo-AK-28.04.2012-12-150x150.jpg\" class=\"attachment-thumbnail size-thumbnail\" alt=\"\" \/><\/a>\n\t\t\t<\/dt><\/dl><dl class='gallery-item'>\n\t\t\t<dt class='gallery-icon landscape'>\n\t\t\t\t<a href='http:\/\/www.denkfried.de\/wp\/?attachment_id=39056'><img loading=\"lazy\" decoding=\"async\" width=\"150\" height=\"150\" src=\"http:\/\/www.denkfried.de\/wp\/wp-content\/uploads\/2015\/08\/Griebo-AK-28.04.2012-14-150x150.jpg\" class=\"attachment-thumbnail size-thumbnail\" alt=\"\" \/><\/a>\n\t\t\t<\/dt><\/dl><br style=\"clear: both\" \/>\n\t\t<\/div>\n\n","protected":false},"excerpt":{"rendered":"<p>06886 Lutherstadt Wittenberg &#8211; OT Griebo Der Ortsteil Griebo liegt im Naturpark Fl\u00e4mig. 1936 wurde das Strafgefangenenlager &#8222;Elberegulierung Post Griebo f\u00fcr 400 Gefangene eingerichtet. Zu diesem Lager geh\u00f6rte ab 1939 das Strafgefangenenlager Dessau-Ro\u00dflau. Weitere Au\u00dfenstellen zur &#8222;Elberegulierung&#8220; geh\u00f6rten in Aken &hellip; <a href=\"http:\/\/www.denkfried.de\/wp\/?page_id=39053\">Weiterlesen <span class=\"meta-nav\">&rarr;<\/span><\/a><\/p>\n","protected":false},"author":2,"featured_media":0,"parent":4942,"menu_order":0,"comment_status":"open","ping_status":"open","template":"","meta":{"footnotes":""},"class_list":["post-39053","page","type-page","status-publish","hentry"],"_links":{"self":[{"href":"http:\/\/www.denkfried.de\/wp\/index.php?rest_route=\/wp\/v2\/pages\/39053","targetHints":{"allow":["GET"]}}],"collection":[{"href":"http:\/\/www.denkfried.de\/wp\/index.php?rest_route=\/wp\/v2\/pages"}],"about":[{"href":"http:\/\/www.denkfried.de\/wp\/index.php?rest_route=\/wp\/v2\/types\/page"}],"author":[{"embeddable":true,"href":"http:\/\/www.denkfried.de\/wp\/index.php?rest_route=\/wp\/v2\/users\/2"}],"replies":[{"embeddable":true,"href":"http:\/\/www.denkfried.de\/wp\/index.php?rest_route=%2Fwp%2Fv2%2Fcomments&post=39053"}],"version-history":[{"count":2,"href":"http:\/\/www.denkfried.de\/wp\/index.php?rest_route=\/wp\/v2\/pages\/39053\/revisions"}],"predecessor-version":[{"id":39059,"href":"http:\/\/www.denkfried.de\/wp\/index.php?rest_route=\/wp\/v2\/pages\/39053\/revisions\/39059"}],"up":[{"embeddable":true,"href":"http:\/\/www.denkfried.de\/wp\/index.php?rest_route=\/wp\/v2\/pages\/4942"}],"wp:attachment":[{"href":"http:\/\/www.denkfried.de\/wp\/index.php?rest_route=%2Fwp%2Fv2%2Fmedia&parent=39053"}],"curies":[{"name":"wp","href":"https:\/\/api.w.org\/{rel}","templated":true}]}}