{"id":390,"date":"2011-04-02T16:15:51","date_gmt":"2011-04-02T14:15:51","guid":{"rendered":"http:\/\/www.bilderstapel.de\/test\/wp\/?page_id=390"},"modified":"2017-10-28T19:55:25","modified_gmt":"2017-10-28T17:55:25","slug":"nordrhein-westfalen","status":"publish","type":"page","link":"http:\/\/www.denkfried.de\/wp\/?page_id=390","title":{"rendered":"NORDRHEIN-WESTFALEN"},"content":{"rendered":"<p>&nbsp;<\/p>\n<p>Verwaltungssitz:<\/p>\n<p>________________________________________________<\/p>\n<h2><span style=\"text-decoration: underline;\"><strong>Landkreise:<\/strong><\/span><\/h2>\n<ul>\n<li>\n<address><a title=\"LK AACHEN\" href=\"http:\/\/www.denkfried.de\/wp\/?page_id=4427\">Aachen<\/a><\/address>\n<\/li>\n<li>\n<address><a title=\"LK D\u00dcREN\" href=\"http:\/\/www.denkfried.de\/wp\/?page_id=4434\">D\u00fcren<\/a><\/address>\n<\/li>\n<li>\n<address><a title=\"LK ENNEPE-RUHR-KREIS\" href=\"http:\/\/www.denkfried.de\/wp\/?page_id=4274\">Ennepe-Ruhr-Kreis<\/a><\/address>\n<\/li>\n<li>\n<address><a title=\"LK G\u00dcTERSLOH\" href=\"http:\/\/www.denkfried.de\/wp\/?page_id=4386\">G\u00fctersloh<\/a><\/address>\n<\/li>\n<li>\n<address><a title=\"LK HAGEN\" href=\"http:\/\/www.denkfried.de\/wp\/?page_id=4297\">Hagen<\/a><\/address>\n<\/li>\n<li><span style=\"color: #0000ff;\"><em><span style=\"text-decoration: underline;\">H\u00f6xter<\/span><\/em><\/span><\/li>\n<li>\n<address><a title=\"LK KLEVE\" href=\"http:\/\/www.denkfried.de\/wp\/?page_id=4392\">Kleve<\/a><\/address>\n<\/li>\n<li>\n<address><a title=\"LK M\u00c4RKISCHER KREIS\" href=\"http:\/\/www.denkfried.de\/wp\/?page_id=4280\">M\u00e4rkischer Kreis<\/a><\/address>\n<\/li>\n<li>\n<address><a title=\"LK MINDEN-L\u00dcBBECKE\" href=\"http:\/\/www.denkfried.de\/wp\/?page_id=4439\">Minden-L\u00fcbbecke<\/a><\/address>\n<\/li>\n<li>Oberbergische Kreis<\/li>\n<li>\n<address><a title=\"LK WESEL\" href=\"http:\/\/www.denkfried.de\/wp\/?page_id=4397\">Wesel<\/a><\/address>\n<\/li>\n<\/ul>\n<p>&nbsp;<\/p>\n<h2><span style=\"text-decoration: underline;\"><strong>Kreisfreie St\u00e4dte:<\/strong><\/span><\/h2>\n<ul>\n<li><a href=\"http:\/\/www.denkfried.de\/wp\/?page_id=12308\">Bielefeld<\/a><\/li>\n<li><a title=\"Kreisfreie Stadt: BOCHUM\" href=\"http:\/\/www.denkfried.de\/wp\/?page_id=4289\">Bochum<\/a><\/li>\n<li>\n<address><a title=\"Kreisfreie Stadt: DUISBURG\" href=\"http:\/\/www.denkfried.de\/wp\/?page_id=4406\">Duisburg<\/a><\/address>\n<\/li>\n<li>\n<address><a title=\"Kreisfreie Stadt: ESSEN\" href=\"http:\/\/www.denkfried.de\/wp\/?page_id=4412\">Essen<\/a><\/address>\n<\/li>\n<li>\n<address><a title=\"Kreisfreie Stadt: HAGEN\" href=\"http:\/\/www.denkfried.de\/wp\/?page_id=4302\">Hagen<\/a><\/address>\n<\/li>\n<li><a title=\"Kreisfreie Stadt: OBERHAUSEN\" href=\"http:\/\/www.denkfried.de\/wp\/?page_id=4418\">Oberhausen<\/a><\/li>\n<li><a href=\"http:\/\/www.denkfried.de\/wp\/?page_id=20150\">Remscheid<\/a><\/li>\n<\/ul>\n<p><span style=\"text-decoration: underline;\"><strong>Regierungsbezirke:<\/strong><\/span><\/p>\n<ul>\n<li>Arnsberg<\/li>\n<li>Detmold<\/li>\n<li>D\u00fcsseldorf<\/li>\n<li>K\u00f6ln<\/li>\n<li><a href=\"http:\/\/www.denkfried.de\/wp\/?page_id=30238\">M\u00fcnster<\/a><\/li>\n<\/ul>\n<address>\u00a0<\/address>\n","protected":false},"excerpt":{"rendered":"<p>&nbsp; Verwaltungssitz: ________________________________________________ Landkreise: Aachen D\u00fcren Ennepe-Ruhr-Kreis G\u00fctersloh Hagen H\u00f6xter Kleve M\u00e4rkischer Kreis Minden-L\u00fcbbecke Oberbergische Kreis Wesel &nbsp; Kreisfreie St\u00e4dte: Bielefeld Bochum Duisburg Essen Hagen Oberhausen Remscheid Regierungsbezirke: Arnsberg Detmold D\u00fcsseldorf K\u00f6ln M\u00fcnster \u00a0<\/p>\n","protected":false},"author":2,"featured_media":0,"parent":41489,"menu_order":7,"comment_status":"open","ping_status":"open","template":"","meta":{"footnotes":""},"class_list":["post-390","page","type-page","status-publish","hentry"],"_links":{"self":[{"href":"http:\/\/www.denkfried.de\/wp\/index.php?rest_route=\/wp\/v2\/pages\/390","targetHints":{"allow":["GET"]}}],"collection":[{"href":"http:\/\/www.denkfried.de\/wp\/index.php?rest_route=\/wp\/v2\/pages"}],"about":[{"href":"http:\/\/www.denkfried.de\/wp\/index.php?rest_route=\/wp\/v2\/types\/page"}],"author":[{"embeddable":true,"href":"http:\/\/www.denkfried.de\/wp\/index.php?rest_route=\/wp\/v2\/users\/2"}],"replies":[{"embeddable":true,"href":"http:\/\/www.denkfried.de\/wp\/index.php?rest_route=%2Fwp%2Fv2%2Fcomments&post=390"}],"version-history":[{"count":15,"href":"http:\/\/www.denkfried.de\/wp\/index.php?rest_route=\/wp\/v2\/pages\/390\/revisions"}],"predecessor-version":[{"id":38954,"href":"http:\/\/www.denkfried.de\/wp\/index.php?rest_route=\/wp\/v2\/pages\/390\/revisions\/38954"}],"up":[{"embeddable":true,"href":"http:\/\/www.denkfried.de\/wp\/index.php?rest_route=\/wp\/v2\/pages\/41489"}],"wp:attachment":[{"href":"http:\/\/www.denkfried.de\/wp\/index.php?rest_route=%2Fwp%2Fv2%2Fmedia&parent=390"}],"curies":[{"name":"wp","href":"https:\/\/api.w.org\/{rel}","templated":true}]}}