{"id":38957,"date":"2015-08-14T18:13:11","date_gmt":"2015-08-14T16:13:11","guid":{"rendered":"http:\/\/www.denkfried.de\/wp\/?page_id=38957"},"modified":"2015-08-14T18:13:11","modified_gmt":"2015-08-14T16:13:11","slug":"oberwart","status":"publish","type":"page","link":"http:\/\/www.denkfried.de\/wp\/?page_id=38957","title":{"rendered":"Oberwart"},"content":{"rendered":"<p><span style=\"text-decoration: underline;\"><strong>7400 Oberwart<\/strong><\/span><\/p>\n<p>Stadtverwaltung: Hauptplatz 9, 7400 Oberwart<\/p>\n<p>Die Stadt liegt im S\u00fcdburgenland an der Pinka. Die Einwohnerzahl liegt etwa bei 7.300.<\/p>\n<p>Nach dem Ersten Weltkrieg fielen Gebiete von Westungarn dem Land \u00d6sterreich zu. Somit entstand das Burgenland.<\/p>\n<p>In der Nacht vom 12. auf 13. M\u00e4rz wurde schlie\u00dflich der Anschluss \u00d6sterreichs an das Deutsche Reich vollzogen.<\/p>\n<p>Ende M\u00e4rz 1945 erreichten Einheiten der Roten Armee die Reichsgrenze des Bezirkes Oberwart. Bei den K\u00e4mpfen starben ca. 400 sowjetische Soldaten, sie wurden in Oberwart auf einem neu errichteten sowjetischen Soldatenfriedhof bestattet.<\/p>\n<p>W\u00e4hrend des Krieges bildete sich eine Widerstandszelle im Bezirk,in der die Oberwarter B\u00fcrger Alexander Heigl und Joseph Seper Mitglieder waren. Nach Verrat wurden diese verhaftet, zum Tode verurteilt und 1943 in Wien hingerichtet.<\/p>\n<p>In der Stadt gibt es den einzigen im Burgenland erhaltenen j\u00fcdischen Friedhof. In der Datenbank des Dokumentationsarchives des \u00d6sterreichischen Widerstandes sind 24 Namen verzeichnet die entweder hier geboren oder gelebt haben. Sie sind alle dem Holocaust zum Opfer gefallen. Die meisten von ihnen kamen im KZ Auschwitz ums Leben. In der Datenbank findet man weitere Namen der Volksgruppe Roma, sie kamen zwischen 1940 und 1942 in den KZ Mauthausen und Dachau ums Leben.<\/p>\n<p>Zum Andenken befindet sich eine Skulptur mit einer Tafel vor dem Kriegerdenkmal mit den im 2.Weltkrieg gefallenen und vermissten B\u00fcrger der Stadt.<\/p>\n<p>Quelle Fotos: Wolfgang Huttarsch<\/p>\n<div id='gallery-1' class='gallery galleryid-38957 gallery-columns-4 gallery-size-thumbnail'><dl class='gallery-item'>\n\t\t\t<dt class='gallery-icon landscape'>\n\t\t\t\t<a href='http:\/\/www.denkfried.de\/wp\/?attachment_id=38961'><img loading=\"lazy\" decoding=\"async\" width=\"150\" height=\"150\" src=\"http:\/\/www.denkfried.de\/wp\/wp-content\/uploads\/2015\/08\/oberwart_258-150x150.jpg\" class=\"attachment-thumbnail size-thumbnail\" alt=\"\" \/><\/a>\n\t\t\t<\/dt><\/dl><dl class='gallery-item'>\n\t\t\t<dt class='gallery-icon portrait'>\n\t\t\t\t<a href='http:\/\/www.denkfried.de\/wp\/?attachment_id=38958'><img loading=\"lazy\" decoding=\"async\" width=\"150\" height=\"150\" src=\"http:\/\/www.denkfried.de\/wp\/wp-content\/uploads\/2015\/08\/oberwart_259-150x150.jpg\" class=\"attachment-thumbnail size-thumbnail\" alt=\"\" \/><\/a>\n\t\t\t<\/dt><\/dl><dl class='gallery-item'>\n\t\t\t<dt class='gallery-icon landscape'>\n\t\t\t\t<a href='http:\/\/www.denkfried.de\/wp\/?attachment_id=38960'><img loading=\"lazy\" decoding=\"async\" width=\"150\" height=\"150\" src=\"http:\/\/www.denkfried.de\/wp\/wp-content\/uploads\/2015\/08\/Kopie-von-DSCF0260-150x150.jpg\" class=\"attachment-thumbnail size-thumbnail\" alt=\"\" \/><\/a>\n\t\t\t<\/dt><\/dl><dl class='gallery-item'>\n\t\t\t<dt class='gallery-icon portrait'>\n\t\t\t\t<a href='http:\/\/www.denkfried.de\/wp\/?attachment_id=38959'><img loading=\"lazy\" decoding=\"async\" width=\"150\" height=\"150\" src=\"http:\/\/www.denkfried.de\/wp\/wp-content\/uploads\/2015\/08\/oberwart_260-150x150.jpg\" class=\"attachment-thumbnail size-thumbnail\" alt=\"\" \/><\/a>\n\t\t\t<\/dt><\/dl><br style=\"clear: both\" \/>\n\t\t<\/div>\n\n","protected":false},"excerpt":{"rendered":"<p>7400 Oberwart Stadtverwaltung: Hauptplatz 9, 7400 Oberwart Die Stadt liegt im S\u00fcdburgenland an der Pinka. Die Einwohnerzahl liegt etwa bei 7.300. Nach dem Ersten Weltkrieg fielen Gebiete von Westungarn dem Land \u00d6sterreich zu. Somit entstand das Burgenland. In der Nacht &hellip; <a href=\"http:\/\/www.denkfried.de\/wp\/?page_id=38957\">Weiterlesen <span class=\"meta-nav\">&rarr;<\/span><\/a><\/p>\n","protected":false},"author":2,"featured_media":0,"parent":2501,"menu_order":0,"comment_status":"open","ping_status":"open","template":"","meta":{"footnotes":""},"class_list":["post-38957","page","type-page","status-publish","hentry"],"_links":{"self":[{"href":"http:\/\/www.denkfried.de\/wp\/index.php?rest_route=\/wp\/v2\/pages\/38957","targetHints":{"allow":["GET"]}}],"collection":[{"href":"http:\/\/www.denkfried.de\/wp\/index.php?rest_route=\/wp\/v2\/pages"}],"about":[{"href":"http:\/\/www.denkfried.de\/wp\/index.php?rest_route=\/wp\/v2\/types\/page"}],"author":[{"embeddable":true,"href":"http:\/\/www.denkfried.de\/wp\/index.php?rest_route=\/wp\/v2\/users\/2"}],"replies":[{"embeddable":true,"href":"http:\/\/www.denkfried.de\/wp\/index.php?rest_route=%2Fwp%2Fv2%2Fcomments&post=38957"}],"version-history":[{"count":1,"href":"http:\/\/www.denkfried.de\/wp\/index.php?rest_route=\/wp\/v2\/pages\/38957\/revisions"}],"predecessor-version":[{"id":38962,"href":"http:\/\/www.denkfried.de\/wp\/index.php?rest_route=\/wp\/v2\/pages\/38957\/revisions\/38962"}],"up":[{"embeddable":true,"href":"http:\/\/www.denkfried.de\/wp\/index.php?rest_route=\/wp\/v2\/pages\/2501"}],"wp:attachment":[{"href":"http:\/\/www.denkfried.de\/wp\/index.php?rest_route=%2Fwp%2Fv2%2Fmedia&parent=38957"}],"curies":[{"name":"wp","href":"https:\/\/api.w.org\/{rel}","templated":true}]}}