{"id":387,"date":"2011-04-02T16:14:41","date_gmt":"2011-04-02T14:14:41","guid":{"rendered":"http:\/\/www.bilderstapel.de\/test\/wp\/?page_id=387"},"modified":"2017-10-28T19:55:02","modified_gmt":"2017-10-28T17:55:02","slug":"niedersachsen","status":"publish","type":"page","link":"http:\/\/www.denkfried.de\/wp\/?page_id=387","title":{"rendered":"N I E D E R S A C H S E N"},"content":{"rendered":"<p>&nbsp;<\/p>\n<p>Verwaltungssitz: <span style=\"text-decoration: underline;\"><strong>Hannover<\/strong><\/span>,<\/p>\n<p>***********************************************************<\/p>\n<h2><span style=\"text-decoration: underline;\"><strong>Landkreise:<\/strong><\/span><\/h2>\n<blockquote>\n<ul>\n<li>\n<address><a title=\"LK AMMERLAND\" href=\"http:\/\/www.denkfried.de\/wp\/?page_id=3923\">Ammerland<\/a><\/address>\n<\/li>\n<li>\n<address><a title=\"LK AURICH\" href=\"http:\/\/www.denkfried.de\/wp\/?page_id=26374\">Aurich<\/a><\/address>\n<\/li>\n<li>\n<address><a title=\"LK CELLE\" href=\"http:\/\/www.denkfried.de\/wp\/?page_id=3934\">Celle<\/a><\/address>\n<\/li>\n<li>\n<address>Cloppenburg<\/address>\n<\/li>\n<li>\n<address><a title=\"LK CUXHAVEN\" href=\"http:\/\/www.denkfried.de\/wp\/?page_id=26602\">Cuxhaven<\/a><\/address>\n<\/li>\n<li>\n<address>Diepholz<\/address>\n<\/li>\n<li>\n<address><a title=\"LK EMSLAND\" href=\"http:\/\/www.denkfried.de\/wp\/?page_id=4486\">Emsland<\/a><\/address>\n<\/li>\n<li>\n<address><a title=\"LK FRIESLAND\" href=\"http:\/\/www.denkfried.de\/wp\/?page_id=4499\">Friesland<\/a><\/address>\n<\/li>\n<li>\n<address>Gifhorn<\/address>\n<\/li>\n<li>\n<address><a title=\"LK GOSLAR\" href=\"http:\/\/www.denkfried.de\/wp\/?page_id=3951\">Goslar<\/a><\/address>\n<\/li>\n<li>\n<address>Grafschaft Bentheim<\/address>\n<\/li>\n<li>\n<address>G\u00f6ttingen<\/address>\n<\/li>\n<li>\n<address>Hameln-Pyrmont<\/address>\n<\/li>\n<li>\n<address><a title=\"LK HARBURG\" href=\"http:\/\/www.denkfried.de\/wp\/?page_id=8623\">Harburg<\/a><\/address>\n<\/li>\n<li>\n<address><a title=\"LK HELMSTEDT\" href=\"http:\/\/www.denkfried.de\/wp\/?page_id=26595\">Helmstedt<\/a><\/address>\n<\/li>\n<li>\n<address><a href=\"http:\/\/www.denkfried.de\/wp\/?page_id=22333\">Hildesheim<\/a><\/address>\n<\/li>\n<li>\n<address><a href=\"http:\/\/www.denkfried.de\/wp\/?page_id=38903\">Holzminden<\/a><\/address>\n<\/li>\n<li>\n<address><a title=\"LK LEER\" href=\"http:\/\/www.denkfried.de\/wp\/?page_id=26592\">Leer<\/a><\/address>\n<\/li>\n<li>\n<address>L\u00fcchow-Dannenberg<\/address>\n<\/li>\n<li>\n<address>L\u00fcneburg<\/address>\n<\/li>\n<li>\n<address>Nienburg\/Weser<\/address>\n<\/li>\n<li>\n<address><a href=\"http:\/\/www.denkfried.de\/wp\/?page_id=38901\">Northeim<\/a><\/address>\n<\/li>\n<li>\n<address>Oldenburg<\/address>\n<\/li>\n<li>\n<address><a title=\"LK OSNABR\u00dcCK\" href=\"http:\/\/www.denkfried.de\/wp\/?page_id=3958\">Osnabr\u00fcck<\/a><\/address>\n<\/li>\n<li>\n<address>Osterholz<\/address>\n<\/li>\n<li>\n<address><a title=\"LK OSTERODE AM HARZ\" href=\"http:\/\/www.denkfried.de\/wp\/?page_id=3975\">Osterode am Harz<\/a><\/address>\n<\/li>\n<li>\n<address>Peine<\/address>\n<\/li>\n<li>\n<address>Rotenburg\/W\u00fcmme<\/address>\n<\/li>\n<li>\n<address><a title=\"LK SCHAUMBURG\" href=\"http:\/\/www.denkfried.de\/wp\/?page_id=30677\">Schaumburg<\/a><\/address>\n<\/li>\n<li>\n<address><a title=\"LK SOLTAU-FALLINGBOSTEL\" href=\"http:\/\/www.denkfried.de\/wp\/?page_id=3996\">Soltau-Fallingbostel<\/a><\/address>\n<\/li>\n<li>\n<address><a title=\"LK STADE\" href=\"http:\/\/www.denkfried.de\/wp\/?page_id=26599\">Stade<\/a><\/address>\n<\/li>\n<li>\n<address>Uelzen<\/address>\n<\/li>\n<li>\n<address><a title=\"LK VECHTA\" href=\"http:\/\/www.denkfried.de\/wp\/?page_id=3984\">Vechta<\/a><\/address>\n<\/li>\n<li>\n<address>Verden<\/address>\n<\/li>\n<li>\n<address>Wesermarsch<\/address>\n<\/li>\n<li>\n<address><a title=\"LK WITTMUND\" href=\"http:\/\/www.denkfried.de\/wp\/?page_id=26606\">Wittmund<\/a><\/address>\n<\/li>\n<li>\n<address>Wolfenb\u00fcttel<\/address>\n<\/li>\n<\/ul>\n<\/blockquote>\n<p><strong>Kreisfreie St\u00e4dte:<\/strong><\/p>\n<blockquote>\n<ul>\n<li>\n<address><a href=\"http:\/\/www.denkfried.de\/wp\/?page_id=18671\">Region Hannover<\/a><\/address>\n<ul>\n<li>Stadt Hannover<\/li>\n<\/ul>\n<\/li>\n<li>\n<address>Braunschweig<\/address>\n<\/li>\n<li>\n<address>Delmenhorst<\/address>\n<\/li>\n<li>\n<address><a title=\"Kreisfreie Stadt: EMDEN\" href=\"http:\/\/www.denkfried.de\/wp\/?page_id=26611\">Emden<\/a><\/address>\n<\/li>\n<li>\n<address><a title=\"Kreisfreie Stadt: Oldenburg\" href=\"http:\/\/www.denkfried.de\/wp\/?page_id=26358\">Oldenburg<\/a><\/address>\n<\/li>\n<li>\n<address>Osnabr\u00fcck<\/address>\n<\/li>\n<li>\n<address>Salzgitter<\/address>\n<\/li>\n<li>\n<address><a href=\"http:\/\/www.denkfried.de\/wp\/?page_id=19527\">Wilhelmshaven<\/a><\/address>\n<\/li>\n<li>\n<address>Wolfsburg<\/address>\n<\/li>\n<\/ul>\n<\/blockquote>\n<p>&nbsp;<\/p>\n","protected":false},"excerpt":{"rendered":"<p>&nbsp; Verwaltungssitz: Hannover, *********************************************************** Landkreise: Ammerland Aurich Celle Cloppenburg Cuxhaven Diepholz Emsland Friesland Gifhorn Goslar Grafschaft Bentheim G\u00f6ttingen Hameln-Pyrmont Harburg Helmstedt Hildesheim Holzminden Leer L\u00fcchow-Dannenberg L\u00fcneburg Nienburg\/Weser Northeim Oldenburg Osnabr\u00fcck Osterholz Osterode am Harz Peine Rotenburg\/W\u00fcmme Schaumburg Soltau-Fallingbostel Stade Uelzen &hellip; <a href=\"http:\/\/www.denkfried.de\/wp\/?page_id=387\">Weiterlesen <span class=\"meta-nav\">&rarr;<\/span><\/a><\/p>\n","protected":false},"author":2,"featured_media":0,"parent":41489,"menu_order":6,"comment_status":"open","ping_status":"open","template":"","meta":{"footnotes":""},"class_list":["post-387","page","type-page","status-publish","hentry"],"_links":{"self":[{"href":"http:\/\/www.denkfried.de\/wp\/index.php?rest_route=\/wp\/v2\/pages\/387","targetHints":{"allow":["GET"]}}],"collection":[{"href":"http:\/\/www.denkfried.de\/wp\/index.php?rest_route=\/wp\/v2\/pages"}],"about":[{"href":"http:\/\/www.denkfried.de\/wp\/index.php?rest_route=\/wp\/v2\/types\/page"}],"author":[{"embeddable":true,"href":"http:\/\/www.denkfried.de\/wp\/index.php?rest_route=\/wp\/v2\/users\/2"}],"replies":[{"embeddable":true,"href":"http:\/\/www.denkfried.de\/wp\/index.php?rest_route=%2Fwp%2Fv2%2Fcomments&post=387"}],"version-history":[{"count":15,"href":"http:\/\/www.denkfried.de\/wp\/index.php?rest_route=\/wp\/v2\/pages\/387\/revisions"}],"predecessor-version":[{"id":38905,"href":"http:\/\/www.denkfried.de\/wp\/index.php?rest_route=\/wp\/v2\/pages\/387\/revisions\/38905"}],"up":[{"embeddable":true,"href":"http:\/\/www.denkfried.de\/wp\/index.php?rest_route=\/wp\/v2\/pages\/41489"}],"wp:attachment":[{"href":"http:\/\/www.denkfried.de\/wp\/index.php?rest_route=%2Fwp%2Fv2%2Fmedia&parent=387"}],"curies":[{"name":"wp","href":"https:\/\/api.w.org\/{rel}","templated":true}]}}