{"id":3868,"date":"2011-04-18T22:12:30","date_gmt":"2011-04-18T20:12:30","guid":{"rendered":"http:\/\/www.denkfried.de\/wp\/?page_id=3868"},"modified":"2011-04-18T22:12:30","modified_gmt":"2011-04-18T20:12:30","slug":"perl","status":"publish","type":"page","link":"http:\/\/www.denkfried.de\/wp\/?page_id=3868","title":{"rendered":"Perl"},"content":{"rendered":"<p>&nbsp;<\/p>\n<p><span style=\"text-decoration: underline; color: #ff0000;\"><strong>66706 Perl<\/strong><\/span>, Trierer Stra\u00dfe 28<\/p>\n<p>Im Bereich von Perl gibt es 2 Kriegsgr\u00e4berst\u00e4tten mit 2.266 Toten.<\/p>\n<p>&nbsp;<\/p>\n<p>&nbsp;<\/p>\n","protected":false},"excerpt":{"rendered":"<p>&nbsp; 66706 Perl, Trierer Stra\u00dfe 28 Im Bereich von Perl gibt es 2 Kriegsgr\u00e4berst\u00e4tten mit 2.266 Toten. &nbsp; &nbsp;<\/p>\n","protected":false},"author":2,"featured_media":0,"parent":3863,"menu_order":0,"comment_status":"closed","ping_status":"open","template":"","meta":{"footnotes":""},"class_list":["post-3868","page","type-page","status-publish","hentry"],"_links":{"self":[{"href":"http:\/\/www.denkfried.de\/wp\/index.php?rest_route=\/wp\/v2\/pages\/3868","targetHints":{"allow":["GET"]}}],"collection":[{"href":"http:\/\/www.denkfried.de\/wp\/index.php?rest_route=\/wp\/v2\/pages"}],"about":[{"href":"http:\/\/www.denkfried.de\/wp\/index.php?rest_route=\/wp\/v2\/types\/page"}],"author":[{"embeddable":true,"href":"http:\/\/www.denkfried.de\/wp\/index.php?rest_route=\/wp\/v2\/users\/2"}],"replies":[{"embeddable":true,"href":"http:\/\/www.denkfried.de\/wp\/index.php?rest_route=%2Fwp%2Fv2%2Fcomments&post=3868"}],"version-history":[{"count":2,"href":"http:\/\/www.denkfried.de\/wp\/index.php?rest_route=\/wp\/v2\/pages\/3868\/revisions"}],"predecessor-version":[{"id":3870,"href":"http:\/\/www.denkfried.de\/wp\/index.php?rest_route=\/wp\/v2\/pages\/3868\/revisions\/3870"}],"up":[{"embeddable":true,"href":"http:\/\/www.denkfried.de\/wp\/index.php?rest_route=\/wp\/v2\/pages\/3863"}],"wp:attachment":[{"href":"http:\/\/www.denkfried.de\/wp\/index.php?rest_route=%2Fwp%2Fv2%2Fmedia&parent=3868"}],"curies":[{"name":"wp","href":"https:\/\/api.w.org\/{rel}","templated":true}]}}