{"id":38658,"date":"2015-06-07T11:11:37","date_gmt":"2015-06-07T09:11:37","guid":{"rendered":"http:\/\/www.denkfried.de\/wp\/?page_id=38658"},"modified":"2015-12-28T22:59:01","modified_gmt":"2015-12-28T21:59:01","slug":"kleinmachnow-gedenkbuch","status":"publish","type":"page","link":"http:\/\/www.denkfried.de\/wp\/?page_id=38658","title":{"rendered":"Kleinmachnow &#8211; Gedenkbuch"},"content":{"rendered":"<p>&nbsp;<\/p>\n<p><strong>Kleinmachnow<\/strong> &#8211; Gedenkbuch von G\u00fcnter K\u00e4belmann<\/p>\n<p>Heimatverein Kleinmachnow e.V.<\/p>\n<p>Bericht und Bilder von Thomas\u00a0<a href=\"http:\/\/g-bb.jimdo.com\/\">Gefallenendenkm\u00e4ler Berlin\/Brandenburg<\/a><\/p>\n<div id='gallery-1' class='gallery galleryid-38658 gallery-columns-3 gallery-size-thumbnail'><dl class='gallery-item'>\n\t\t\t<dt class='gallery-icon portrait'>\n\t\t\t\t<a href='http:\/\/www.denkfried.de\/wp\/?attachment_id=38663'><img loading=\"lazy\" decoding=\"async\" width=\"150\" height=\"150\" src=\"http:\/\/www.denkfried.de\/wp\/wp-content\/uploads\/2015\/06\/Kleinmachnow-Gedenkbuch-Kriegsopfer-150x150.jpg\" class=\"attachment-thumbnail size-thumbnail\" alt=\"\" \/><\/a>\n\t\t\t<\/dt><\/dl><dl class='gallery-item'>\n\t\t\t<dt class='gallery-icon portrait'>\n\t\t\t\t<a href='http:\/\/www.denkfried.de\/wp\/?attachment_id=38665'><img loading=\"lazy\" decoding=\"async\" width=\"150\" height=\"150\" src=\"http:\/\/www.denkfried.de\/wp\/wp-content\/uploads\/2015\/06\/Kleinmachnow-Gedenkbuch-Kriegsopfer-2-150x150.jpg\" class=\"attachment-thumbnail size-thumbnail\" alt=\"\" \/><\/a>\n\t\t\t<\/dt><\/dl><dl class='gallery-item'>\n\t\t\t<dt class='gallery-icon landscape'>\n\t\t\t\t<a href='http:\/\/www.denkfried.de\/wp\/?attachment_id=38664'><img loading=\"lazy\" decoding=\"async\" width=\"150\" height=\"150\" src=\"http:\/\/www.denkfried.de\/wp\/wp-content\/uploads\/2015\/06\/Kleinmachnow-Gedenkbuch-Kriegsopfer-1-150x150.jpg\" class=\"attachment-thumbnail size-thumbnail\" alt=\"\" \/><\/a>\n\t\t\t<\/dt><\/dl><br style=\"clear: both\" \/>\n\t\t<\/div>\n\n<p><strong>Gedenkbuch f\u00fcr die Opfer des 2. Weltkrieges, die als Kleinmachnower B\u00fcrger im Zeitraum von 1939 &#8211; 1945 oder als Kriegsgefangene bis 1956 ihr Leben verloren. Deutsche Soldaten die au\u00dferhalb wohnten. Ausl\u00e4ndische B\u00fcrger \/ Soldaten die in Kleinmachnow starben.<\/strong><\/p>\n<p>In diesem Buch sind nach den Geleitwort des B\u00fcrgermeisters folgende Opfergruppen aufgef\u00fchrt. <strong>1. Kapitel<\/strong>; Nennung der J\u00fcdischen Opfer von Kleinmachnow, die in Konzentrationslagern und an den Folgen der Deportation starben. <strong>2. Kapitel<\/strong>; Nennung der Kleinmachnower gefallenen Soldaten des 2. Weltkrieges einschlie\u00dflich der Toten in Gefangenschaft, der gefallenen Volkssturmm\u00e4nner, der zivilen Opfer durch Bomben und Selbstt\u00f6tung und der in NS &#8211; Konzentrationslagern gestorbenen Opfer. <strong>3. Kapitel<\/strong>; Nennung der Kleinmachnower B\u00fcrger, die durch Geheime Staatspolizei (GPU), NKWD (Sowjetisches Innenministerium) oder die Volkspolizei (VP) verhaftet wurden und nach Kriegsende in sowjetischen Speziallegern gestorben sind. <strong>4. Kapitel<\/strong>; Kriegstote, die in Kleinmachnow ums Leben kamen, aber au\u00dferhalb ihren Wohnsitz hatten. <strong>5. Kapitel<\/strong>; Kriegsopfer aus aller Welt, die in Kleinmachnow starben. Gesamtzahl der Kriegsopfer in Kleinmachnow. <strong>6. Kapitel<\/strong>; Die Kriegstoten des 1. Weltkrieges, die am Kriegerdenkmal an der alten Dorfkirche genannt sind.<\/p>\n","protected":false},"excerpt":{"rendered":"<p>&nbsp; Kleinmachnow &#8211; Gedenkbuch von G\u00fcnter K\u00e4belmann Heimatverein Kleinmachnow e.V. Bericht und Bilder von Thomas\u00a0Gefallenendenkm\u00e4ler Berlin\/Brandenburg Gedenkbuch f\u00fcr die Opfer des 2. Weltkrieges, die als Kleinmachnower B\u00fcrger im Zeitraum von 1939 &#8211; 1945 oder als Kriegsgefangene bis 1956 ihr Leben &hellip; <a href=\"http:\/\/www.denkfried.de\/wp\/?page_id=38658\">Weiterlesen <span class=\"meta-nav\">&rarr;<\/span><\/a><\/p>\n","protected":false},"author":9,"featured_media":0,"parent":4945,"menu_order":0,"comment_status":"open","ping_status":"open","template":"","meta":{"footnotes":""},"class_list":["post-38658","page","type-page","status-publish","hentry"],"_links":{"self":[{"href":"http:\/\/www.denkfried.de\/wp\/index.php?rest_route=\/wp\/v2\/pages\/38658","targetHints":{"allow":["GET"]}}],"collection":[{"href":"http:\/\/www.denkfried.de\/wp\/index.php?rest_route=\/wp\/v2\/pages"}],"about":[{"href":"http:\/\/www.denkfried.de\/wp\/index.php?rest_route=\/wp\/v2\/types\/page"}],"author":[{"embeddable":true,"href":"http:\/\/www.denkfried.de\/wp\/index.php?rest_route=\/wp\/v2\/users\/9"}],"replies":[{"embeddable":true,"href":"http:\/\/www.denkfried.de\/wp\/index.php?rest_route=%2Fwp%2Fv2%2Fcomments&post=38658"}],"version-history":[{"count":10,"href":"http:\/\/www.denkfried.de\/wp\/index.php?rest_route=\/wp\/v2\/pages\/38658\/revisions"}],"predecessor-version":[{"id":40174,"href":"http:\/\/www.denkfried.de\/wp\/index.php?rest_route=\/wp\/v2\/pages\/38658\/revisions\/40174"}],"up":[{"embeddable":true,"href":"http:\/\/www.denkfried.de\/wp\/index.php?rest_route=\/wp\/v2\/pages\/4945"}],"wp:attachment":[{"href":"http:\/\/www.denkfried.de\/wp\/index.php?rest_route=%2Fwp%2Fv2%2Fmedia&parent=38658"}],"curies":[{"name":"wp","href":"https:\/\/api.w.org\/{rel}","templated":true}]}}