{"id":38558,"date":"2015-05-08T20:34:33","date_gmt":"2015-05-08T18:34:33","guid":{"rendered":"http:\/\/www.denkfried.de\/wp\/?page_id=38558"},"modified":"2015-07-25T09:35:13","modified_gmt":"2015-07-25T07:35:13","slug":"kleinmachnow-sowj","status":"publish","type":"page","link":"http:\/\/www.denkfried.de\/wp\/?page_id=38558","title":{"rendered":"Kleinmachnow Sowj."},"content":{"rendered":"<p>&nbsp;<\/p>\n<p><strong>Kleinmachnow<\/strong> Sowj. Gr\u00e4ber, Denkmal<\/p>\n<p>Beitrag\u00a0von Thomas\u00a0<a href=\"http:\/\/g-bb.jimdo.com\/\">Gefallenendenkm\u00e4ler Berlin\/Brandenburg<\/a><\/p>\n<div id='gallery-1' class='gallery galleryid-38558 gallery-columns-4 gallery-size-thumbnail'><dl class='gallery-item'>\n\t\t\t<dt class='gallery-icon landscape'>\n\t\t\t\t<a href='http:\/\/www.denkfried.de\/wp\/?attachment_id=38560'><img loading=\"lazy\" decoding=\"async\" width=\"150\" height=\"150\" src=\"http:\/\/www.denkfried.de\/wp\/wp-content\/uploads\/2015\/05\/Kleinmachnow-Sowjetische-Kriegsgr\u00e4ber-150x150.jpg\" class=\"attachment-thumbnail size-thumbnail\" alt=\"\" \/><\/a>\n\t\t\t<\/dt><\/dl><dl class='gallery-item'>\n\t\t\t<dt class='gallery-icon landscape'>\n\t\t\t\t<a href='http:\/\/www.denkfried.de\/wp\/?attachment_id=38561'><img loading=\"lazy\" decoding=\"async\" width=\"150\" height=\"150\" src=\"http:\/\/www.denkfried.de\/wp\/wp-content\/uploads\/2015\/05\/Kleinmachnow-Sowjetische-Kriegsgr\u00e4ber-1-e1431110344148-150x150.jpg\" class=\"attachment-thumbnail size-thumbnail\" alt=\"\" \/><\/a>\n\t\t\t<\/dt><\/dl><dl class='gallery-item'>\n\t\t\t<dt class='gallery-icon landscape'>\n\t\t\t\t<a href='http:\/\/www.denkfried.de\/wp\/?attachment_id=38562'><img loading=\"lazy\" decoding=\"async\" width=\"150\" height=\"150\" src=\"http:\/\/www.denkfried.de\/wp\/wp-content\/uploads\/2015\/05\/Kleinmachnow-Sowjetische-Kriegsgr\u00e4ber-2-150x150.jpg\" class=\"attachment-thumbnail size-thumbnail\" alt=\"\" \/><\/a>\n\t\t\t<\/dt><\/dl><dl class='gallery-item'>\n\t\t\t<dt class='gallery-icon portrait'>\n\t\t\t\t<a href='http:\/\/www.denkfried.de\/wp\/?attachment_id=38565'><img loading=\"lazy\" decoding=\"async\" width=\"150\" height=\"150\" src=\"http:\/\/www.denkfried.de\/wp\/wp-content\/uploads\/2015\/05\/Kleinmachnow-Sowjetische-Kriegsgr\u00e4ber-5-150x150.jpg\" class=\"attachment-thumbnail size-thumbnail\" alt=\"\" \/><\/a>\n\t\t\t<\/dt><\/dl><br style=\"clear: both\" \/><dl class='gallery-item'>\n\t\t\t<dt class='gallery-icon landscape'>\n\t\t\t\t<a href='http:\/\/www.denkfried.de\/wp\/?attachment_id=38796'><img loading=\"lazy\" decoding=\"async\" width=\"150\" height=\"150\" src=\"http:\/\/www.denkfried.de\/wp\/wp-content\/uploads\/2015\/05\/Panzerdenkmal-Kleinmachnow-3-150x150.jpg\" class=\"attachment-thumbnail size-thumbnail\" alt=\"\" \/><\/a>\n\t\t\t<\/dt><\/dl><dl class='gallery-item'>\n\t\t\t<dt class='gallery-icon landscape'>\n\t\t\t\t<a href='http:\/\/www.denkfried.de\/wp\/?attachment_id=38793'><img loading=\"lazy\" decoding=\"async\" width=\"150\" height=\"150\" src=\"http:\/\/www.denkfried.de\/wp\/wp-content\/uploads\/2015\/05\/Panzerdenkmal-Kleinmachnow-150x150.jpg\" class=\"attachment-thumbnail size-thumbnail\" alt=\"\" \/><\/a>\n\t\t\t<\/dt><\/dl><dl class='gallery-item'>\n\t\t\t<dt class='gallery-icon landscape'>\n\t\t\t\t<a href='http:\/\/www.denkfried.de\/wp\/?attachment_id=38794'><img loading=\"lazy\" decoding=\"async\" width=\"150\" height=\"150\" src=\"http:\/\/www.denkfried.de\/wp\/wp-content\/uploads\/2015\/05\/Panzerdenkmal-Kleinmachnow-1-150x150.jpg\" class=\"attachment-thumbnail size-thumbnail\" alt=\"\" \/><\/a>\n\t\t\t<\/dt><\/dl><dl class='gallery-item'>\n\t\t\t<dt class='gallery-icon landscape'>\n\t\t\t\t<a href='http:\/\/www.denkfried.de\/wp\/?attachment_id=38795'><img loading=\"lazy\" decoding=\"async\" width=\"150\" height=\"150\" src=\"http:\/\/www.denkfried.de\/wp\/wp-content\/uploads\/2015\/05\/Panzerdenkmal-Kleinmachnow-2-150x150.jpg\" class=\"attachment-thumbnail size-thumbnail\" alt=\"\" \/><\/a>\n\t\t\t<\/dt><\/dl><br style=\"clear: both\" \/>\n\t\t<\/div>\n\n<p><strong>Sowjetischer Kriegsgr\u00e4berst\u00e4tte<\/strong>\u00a0Hohe Kiefer (Nr. 21\/23)<\/p>\n<p>Grabst\u00e4tte f\u00fcr 104 im Kampf gefallene Soldaten und Offiziere der Roten Armee<\/p>\n<p>&nbsp;<\/p>\n<p><strong>Panzerdenkmal<\/strong><\/p>\n<p>Jeder Transitreisende kannte den Panzer, der gegen\u00fcber des Grenzkontrollpunkts Dreilinden \u00fcber der Autobahn thronte und dessen Kanonenrohr auf West-Berlin gerichtet war. Dieses Panzerdenkmal erinnerte an den ersten Panzer der Roten Armee, der 1945 \u00fcber die Glienicker Br\u00fccke rollte. Nach der Wende verschwand der Panzer. Die abziehenden GUS-Truppen hatten ihn mitgenommen. F\u00fcr Ersatz sorgte bald der K\u00fcnstler Eckhart Haisch. Nach dem Motto \u201eSchwerter zu Flugscharen\u201c platzierte er 1992 eine rosa angestrichene Schneefr\u00e4se auf dem Denkmalsockel.<\/p>\n<p>Die von ihm selbst als \u201ek\u00fcnstlerisches Husarenst\u00fcck\u201c bezeichnete Aktion entstammte dem Wunsch, den Ort ins Bewusstsein der Menschen zur\u00fcckzuholen, nachdem der Panzer demontiert war, der jedem Reisenden an dieser Stelle \u00fcber Jahre so pr\u00e4sent war. Sein Ziel war es, die Erinnerung zu bewahren, und das ist ihm gelungen. Wenn auch nicht Jeder vom Denkmalwert der rosa Schneefr\u00e4se \u00fcberzeugt ist und hart um deren 2011 erfolgte Sanierung gerungen wurde. Doch auch die kontroversen Diskussionen dazu erfreuten den K\u00fcnstler, denn aufgrund dieses demokratischen Prozesses sei das Denkmal \u201eein Werk von uns allen\u201c geworden und nicht mehr nur dieses \u201eHaisch-Dingsbums\u201c.<\/p>\n<p>Text von <a href=\"http:\/\/kleinmachnow.de\/staticsite\/staticsite2.php?menuid=306&amp;topmenu=12\">Kleinmachnow.de<\/a><\/p>\n","protected":false},"excerpt":{"rendered":"<p>&nbsp; Kleinmachnow Sowj. Gr\u00e4ber, Denkmal Beitrag\u00a0von Thomas\u00a0Gefallenendenkm\u00e4ler Berlin\/Brandenburg Sowjetischer Kriegsgr\u00e4berst\u00e4tte\u00a0Hohe Kiefer (Nr. 21\/23) Grabst\u00e4tte f\u00fcr 104 im Kampf gefallene Soldaten und Offiziere der Roten Armee &nbsp; Panzerdenkmal Jeder Transitreisende kannte den Panzer, der gegen\u00fcber des Grenzkontrollpunkts Dreilinden \u00fcber der Autobahn &hellip; <a href=\"http:\/\/www.denkfried.de\/wp\/?page_id=38558\">Weiterlesen <span class=\"meta-nav\">&rarr;<\/span><\/a><\/p>\n","protected":false},"author":9,"featured_media":0,"parent":4945,"menu_order":0,"comment_status":"closed","ping_status":"open","template":"","meta":{"footnotes":""},"class_list":["post-38558","page","type-page","status-publish","hentry"],"_links":{"self":[{"href":"http:\/\/www.denkfried.de\/wp\/index.php?rest_route=\/wp\/v2\/pages\/38558","targetHints":{"allow":["GET"]}}],"collection":[{"href":"http:\/\/www.denkfried.de\/wp\/index.php?rest_route=\/wp\/v2\/pages"}],"about":[{"href":"http:\/\/www.denkfried.de\/wp\/index.php?rest_route=\/wp\/v2\/types\/page"}],"author":[{"embeddable":true,"href":"http:\/\/www.denkfried.de\/wp\/index.php?rest_route=\/wp\/v2\/users\/9"}],"replies":[{"embeddable":true,"href":"http:\/\/www.denkfried.de\/wp\/index.php?rest_route=%2Fwp%2Fv2%2Fcomments&post=38558"}],"version-history":[{"count":9,"href":"http:\/\/www.denkfried.de\/wp\/index.php?rest_route=\/wp\/v2\/pages\/38558\/revisions"}],"predecessor-version":[{"id":38798,"href":"http:\/\/www.denkfried.de\/wp\/index.php?rest_route=\/wp\/v2\/pages\/38558\/revisions\/38798"}],"up":[{"embeddable":true,"href":"http:\/\/www.denkfried.de\/wp\/index.php?rest_route=\/wp\/v2\/pages\/4945"}],"wp:attachment":[{"href":"http:\/\/www.denkfried.de\/wp\/index.php?rest_route=%2Fwp%2Fv2%2Fmedia&parent=38558"}],"curies":[{"name":"wp","href":"https:\/\/api.w.org\/{rel}","templated":true}]}}