{"id":38394,"date":"2015-04-05T21:13:56","date_gmt":"2015-04-05T19:13:56","guid":{"rendered":"http:\/\/www.denkfried.de\/wp\/?page_id=38394"},"modified":"2015-04-05T22:24:03","modified_gmt":"2015-04-05T20:24:03","slug":"pohorelice-deutsch-pohrlitz","status":"publish","type":"page","link":"http:\/\/www.denkfried.de\/wp\/?page_id=38394","title":{"rendered":"Pohorelice deutsch: Pohrlitz"},"content":{"rendered":"<p><span style=\"text-decoration: underline;\"><strong>691 23\u00a0 Pohorelice<\/strong> <\/span><\/p>\n<p>Pohorelice ist eine Stadt in S\u00fcdm\u00e4hren und liegt ca.25 km s\u00fcdlich von Br\u00fcnn.<\/p>\n<p>Die erste urkundliche Erw\u00e4hnung stammt aus dem Jahre 1222. Der Name Pohrlitz entstand aus bis dahin verschiedenen Schreibweisen. Die Stadt wurde \u00fcberwiegend von Deutschen bewohnt. Nach dem ersten Weltkrieg wurde das Gebiet tschechisch.<\/p>\n<p>1938 fiel das Gebiet wieder an Deutschland. Nach dem zweiten Weltkrieg wurde auf Grund der Vertr\u00e4ge von 1919 bzw. 1939 das Gebiet wieder zu Tschechien \u00fcbertragen.<\/p>\n<p>Am 1.Oktober 1939 wurde Pohrlitz ein Teil des deutschen Reichsgau Niederdonau. Noch im selben Jahr vertreib man die Juden und zerst\u00f6rte die Synagode. Im zweiten Weltkrieg verlor die Stadt 100 Einwohner an Gefallenen und Vermissten. Nach dem 8.Mai 1945 nahm die Verfolgung der deutschen Bev\u00f6lkerung durch militante Tschechen zu, so das die Deutschs\u00fcdm\u00e4hrer haupts\u00e4chlich nach \u00d6sterreich flohen. Zwischen M\u00e4rz und Oktober 1946 erfolgte die Zwangsaussiedlung von 548 Pohrlitzer nach Westdeutschland. Das Benes\u00b4-Dekret 108, 131 besagte die Einziehung alles privaten und \u00f6ffentlichen Verm\u00f6gens der Deutschen. Auch die Kirchen wurden enteignet. Im ber\u00fcchtigten Br\u00fcnner Todesmarsches kamen viele Deutschs\u00fcdm\u00e4hrer durch Seuchen und Exzesse ums Leben. Eine Aufarbeitung der schrecklichen, unmenschlichen Geschehnisse wurden in Tschechien bis heute nicht aufgearbeitet. Die in \u00d6sterreich befindlichen Bewohner wurden bis auf 200 Personen nach Westdeutschland \u00fcberf\u00fchrt.<\/p>\n<p>Ein 1931 erstelltes Kriegerdenkmal wurde nach 1945 von den Tschechen zerst\u00f6rt. Der j\u00fcdische Friedhof und ein Kriegerdenkmal der j\u00fcdischen Gemeinde sind heute Sehensw\u00fcrdigkeiten der Stadt.<\/p>\n<p>&nbsp;<\/p>\n<p>&nbsp;<\/p>\n","protected":false},"excerpt":{"rendered":"<p>691 23\u00a0 Pohorelice Pohorelice ist eine Stadt in S\u00fcdm\u00e4hren und liegt ca.25 km s\u00fcdlich von Br\u00fcnn. Die erste urkundliche Erw\u00e4hnung stammt aus dem Jahre 1222. Der Name Pohrlitz entstand aus bis dahin verschiedenen Schreibweisen. Die Stadt wurde \u00fcberwiegend von Deutschen &hellip; <a href=\"http:\/\/www.denkfried.de\/wp\/?page_id=38394\">Weiterlesen <span class=\"meta-nav\">&rarr;<\/span><\/a><\/p>\n","protected":false},"author":2,"featured_media":0,"parent":355,"menu_order":0,"comment_status":"closed","ping_status":"open","template":"","meta":{"footnotes":""},"class_list":["post-38394","page","type-page","status-publish","hentry"],"_links":{"self":[{"href":"http:\/\/www.denkfried.de\/wp\/index.php?rest_route=\/wp\/v2\/pages\/38394","targetHints":{"allow":["GET"]}}],"collection":[{"href":"http:\/\/www.denkfried.de\/wp\/index.php?rest_route=\/wp\/v2\/pages"}],"about":[{"href":"http:\/\/www.denkfried.de\/wp\/index.php?rest_route=\/wp\/v2\/types\/page"}],"author":[{"embeddable":true,"href":"http:\/\/www.denkfried.de\/wp\/index.php?rest_route=\/wp\/v2\/users\/2"}],"replies":[{"embeddable":true,"href":"http:\/\/www.denkfried.de\/wp\/index.php?rest_route=%2Fwp%2Fv2%2Fcomments&post=38394"}],"version-history":[{"count":1,"href":"http:\/\/www.denkfried.de\/wp\/index.php?rest_route=\/wp\/v2\/pages\/38394\/revisions"}],"predecessor-version":[{"id":38395,"href":"http:\/\/www.denkfried.de\/wp\/index.php?rest_route=\/wp\/v2\/pages\/38394\/revisions\/38395"}],"up":[{"embeddable":true,"href":"http:\/\/www.denkfried.de\/wp\/index.php?rest_route=\/wp\/v2\/pages\/355"}],"wp:attachment":[{"href":"http:\/\/www.denkfried.de\/wp\/index.php?rest_route=%2Fwp%2Fv2%2Fmedia&parent=38394"}],"curies":[{"name":"wp","href":"https:\/\/api.w.org\/{rel}","templated":true}]}}