{"id":383,"date":"2011-04-02T16:12:11","date_gmt":"2011-04-02T14:12:11","guid":{"rendered":"http:\/\/www.bilderstapel.de\/test\/wp\/?page_id=383"},"modified":"2017-10-28T19:54:42","modified_gmt":"2017-10-28T17:54:42","slug":"hessen","status":"publish","type":"page","link":"http:\/\/www.denkfried.de\/wp\/?page_id=383","title":{"rendered":"H E S S E N"},"content":{"rendered":"<p>&nbsp;<\/p>\n<p><strong>Bundesland HESSEN<\/strong><\/p>\n<p><strong>Landeshauptstadt:\u00a0 Wiesbaden<\/strong><\/p>\n<p><strong>***********************************************************<br \/>\n<\/strong><\/p>\n<p>Kriegsgr\u00e4berst\u00e4tten erz\u00e4hlen ihre Geschichte<br \/>\n1052 Gr\u00e4berst\u00e4tten der beiden Weltkriege gibt es in Hessen. \u00dcber 70 000 Menschen fanden dort ihre letzte Ruhe: Soldaten und Zivilisten, Deutsche wie Ausl\u00e4nder, M\u00e4nner, Frauen und Kinder.<\/p>\n<p>***********************************************************<\/p>\n<h2><span style=\"text-decoration: underline;\">Regierungsbezirk Darmstadt<\/span><\/h2>\n<ul>\n<li>\n<address>Landkreis Bergstra\u00dfe <small>(Heppenheim)<\/small><\/address>\n<\/li>\n<li>\n<address><a href=\"http:\/\/www.denkfried.de\/wp\/?page_id=30962\">Landkreis Darmstadt-Dieburg<\/a> <small>(Darmstadt, Ortsteil Kranichstein)<\/small><\/address>\n<\/li>\n<li>\n<address>Landkreis Gro\u00df-Gerau <small>(Gro\u00df-Gerau)<\/small><\/address>\n<\/li>\n<li>\n<address>Landkreis Hochtaunuskreis <small>(Bad Homburg vor der H\u00f6he)<\/small><\/address>\n<\/li>\n<li>\n<address><a title=\"LK MAIN-KINZIG-KREIS\" href=\"http:\/\/www.denkfried.de\/wp\/?page_id=3827\">Landkreis Main-Kinzig-Kreis<\/a> <small>(seit dem 1. Juli 2005 Gelnhausen, davor Hanau)<\/small><\/address>\n<\/li>\n<li>\n<address>Landkreis Main-Taunus-Kreis <small>(Hofheim am Taunus)<\/small><\/address>\n<\/li>\n<li>\n<address>Landkreis Odenwaldkreis <small>(Erbach)<\/small><\/address>\n<\/li>\n<li>\n<address>Landkreis Offenbach <small>(seit dem 21. Juni 2002 Dietzenbach, davor Offenbach am Main)<\/small><\/address>\n<\/li>\n<li>\n<address>Landkreis Rheingau-Taunus-Kreis <small>(Bad Schwalbach)<\/small><\/address>\n<\/li>\n<li>\n<address><a title=\"LK WETTERAUKREIS\" href=\"http:\/\/www.denkfried.de\/wp\/?page_id=3838\">Landkreis Wetteraukreis<\/a> <small>(Friedberg)<\/small><\/address>\n<\/li>\n<\/ul>\n<h3><span style=\"text-decoration: underline;\"><strong><small>Kreisfreie St\u00e4dte:<\/small><\/strong><\/span><\/h3>\n<ul>\n<li>\n<address>Darmstadt<\/address>\n<\/li>\n<li>\n<address>Frankfurt am Main<\/address>\n<\/li>\n<li>\n<address>Offenbach a.Main<\/address>\n<\/li>\n<li>\n<address>Wiesbaden<\/address>\n<\/li>\n<\/ul>\n<p>&nbsp;<\/p>\n<h2><span style=\"text-decoration: underline;\">Regierungsbezirk Gie\u00dfen<\/span><\/h2>\n<ul>\n<li><a href=\"http:\/\/www.denkfried.de\/wp\/?page_id=28211\">Landkreis Gie\u00dfen<\/a> <small>(Gie\u00dfen)<\/small><a href=\"http:\/\/www.denkfried.de\/wp\/?page_id=28211\"><br \/>\n<\/a><\/li>\n<li>\n<address>Landkreis Lahn-Dill-Kreis <small>(Wetzlar)<\/small><\/address>\n<\/li>\n<li>\n<address>Landkreis Limburg-Weilburg <small>(Limburg)<\/small><\/address>\n<\/li>\n<li>\n<address>Landkreis Marburg-Biedenkopf <small>(Marburg)<\/small><\/address>\n<\/li>\n<li>\n<address>Landkreis Vogelsbergkreis <small>(Lauterbach)<\/small><\/address>\n<\/li>\n<\/ul>\n<p>&nbsp;<\/p>\n<h2><span style=\"text-decoration: underline;\"><strong>Regierungsbezirk Kassel<\/strong><\/span><\/h2>\n<ul>\n<li>\n<address>Landkreis Fulda <small>(Fulda)<\/small><\/address>\n<\/li>\n<li>\n<address>Landkreis Hersfeld-Rotenburg <small>(Bad Hersfeld)<\/small><\/address>\n<\/li>\n<li>\n<address><a title=\"LK KASSEL\" href=\"http:\/\/www.denkfried.de\/wp\/?page_id=3843\">Landkreis Kassel <\/a><small>(Kassel)<\/small><\/address>\n<\/li>\n<li>\n<address>Landkreis Schwalm-Eder-Kreis <small>(Homberg (Efze))<\/small><\/address>\n<\/li>\n<li>\n<address>Landkreis Waldeck-Frankenberg <small>(Korbach)<\/small><\/address>\n<\/li>\n<li>\n<address>Landkreis Werra-Mei\u00dfner-Kreis <small>(Eschwege)<\/small><\/address>\n<\/li>\n<\/ul>\n<p>&nbsp;<\/p>\n<h3><span style=\"text-decoration: underline;\">Kreisfreie St\u00e4dte:<\/span><\/h3>\n<ul>\n<li>\n<address>Kassel<\/address>\n<\/li>\n<\/ul>\n<p>***********************************************************<\/p>\n<p>&nbsp;<\/p>\n<p>&nbsp;<\/p>\n<p>&nbsp;<\/p>\n","protected":false},"excerpt":{"rendered":"<p>&nbsp; Bundesland HESSEN Landeshauptstadt:\u00a0 Wiesbaden *********************************************************** Kriegsgr\u00e4berst\u00e4tten erz\u00e4hlen ihre Geschichte 1052 Gr\u00e4berst\u00e4tten der beiden Weltkriege gibt es in Hessen. \u00dcber 70 000 Menschen fanden dort ihre letzte Ruhe: Soldaten und Zivilisten, Deutsche wie Ausl\u00e4nder, M\u00e4nner, Frauen und Kinder. *********************************************************** Regierungsbezirk &hellip; <a href=\"http:\/\/www.denkfried.de\/wp\/?page_id=383\">Weiterlesen <span class=\"meta-nav\">&rarr;<\/span><\/a><\/p>\n","protected":false},"author":2,"featured_media":0,"parent":41489,"menu_order":5,"comment_status":"open","ping_status":"open","template":"","meta":{"footnotes":""},"class_list":["post-383","page","type-page","status-publish","hentry"],"_links":{"self":[{"href":"http:\/\/www.denkfried.de\/wp\/index.php?rest_route=\/wp\/v2\/pages\/383","targetHints":{"allow":["GET"]}}],"collection":[{"href":"http:\/\/www.denkfried.de\/wp\/index.php?rest_route=\/wp\/v2\/pages"}],"about":[{"href":"http:\/\/www.denkfried.de\/wp\/index.php?rest_route=\/wp\/v2\/types\/page"}],"author":[{"embeddable":true,"href":"http:\/\/www.denkfried.de\/wp\/index.php?rest_route=\/wp\/v2\/users\/2"}],"replies":[{"embeddable":true,"href":"http:\/\/www.denkfried.de\/wp\/index.php?rest_route=%2Fwp%2Fv2%2Fcomments&post=383"}],"version-history":[{"count":12,"href":"http:\/\/www.denkfried.de\/wp\/index.php?rest_route=\/wp\/v2\/pages\/383\/revisions"}],"predecessor-version":[{"id":41498,"href":"http:\/\/www.denkfried.de\/wp\/index.php?rest_route=\/wp\/v2\/pages\/383\/revisions\/41498"}],"up":[{"embeddable":true,"href":"http:\/\/www.denkfried.de\/wp\/index.php?rest_route=\/wp\/v2\/pages\/41489"}],"wp:attachment":[{"href":"http:\/\/www.denkfried.de\/wp\/index.php?rest_route=%2Fwp%2Fv2%2Fmedia&parent=383"}],"curies":[{"name":"wp","href":"https:\/\/api.w.org\/{rel}","templated":true}]}}