{"id":38098,"date":"2015-03-13T21:35:40","date_gmt":"2015-03-13T20:35:40","guid":{"rendered":"http:\/\/www.denkfried.de\/wp\/?page_id=38098"},"modified":"2017-02-28T20:57:19","modified_gmt":"2017-02-28T19:57:19","slug":"ka-weststadt","status":"publish","type":"page","link":"http:\/\/www.denkfried.de\/wp\/?page_id=38098","title":{"rendered":"&#8211; Weststadt (Denkm.)"},"content":{"rendered":"<p>&nbsp;<\/p>\n<p><strong>Stadt Karlsruhe<\/strong> Denkm\u00e4ler Weststadt<\/p>\n<p>Beitrag von Thomas <a href=\"http:\/\/potsdamer-ehrenmale.de.tl\/Hauptseite.htm\">Potsdamer-Ehrenmale.de<\/a><\/p>\n<div id='gallery-1' class='gallery galleryid-38098 gallery-columns-3 gallery-size-thumbnail'><dl class='gallery-item'>\n\t\t\t<dt class='gallery-icon portrait'>\n\t\t\t\t<a href='http:\/\/www.denkfried.de\/wp\/?attachment_id=38138'><img loading=\"lazy\" decoding=\"async\" width=\"150\" height=\"150\" src=\"http:\/\/www.denkfried.de\/wp\/wp-content\/uploads\/2015\/03\/Karlsruhe-Dragonerehrenmal-150x150.jpg\" class=\"attachment-thumbnail size-thumbnail\" alt=\"\" aria-describedby=\"gallery-1-38138\" \/><\/a>\n\t\t\t<\/dt>\n\t\t\t\t<dd class='wp-caption-text gallery-caption' id='gallery-1-38138'>\n\t\t\t\tDragonerehrenmal-Leibdragoner\n\t\t\t\t<\/dd><\/dl>\n\t\t\t<br style='clear: both' \/>\n\t\t<\/div>\n\n<p>Kadettenanstalt in der Moltkestra\u00dfe,\u00a0das Geb\u00e4ude stammt vom Ende des 19. Jhdts.<br \/>\nHeute wird der Komplex von der Oberfinanzdirektion genutzt. Eine Relief befindet sich am Eingang, Grenadierkaserne Infanterie-Regiment 109. auch eine bronzene Gedenktafel befindet sich am Eingang, Zur Erinnerung an das k\u00f6niglich preu\u00dfische Kadettenhaus Karlsruhe 1892-1919 und seinen gefallenen zum Ged\u00e4chtnis. Auf dem Hof gibt es ein Denkmal.<\/p>\n<p>Den in treuster Pflichterf\u00fcllung im Dienste f\u00fcr das Vaterland Gefallenen Kameraden des 1. Badische Leib-Grenadier Regiments zum ehrendem Ged\u00e4chtnisse. Es fanden im Feldzuge 1870-71 den Heldentod:<\/p>\n<p><span style=\"text-decoration: underline;\"><strong>1914-1918<\/strong><\/span><\/p>\n<p>Denkmal f\u00fcr die Gefallenen der Badischen Justizverwaltung in der\u00a0Hoffstr. 10. 1927-28 von Karl Dietrich f\u00fcr Badischer Richterverein.<\/p>\n<p><strong>Leibdragonerdenkma<\/strong>l in der Kaiserallee,\u00a0Das Denkmal zeigt einen reitenden Dragoner mit Lanze w\u00e4hrend des Ersten Weltkriegs.\u00a0Es wurde 1926 bis \u201929 von Kurt Edzard (1890\u20131972), einem Sch\u00fcler Hermann Volz&#8216; geschaffen. Auf der Vorderseite des Sockels befindet sich eine Krone, das Symbol des Regiments. 1914-1918 Den im Kriege Gefallenen Leibdragonern von Ihren Kameraden. Du stirbst, Besitz stirbt, die Sippen sterben. Einzig lebt, wir wissen es, der Toten Tatenruhm. Edda<\/p>\n<p><span style=\"text-decoration: underline;\"><strong>1939-1945<\/strong><\/span><\/p>\n<p>In der\u00a0Hildapromenade beim Haydnplatz\u00a0ist ein Denkmal f\u00fcr die im Zweiten Weltkrieg Gefallenen der Wehrmacht. Das schlichte Gefallenendenkmal aus grauem Stein in Form eines Sarkophags zeigt an der linken Schmalseite ein stilisiertes Eisernes Kreuz, an der rechten einen Fisch, das Symbol der Division. Auf der R\u00fcckseite sind die Truppenteile der 35. Division aufgef\u00fchrt, darunter das Karlsruher Grenadier-Regiment 109. Inschrift: Die 35. Division Ihren Gefallenen 1939-1945<\/p>\n<p>Quelle: Ka-Stadtwiki.net<\/p>\n","protected":false},"excerpt":{"rendered":"<p>&nbsp; Stadt Karlsruhe Denkm\u00e4ler Weststadt Beitrag von Thomas Potsdamer-Ehrenmale.de Kadettenanstalt in der Moltkestra\u00dfe,\u00a0das Geb\u00e4ude stammt vom Ende des 19. Jhdts. Heute wird der Komplex von der Oberfinanzdirektion genutzt. Eine Relief befindet sich am Eingang, Grenadierkaserne Infanterie-Regiment 109. auch eine bronzene &hellip; <a href=\"http:\/\/www.denkfried.de\/wp\/?page_id=38098\">Weiterlesen <span class=\"meta-nav\">&rarr;<\/span><\/a><\/p>\n","protected":false},"author":9,"featured_media":0,"parent":2835,"menu_order":0,"comment_status":"closed","ping_status":"open","template":"","meta":{"footnotes":""},"class_list":["post-38098","page","type-page","status-publish","hentry"],"_links":{"self":[{"href":"http:\/\/www.denkfried.de\/wp\/index.php?rest_route=\/wp\/v2\/pages\/38098","targetHints":{"allow":["GET"]}}],"collection":[{"href":"http:\/\/www.denkfried.de\/wp\/index.php?rest_route=\/wp\/v2\/pages"}],"about":[{"href":"http:\/\/www.denkfried.de\/wp\/index.php?rest_route=\/wp\/v2\/types\/page"}],"author":[{"embeddable":true,"href":"http:\/\/www.denkfried.de\/wp\/index.php?rest_route=\/wp\/v2\/users\/9"}],"replies":[{"embeddable":true,"href":"http:\/\/www.denkfried.de\/wp\/index.php?rest_route=%2Fwp%2Fv2%2Fcomments&post=38098"}],"version-history":[{"count":16,"href":"http:\/\/www.denkfried.de\/wp\/index.php?rest_route=\/wp\/v2\/pages\/38098\/revisions"}],"predecessor-version":[{"id":41167,"href":"http:\/\/www.denkfried.de\/wp\/index.php?rest_route=\/wp\/v2\/pages\/38098\/revisions\/41167"}],"up":[{"embeddable":true,"href":"http:\/\/www.denkfried.de\/wp\/index.php?rest_route=\/wp\/v2\/pages\/2835"}],"wp:attachment":[{"href":"http:\/\/www.denkfried.de\/wp\/index.php?rest_route=%2Fwp%2Fv2%2Fmedia&parent=38098"}],"curies":[{"name":"wp","href":"https:\/\/api.w.org\/{rel}","templated":true}]}}