{"id":38079,"date":"2015-03-13T20:43:25","date_gmt":"2015-03-13T19:43:25","guid":{"rendered":"http:\/\/www.denkfried.de\/wp\/?page_id=38079"},"modified":"2017-02-28T20:51:45","modified_gmt":"2017-02-28T19:51:45","slug":"ka-suedweststadt","status":"publish","type":"page","link":"http:\/\/www.denkfried.de\/wp\/?page_id=38079","title":{"rendered":"&#8211; S\u00fcdweststadt (Denkm.)"},"content":{"rendered":"<p>&nbsp;<\/p>\n<p><strong>Stadt Karlsruhe<\/strong> S\u00fcdweststadt<\/p>\n<p>Beitrag von Thomas <a href=\"http:\/\/potsdamer-ehrenmale.de.tl\/Hauptseite.htm\">Potsdamer-Ehrenmale.de<\/a><\/p>\n<p><strong>Leibgrenadierdenkmal\u00a0<\/strong>auf dem Europaplatz. Das neuere Denkmal ist eine Granits\u00e4ule, bekr\u00f6nt mit dem badischen Greif in Bronze, der eine Fl\u00fcgelspannweite von 2,70 Meter und ein Gewicht von 900 Kilogramm hat. An allen vier Seiten befinden sich Inschriften. \u00dcber der Inschrift auf der Vorderseite: <em>Den Badischen Leibgrenadieren<\/em> befindet sich eine Krone, das Abzeichen des Regiments. An den Seiten stehen die Namen der Schlachten, in denen das Regiment 1813\/15, 1848\/49, im Deutsch-Franz\u00f6sischen Krieg 1870\/71 und im\u00a0Ersten Weltkrieg gek\u00e4mpft hat. Auf der R\u00fcckseite sind die Reserve- und Kriegsformationen des Regiments erw\u00e4hnt: Grenadier, Reserve, Ers. Reserve, Landwehr, Landsturm 109. \u00dcber der Inschrift befindet sich der Stern des Hausordens der Treue, der neben der Krone ein weiteres Symbol des Regiments ist. Da die pyramidenf\u00f6rmige Spitze fehlt, ist es kein Obelisk.\u00a0Das Grenadierdenkmal wurde von den Architekten Otto Gruber und Emil Valentin Gutmann geschaffen und am 28. Juni 1925 eingeweiht.<\/p>\n<p><strong>Denkmal Weltkriege &#8222;Ph\u00f6nix \u00fcber Europa&#8220;<\/strong><\/p>\n<p>Das Denkmal ist der Brunnen vor der Stadthalle in der Beiertheimer Allee.\u00a0Die Ph\u00f6nix-Figur steht \u00fcber einer Landkarte Europas. Das Denkmal befand sich\u00a0vor dem Umbau am\u00a0Europaplatz. Der Brunnen ist aus Bronze und Granit gefertigt.<\/p>\n<pre>            Ph\u00f6nix \u00fcber Europa\r\n                   \u00b7\r\n      Dem von Kriegen Gezeichneten\r\n                Mahnung\r\n  An Untergang voller Gewalt und Leid \r\n  an Erneuerung voller M\u00fchlsal und Last\r\n                   \u00b7\r\n        Den um Frieden Bem\u00fchten\r\n             Verpflichtung\r\n  um Wahrhaftem Handeln f\u00fcr ein geeintes\r\n                 Europa                  \r\nbef\u00e4higt zu stetig fruchtbarer Erneuerung\r\n befreit aus schicksalhafter Verstrickung\r\n       ohne die Not des Untergangs\r\n                   \u00b7       \r\n\r\n                   \u00b7\r\n       Walter Maria F\u00f6rderer Fecit\r\n                 MCMLXXIX<\/pre>\n","protected":false},"excerpt":{"rendered":"<p>&nbsp; Stadt Karlsruhe S\u00fcdweststadt Beitrag von Thomas Potsdamer-Ehrenmale.de Leibgrenadierdenkmal\u00a0auf dem Europaplatz. Das neuere Denkmal ist eine Granits\u00e4ule, bekr\u00f6nt mit dem badischen Greif in Bronze, der eine Fl\u00fcgelspannweite von 2,70 Meter und ein Gewicht von 900 Kilogramm hat. An allen vier &hellip; <a href=\"http:\/\/www.denkfried.de\/wp\/?page_id=38079\">Weiterlesen <span class=\"meta-nav\">&rarr;<\/span><\/a><\/p>\n","protected":false},"author":9,"featured_media":0,"parent":2835,"menu_order":0,"comment_status":"closed","ping_status":"open","template":"","meta":{"footnotes":""},"class_list":["post-38079","page","type-page","status-publish","hentry"],"_links":{"self":[{"href":"http:\/\/www.denkfried.de\/wp\/index.php?rest_route=\/wp\/v2\/pages\/38079","targetHints":{"allow":["GET"]}}],"collection":[{"href":"http:\/\/www.denkfried.de\/wp\/index.php?rest_route=\/wp\/v2\/pages"}],"about":[{"href":"http:\/\/www.denkfried.de\/wp\/index.php?rest_route=\/wp\/v2\/types\/page"}],"author":[{"embeddable":true,"href":"http:\/\/www.denkfried.de\/wp\/index.php?rest_route=\/wp\/v2\/users\/9"}],"replies":[{"embeddable":true,"href":"http:\/\/www.denkfried.de\/wp\/index.php?rest_route=%2Fwp%2Fv2%2Fcomments&post=38079"}],"version-history":[{"count":10,"href":"http:\/\/www.denkfried.de\/wp\/index.php?rest_route=\/wp\/v2\/pages\/38079\/revisions"}],"predecessor-version":[{"id":41165,"href":"http:\/\/www.denkfried.de\/wp\/index.php?rest_route=\/wp\/v2\/pages\/38079\/revisions\/41165"}],"up":[{"embeddable":true,"href":"http:\/\/www.denkfried.de\/wp\/index.php?rest_route=\/wp\/v2\/pages\/2835"}],"wp:attachment":[{"href":"http:\/\/www.denkfried.de\/wp\/index.php?rest_route=%2Fwp%2Fv2%2Fmedia&parent=38079"}],"curies":[{"name":"wp","href":"https:\/\/api.w.org\/{rel}","templated":true}]}}