{"id":3800,"date":"2011-04-18T18:59:57","date_gmt":"2011-04-18T16:59:57","guid":{"rendered":"http:\/\/www.denkfried.de\/wp\/?page_id=3800"},"modified":"2011-04-18T18:59:57","modified_gmt":"2011-04-18T16:59:57","slug":"bremerhaven-geestemunde","status":"publish","type":"page","link":"http:\/\/www.denkfried.de\/wp\/?page_id=3800","title":{"rendered":"Bremerhaven-Geestem\u00fcnde"},"content":{"rendered":"<p>&nbsp;<\/p>\n<p><span style=\"text-decoration: underline; color: #ff0000;\"><strong>27570 Bremerhaven-Geestem\u00fcnde<\/strong><\/span><\/p>\n<p>Kriegsgr\u00e4berst\u00e4tte<\/p>\n<p>Kriegstote:\u00a0 1.WK\u00a0 \u00a0 \u00a0 \u00a018<\/p>\n<p>2.WK\u00a0 \u00a0 \u00a0 \u00a0252 deutsche Soldaten, verstorben in den Lazaretten Drangstedt u.Weserm\u00fcnde<br \/>\n99\u00a0 Bombenopfer v.15.6.und 18.9.1944<br \/>\n9\u00a0 Ausl\u00e4nder (Fremdarbeiter)<\/p>\n","protected":false},"excerpt":{"rendered":"<p>&nbsp; 27570 Bremerhaven-Geestem\u00fcnde Kriegsgr\u00e4berst\u00e4tte Kriegstote:\u00a0 1.WK\u00a0 \u00a0 \u00a0 \u00a018 2.WK\u00a0 \u00a0 \u00a0 \u00a0252 deutsche Soldaten, verstorben in den Lazaretten Drangstedt u.Weserm\u00fcnde 99\u00a0 Bombenopfer v.15.6.und 18.9.1944 9\u00a0 Ausl\u00e4nder (Fremdarbeiter)<\/p>\n","protected":false},"author":2,"featured_media":0,"parent":3768,"menu_order":0,"comment_status":"closed","ping_status":"open","template":"","meta":{"footnotes":""},"class_list":["post-3800","page","type-page","status-publish","hentry"],"_links":{"self":[{"href":"http:\/\/www.denkfried.de\/wp\/index.php?rest_route=\/wp\/v2\/pages\/3800","targetHints":{"allow":["GET"]}}],"collection":[{"href":"http:\/\/www.denkfried.de\/wp\/index.php?rest_route=\/wp\/v2\/pages"}],"about":[{"href":"http:\/\/www.denkfried.de\/wp\/index.php?rest_route=\/wp\/v2\/types\/page"}],"author":[{"embeddable":true,"href":"http:\/\/www.denkfried.de\/wp\/index.php?rest_route=\/wp\/v2\/users\/2"}],"replies":[{"embeddable":true,"href":"http:\/\/www.denkfried.de\/wp\/index.php?rest_route=%2Fwp%2Fv2%2Fcomments&post=3800"}],"version-history":[{"count":2,"href":"http:\/\/www.denkfried.de\/wp\/index.php?rest_route=\/wp\/v2\/pages\/3800\/revisions"}],"predecessor-version":[{"id":3802,"href":"http:\/\/www.denkfried.de\/wp\/index.php?rest_route=\/wp\/v2\/pages\/3800\/revisions\/3802"}],"up":[{"embeddable":true,"href":"http:\/\/www.denkfried.de\/wp\/index.php?rest_route=\/wp\/v2\/pages\/3768"}],"wp:attachment":[{"href":"http:\/\/www.denkfried.de\/wp\/index.php?rest_route=%2Fwp%2Fv2%2Fmedia&parent=3800"}],"curies":[{"name":"wp","href":"https:\/\/api.w.org\/{rel}","templated":true}]}}