{"id":37973,"date":"2015-03-08T19:28:29","date_gmt":"2015-03-08T18:28:29","guid":{"rendered":"http:\/\/www.denkfried.de\/wp\/?page_id=37973"},"modified":"2015-03-08T19:30:06","modified_gmt":"2015-03-08T18:30:06","slug":"luetjenburg","status":"publish","type":"page","link":"http:\/\/www.denkfried.de\/wp\/?page_id=37973","title":{"rendered":"L\u00fctjenburg"},"content":{"rendered":"<p>&nbsp;<\/p>\n<p><span style=\"text-decoration: underline;\"><strong>24321 L\u00fctjenburg<\/strong><\/span><\/p>\n<p>Auf dem Ortsfriedhof am Kirchhofweg in L\u00fctjenburg wurde f\u00fcr 167 gefallene Kriegsopfer, verschiedener Nationen, ein Gr\u00e4berfeld angelegt. Mit Findlingen wurden die Einzelgr\u00e4ber kenntlich gemacht, diese zeigen in schwarzer Schrift\u00a0 die Namen, Geburtsort und Sterbedatum. Zwischen den f\u00fcnfreihig angelegten Einzelgr\u00e4bern wurde ein Mannshohes Natursteinhochkreutz in der Mitte des Gr\u00e4berfeldes errichtet. Die Gr\u00e4ber vermitteln einen gepflegten Eindruck.<\/p>\n<p>Bilder vom 25.04.2013<\/p>\n<p>&nbsp;<\/p>\n<p>Gr\u00fc\u00dfe Hubert<\/p>\n<p><a href=\"http:\/\/www.denkfried.de\/wp\/wp-content\/uploads\/2015\/03\/KGST.L\u00fctjeburgKirchhofweg2.W.K.deutsche25.04.2013-1.jpg\"><img loading=\"lazy\" decoding=\"async\" class=\"aligncenter size-thumbnail wp-image-37974\" src=\"http:\/\/www.denkfried.de\/wp\/wp-content\/uploads\/2015\/03\/KGST.L\u00fctjeburgKirchhofweg2.W.K.deutsche25.04.2013-1-150x150.jpg\" alt=\"KGST.L\u00fctjeburg,Kirchhofweg,2.W.K.deutsche,25.04.2013 (1)\" width=\"150\" height=\"150\" \/><\/a> <a href=\"http:\/\/www.denkfried.de\/wp\/wp-content\/uploads\/2015\/03\/KGST.L\u00fctjeburgKirchhofweg2.W.K.deutsche25.04.2013-2.jpg\"><img loading=\"lazy\" decoding=\"async\" class=\"aligncenter size-thumbnail wp-image-37975\" src=\"http:\/\/www.denkfried.de\/wp\/wp-content\/uploads\/2015\/03\/KGST.L\u00fctjeburgKirchhofweg2.W.K.deutsche25.04.2013-2-150x150.jpg\" alt=\"KGST.L\u00fctjeburg,Kirchhofweg,2.W.K.deutsche,25.04.2013 (2)\" width=\"150\" height=\"150\" \/><\/a> <a href=\"http:\/\/www.denkfried.de\/wp\/wp-content\/uploads\/2015\/03\/KGST.L\u00fctjeburgKirchhofweg2.W.K.deutsche25.04.2013-3.jpg\"><img loading=\"lazy\" decoding=\"async\" class=\"aligncenter size-thumbnail wp-image-37976\" src=\"http:\/\/www.denkfried.de\/wp\/wp-content\/uploads\/2015\/03\/KGST.L\u00fctjeburgKirchhofweg2.W.K.deutsche25.04.2013-3-150x150.jpg\" alt=\"KGST.L\u00fctjeburg,Kirchhofweg,2.W.K.deutsche,25.04.2013 (3)\" width=\"150\" height=\"150\" \/><\/a> <a href=\"http:\/\/www.denkfried.de\/wp\/wp-content\/uploads\/2015\/03\/KGST.L\u00fctjeburgKirchhofweg2.W.K.deutsche25.04.2013-4.jpg\"><img loading=\"lazy\" decoding=\"async\" class=\"aligncenter size-thumbnail wp-image-37977\" src=\"http:\/\/www.denkfried.de\/wp\/wp-content\/uploads\/2015\/03\/KGST.L\u00fctjeburgKirchhofweg2.W.K.deutsche25.04.2013-4-150x150.jpg\" alt=\"KGST.L\u00fctjeburg,Kirchhofweg,2.W.K.deutsche,25.04.2013 (4)\" width=\"150\" height=\"150\" \/><\/a> <a href=\"http:\/\/www.denkfried.de\/wp\/wp-content\/uploads\/2015\/03\/KGST.L\u00fctjeburgKirchhofweg2.W.K.deutsche25.04.2013-5.jpg\"><img loading=\"lazy\" decoding=\"async\" class=\"aligncenter size-thumbnail wp-image-37978\" src=\"http:\/\/www.denkfried.de\/wp\/wp-content\/uploads\/2015\/03\/KGST.L\u00fctjeburgKirchhofweg2.W.K.deutsche25.04.2013-5-150x150.jpg\" alt=\"KGST.L\u00fctjeburg,Kirchhofweg,2.W.K.deutsche,25.04.2013 (5)\" width=\"150\" height=\"150\" \/><\/a> <a href=\"http:\/\/www.denkfried.de\/wp\/wp-content\/uploads\/2015\/03\/KGST.L\u00fctjeburgKirchhofweg2.W.K.deutsche25.04.2013-6.jpg\"><img loading=\"lazy\" decoding=\"async\" class=\"aligncenter size-thumbnail wp-image-37979\" src=\"http:\/\/www.denkfried.de\/wp\/wp-content\/uploads\/2015\/03\/KGST.L\u00fctjeburgKirchhofweg2.W.K.deutsche25.04.2013-6-150x150.jpg\" alt=\"KGST.L\u00fctjeburg,Kirchhofweg,2.W.K.deutsche,25.04.2013 (6)\" width=\"150\" height=\"150\" \/><\/a> <a href=\"http:\/\/www.denkfried.de\/wp\/wp-content\/uploads\/2015\/03\/KGST.L\u00fctjeburgKirchhofweg2.W.K.deutsche25.04.2013-7.jpg\"><img loading=\"lazy\" decoding=\"async\" class=\"aligncenter size-thumbnail wp-image-37980\" src=\"http:\/\/www.denkfried.de\/wp\/wp-content\/uploads\/2015\/03\/KGST.L\u00fctjeburgKirchhofweg2.W.K.deutsche25.04.2013-7-150x150.jpg\" alt=\"KGST.L\u00fctjeburg,Kirchhofweg,2.W.K.deutsche,25.04.2013 (7)\" width=\"150\" height=\"150\" \/><\/a> <a href=\"http:\/\/www.denkfried.de\/wp\/wp-content\/uploads\/2015\/03\/KGST.L\u00fctjeburgKirchhofweg2.W.K.deutsche25.04.2013-8.jpg\"><img loading=\"lazy\" decoding=\"async\" class=\"aligncenter size-thumbnail wp-image-37981\" src=\"http:\/\/www.denkfried.de\/wp\/wp-content\/uploads\/2015\/03\/KGST.L\u00fctjeburgKirchhofweg2.W.K.deutsche25.04.2013-8-150x150.jpg\" alt=\"KGST.L\u00fctjeburg,Kirchhofweg,2.W.K.deutsche,25.04.2013 (8)\" width=\"150\" height=\"150\" \/><\/a> <a href=\"http:\/\/www.denkfried.de\/wp\/wp-content\/uploads\/2015\/03\/KGST.L\u00fctjeburgKirchhofweg2.W.K.deutsche25.04.2013-9.jpg\"><img loading=\"lazy\" decoding=\"async\" class=\"aligncenter size-thumbnail wp-image-37982\" src=\"http:\/\/www.denkfried.de\/wp\/wp-content\/uploads\/2015\/03\/KGST.L\u00fctjeburgKirchhofweg2.W.K.deutsche25.04.2013-9-150x150.jpg\" alt=\"KGST.L\u00fctjeburg,Kirchhofweg,2.W.K.deutsche,25.04.2013 (9)\" width=\"150\" height=\"150\" \/><\/a> <a href=\"http:\/\/www.denkfried.de\/wp\/wp-content\/uploads\/2015\/03\/KGST.L\u00fctjeburgKirchhofweg2.W.K.deutsche25.04.2013-10.jpg\"><img loading=\"lazy\" decoding=\"async\" class=\"aligncenter size-thumbnail wp-image-37983\" src=\"http:\/\/www.denkfried.de\/wp\/wp-content\/uploads\/2015\/03\/KGST.L\u00fctjeburgKirchhofweg2.W.K.deutsche25.04.2013-10-150x150.jpg\" alt=\"KGST.L\u00fctjeburg,Kirchhofweg,2.W.K.deutsche,25.04.2013 (10)\" width=\"150\" height=\"150\" \/><\/a> <a href=\"http:\/\/www.denkfried.de\/wp\/wp-content\/uploads\/2015\/03\/KGST.L\u00fctjeburgKirchhofweg2.W.K.deutsche25.04.2013-12.jpg\"><img loading=\"lazy\" decoding=\"async\" class=\"aligncenter size-thumbnail wp-image-37984\" src=\"http:\/\/www.denkfried.de\/wp\/wp-content\/uploads\/2015\/03\/KGST.L\u00fctjeburgKirchhofweg2.W.K.deutsche25.04.2013-12-150x150.jpg\" alt=\"KGST.L\u00fctjeburg,Kirchhofweg,2.W.K.deutsche,25.04.2013 (12)\" width=\"150\" height=\"150\" \/><\/a> <a href=\"http:\/\/www.denkfried.de\/wp\/wp-content\/uploads\/2015\/03\/KGST.L\u00fctjeburgKirchhofweg2.W.K.deutsche25.04.2013-13.jpg\"><img loading=\"lazy\" decoding=\"async\" class=\"aligncenter size-thumbnail wp-image-37985\" src=\"http:\/\/www.denkfried.de\/wp\/wp-content\/uploads\/2015\/03\/KGST.L\u00fctjeburgKirchhofweg2.W.K.deutsche25.04.2013-13-150x150.jpg\" alt=\"KGST.L\u00fctjeburg,Kirchhofweg,2.W.K.deutsche,25.04.2013 (13)\" width=\"150\" height=\"150\" \/><\/a><\/p>\n","protected":false},"excerpt":{"rendered":"<p>&nbsp; 24321 L\u00fctjenburg Auf dem Ortsfriedhof am Kirchhofweg in L\u00fctjenburg wurde f\u00fcr 167 gefallene Kriegsopfer, verschiedener Nationen, ein Gr\u00e4berfeld angelegt. Mit Findlingen wurden die Einzelgr\u00e4ber kenntlich gemacht, diese zeigen in schwarzer Schrift\u00a0 die Namen, Geburtsort und Sterbedatum. Zwischen den f\u00fcnfreihig &hellip; <a href=\"http:\/\/www.denkfried.de\/wp\/?page_id=37973\">Weiterlesen <span class=\"meta-nav\">&rarr;<\/span><\/a><\/p>\n","protected":false},"author":7,"featured_media":0,"parent":4058,"menu_order":0,"comment_status":"closed","ping_status":"open","template":"","meta":{"footnotes":""},"class_list":["post-37973","page","type-page","status-publish","hentry"],"_links":{"self":[{"href":"http:\/\/www.denkfried.de\/wp\/index.php?rest_route=\/wp\/v2\/pages\/37973","targetHints":{"allow":["GET"]}}],"collection":[{"href":"http:\/\/www.denkfried.de\/wp\/index.php?rest_route=\/wp\/v2\/pages"}],"about":[{"href":"http:\/\/www.denkfried.de\/wp\/index.php?rest_route=\/wp\/v2\/types\/page"}],"author":[{"embeddable":true,"href":"http:\/\/www.denkfried.de\/wp\/index.php?rest_route=\/wp\/v2\/users\/7"}],"replies":[{"embeddable":true,"href":"http:\/\/www.denkfried.de\/wp\/index.php?rest_route=%2Fwp%2Fv2%2Fcomments&post=37973"}],"version-history":[{"count":1,"href":"http:\/\/www.denkfried.de\/wp\/index.php?rest_route=\/wp\/v2\/pages\/37973\/revisions"}],"predecessor-version":[{"id":37990,"href":"http:\/\/www.denkfried.de\/wp\/index.php?rest_route=\/wp\/v2\/pages\/37973\/revisions\/37990"}],"up":[{"embeddable":true,"href":"http:\/\/www.denkfried.de\/wp\/index.php?rest_route=\/wp\/v2\/pages\/4058"}],"wp:attachment":[{"href":"http:\/\/www.denkfried.de\/wp\/index.php?rest_route=%2Fwp%2Fv2%2Fmedia&parent=37973"}],"curies":[{"name":"wp","href":"https:\/\/api.w.org\/{rel}","templated":true}]}}