{"id":37936,"date":"2015-03-08T14:39:23","date_gmt":"2015-03-08T13:39:23","guid":{"rendered":"http:\/\/www.denkfried.de\/wp\/?page_id=37936"},"modified":"2015-03-08T14:39:23","modified_gmt":"2015-03-08T13:39:23","slug":"lage","status":"publish","type":"page","link":"http:\/\/www.denkfried.de\/wp\/?page_id=37936","title":{"rendered":"Lage"},"content":{"rendered":"<p>&nbsp;<\/p>\n<p><span style=\"text-decoration: underline;\"><strong>32791 Lage<\/strong><\/span><\/p>\n<p>Auf dem Ortsfriedhof in Lage an der Pottenhauserstrasse findet sich von einer halbhohen Thuienhecke umgeben das gemeinsame Gr\u00e4berfeld f\u00fcr 22 Kriegsopfer durch Tieffliegerangriffe , zwischen dem 21.-und 22.02.1945, die hier beigesetzt wurden. Auf einem Natursteingrabstein das auf der Mitte ein erhabenes Kreutz tr\u00e4gt wurden in drei Bl\u00f6cken die Namen und Geburtsdaten der zur letzten Ruhe gebetteten aufgef\u00fchrt.<\/p>\n<p>Bilder vom 20.04.2013<\/p>\n<p>&nbsp;<\/p>\n<p>Gr\u00fc\u00dfe Hubert<\/p>\n<p><a href=\"http:\/\/www.denkfried.de\/wp\/wp-content\/uploads\/2015\/03\/KGSt.NRWPottenhauserstr.2.W.K.-23-Bombenopfer-1.jpg\"><img loading=\"lazy\" decoding=\"async\" class=\"aligncenter size-thumbnail wp-image-37937\" src=\"http:\/\/www.denkfried.de\/wp\/wp-content\/uploads\/2015\/03\/KGSt.NRWPottenhauserstr.2.W.K.-23-Bombenopfer-1-150x150.jpg\" alt=\"KGSt.NRW,Pottenhauserstr.2.W.K. 23 Bombenopfer (1)\" width=\"150\" height=\"150\" \/><\/a> <a href=\"http:\/\/www.denkfried.de\/wp\/wp-content\/uploads\/2015\/03\/KGSt.NRWPottenhauserstr.2.W.K.-23-Bombenopfer-2.jpg\"><img loading=\"lazy\" decoding=\"async\" class=\"aligncenter size-thumbnail wp-image-37938\" src=\"http:\/\/www.denkfried.de\/wp\/wp-content\/uploads\/2015\/03\/KGSt.NRWPottenhauserstr.2.W.K.-23-Bombenopfer-2-150x150.jpg\" alt=\"KGSt.NRW,Pottenhauserstr.2.W.K. 23 Bombenopfer (2)\" width=\"150\" height=\"150\" \/><\/a> <a href=\"http:\/\/www.denkfried.de\/wp\/wp-content\/uploads\/2015\/03\/KGSt.NRWPottenhauserstr.2.W.K.-23-Bombenopfer-3.jpg\"><img loading=\"lazy\" decoding=\"async\" class=\"aligncenter size-thumbnail wp-image-37939\" src=\"http:\/\/www.denkfried.de\/wp\/wp-content\/uploads\/2015\/03\/KGSt.NRWPottenhauserstr.2.W.K.-23-Bombenopfer-3-150x150.jpg\" alt=\"KGSt.NRW,Pottenhauserstr.2.W.K. 23 Bombenopfer (3)\" width=\"150\" height=\"150\" \/><\/a> <a href=\"http:\/\/www.denkfried.de\/wp\/wp-content\/uploads\/2015\/03\/KGSt.NRWPottenhauserstr.2.W.K.-23-Bombenopfer-4.jpg\"><img loading=\"lazy\" decoding=\"async\" class=\"aligncenter size-thumbnail wp-image-37940\" src=\"http:\/\/www.denkfried.de\/wp\/wp-content\/uploads\/2015\/03\/KGSt.NRWPottenhauserstr.2.W.K.-23-Bombenopfer-4-150x150.jpg\" alt=\"KGSt.NRW,Pottenhauserstr.2.W.K. 23 Bombenopfer (4)\" width=\"150\" height=\"150\" \/><\/a> <a href=\"http:\/\/www.denkfried.de\/wp\/wp-content\/uploads\/2015\/03\/KGSt.NRWPottenhauserstr.2.W.K.-23-Bombenopfer-5.jpg\"><img loading=\"lazy\" decoding=\"async\" class=\"aligncenter size-thumbnail wp-image-37941\" src=\"http:\/\/www.denkfried.de\/wp\/wp-content\/uploads\/2015\/03\/KGSt.NRWPottenhauserstr.2.W.K.-23-Bombenopfer-5-150x150.jpg\" alt=\"KGSt.NRW,Pottenhauserstr.2.W.K. 23 Bombenopfer (5)\" width=\"150\" height=\"150\" \/><\/a><\/p>\n<p>&nbsp;<\/p>\n","protected":false},"excerpt":{"rendered":"<p>&nbsp; 32791 Lage Auf dem Ortsfriedhof in Lage an der Pottenhauserstrasse findet sich von einer halbhohen Thuienhecke umgeben das gemeinsame Gr\u00e4berfeld f\u00fcr 22 Kriegsopfer durch Tieffliegerangriffe , zwischen dem 21.-und 22.02.1945, die hier beigesetzt wurden. Auf einem Natursteingrabstein das auf &hellip; <a href=\"http:\/\/www.denkfried.de\/wp\/?page_id=37936\">Weiterlesen <span class=\"meta-nav\">&rarr;<\/span><\/a><\/p>\n","protected":false},"author":7,"featured_media":0,"parent":11713,"menu_order":0,"comment_status":"closed","ping_status":"open","template":"","meta":{"footnotes":""},"class_list":["post-37936","page","type-page","status-publish","hentry"],"_links":{"self":[{"href":"http:\/\/www.denkfried.de\/wp\/index.php?rest_route=\/wp\/v2\/pages\/37936","targetHints":{"allow":["GET"]}}],"collection":[{"href":"http:\/\/www.denkfried.de\/wp\/index.php?rest_route=\/wp\/v2\/pages"}],"about":[{"href":"http:\/\/www.denkfried.de\/wp\/index.php?rest_route=\/wp\/v2\/types\/page"}],"author":[{"embeddable":true,"href":"http:\/\/www.denkfried.de\/wp\/index.php?rest_route=\/wp\/v2\/users\/7"}],"replies":[{"embeddable":true,"href":"http:\/\/www.denkfried.de\/wp\/index.php?rest_route=%2Fwp%2Fv2%2Fcomments&post=37936"}],"version-history":[{"count":1,"href":"http:\/\/www.denkfried.de\/wp\/index.php?rest_route=\/wp\/v2\/pages\/37936\/revisions"}],"predecessor-version":[{"id":37942,"href":"http:\/\/www.denkfried.de\/wp\/index.php?rest_route=\/wp\/v2\/pages\/37936\/revisions\/37942"}],"up":[{"embeddable":true,"href":"http:\/\/www.denkfried.de\/wp\/index.php?rest_route=\/wp\/v2\/pages\/11713"}],"wp:attachment":[{"href":"http:\/\/www.denkfried.de\/wp\/index.php?rest_route=%2Fwp%2Fv2%2Fmedia&parent=37936"}],"curies":[{"name":"wp","href":"https:\/\/api.w.org\/{rel}","templated":true}]}}