{"id":37869,"date":"2015-02-19T15:01:48","date_gmt":"2015-02-19T14:01:48","guid":{"rendered":"http:\/\/www.denkfried.de\/wp\/?page_id=37869"},"modified":"2015-12-27T21:53:45","modified_gmt":"2015-12-27T20:53:45","slug":"lichtenrade-dm","status":"publish","type":"page","link":"http:\/\/www.denkfried.de\/wp\/?page_id=37869","title":{"rendered":"Lichtenrade DM"},"content":{"rendered":"<p>&nbsp;<\/p>\n<p><strong>Berlin-Lichtenrade<\/strong> Denkmal, Tafeln<\/p>\n<p>Bericht und Bilder von Thomas\u00a0<a href=\"http:\/\/g-bb.jimdo.com\/\">Gefallenendenkm\u00e4ler Berlin\/Brandenburg<\/a><\/p>\n<div id='gallery-1' class='gallery galleryid-37869 gallery-columns-3 gallery-size-thumbnail'><dl class='gallery-item'>\n\t\t\t<dt class='gallery-icon landscape'>\n\t\t\t\t<a href='http:\/\/www.denkfried.de\/wp\/?attachment_id=34174'><img loading=\"lazy\" decoding=\"async\" width=\"150\" height=\"150\" src=\"http:\/\/www.denkfried.de\/wp\/wp-content\/uploads\/2011\/10\/Berlin-Lichtenrade-Ehrenmal-Denkmal-7-150x150.jpg\" class=\"attachment-thumbnail size-thumbnail\" alt=\"\" \/><\/a>\n\t\t\t<\/dt><\/dl><dl class='gallery-item'>\n\t\t\t<dt class='gallery-icon portrait'>\n\t\t\t\t<a href='http:\/\/www.denkfried.de\/wp\/?attachment_id=34172'><img loading=\"lazy\" decoding=\"async\" width=\"150\" height=\"150\" src=\"http:\/\/www.denkfried.de\/wp\/wp-content\/uploads\/2011\/10\/Berlin-Lichtenrade-Ehrenmal-Denkmal-4-150x150.jpg\" class=\"attachment-thumbnail size-thumbnail\" alt=\"\" \/><\/a>\n\t\t\t<\/dt><\/dl><dl class='gallery-item'>\n\t\t\t<dt class='gallery-icon portrait'>\n\t\t\t\t<a href='http:\/\/www.denkfried.de\/wp\/?attachment_id=34173'><img loading=\"lazy\" decoding=\"async\" width=\"150\" height=\"150\" src=\"http:\/\/www.denkfried.de\/wp\/wp-content\/uploads\/2011\/10\/Berlin-Lichtenrade-Ehrenmal-Denkmal-5-150x150.jpg\" class=\"attachment-thumbnail size-thumbnail\" alt=\"\" \/><\/a>\n\t\t\t<\/dt><\/dl><br style=\"clear: both\" \/>\n\t\t<\/div>\n\n<p>Auf dem Friedhof in der Paplitzer Stra\u00dfe, befindet sich das Denkmal. Es\u00a0wurde von Heinrich Mi\u00dffeldt erbaut, es ist schon sehr stark\u00a0durch Umwelteinfl\u00fcsse besch\u00e4digt. Am 6. Mai 1924 gab es die Grundsteinlegung, am\u00a018.11.1925 konnte es Eingeweiht werden. Erbaut wurde es f\u00fcr die Gefallenen des Ersten Weltkrieges, sp\u00e4ter auch f\u00fcr den Zweiten Weltkrieg umbenannt.<\/p>\n<p style=\"text-align: center;\"><em><strong>1914 &#8211; 1918 \u00a0 1939-1945<\/strong><\/em><br \/>\n<em><strong>Den im Weltkriege gefallenen Lichterader B\u00fcrgern<\/strong><\/em><br \/>\n<em><strong>Geweidmet von der B\u00fcrgerschaft<\/strong><\/em><br \/>\n<em><strong>Der Gemeinde Lichtenrade<\/strong><\/em><\/p>\n<p>Es konnten hier 81 Namen in die Datenbank \u00fcbernommen werden. Von ihnen Ruhen zwei auf dem Friedhof in Lichtenrade.<\/p>\n<p><span style=\"text-decoration: underline;\"><strong>Gedenktafeln<\/strong><\/span><\/p>\n<p>In der Dorfkirche waren einst\u00a0in der Empore, 9 Gedenktafeln Eingearbeitet. Hier waren die Namen der im Ersten Weltkrieg gefallenen und Vermi\u00dften verzeichnet. Durch Bombentreffer im zweiten Weltkrieg brannte die Kirche komplett aus. Die Kirche konnte 1948 neu Eingeweiht werden. Die Gedenktafeln sind durch die Brandsch\u00e4den zerst\u00f6rt.<\/p>\n","protected":false},"excerpt":{"rendered":"<p>&nbsp; Berlin-Lichtenrade Denkmal, Tafeln Bericht und Bilder von Thomas\u00a0Gefallenendenkm\u00e4ler Berlin\/Brandenburg Auf dem Friedhof in der Paplitzer Stra\u00dfe, befindet sich das Denkmal. Es\u00a0wurde von Heinrich Mi\u00dffeldt erbaut, es ist schon sehr stark\u00a0durch Umwelteinfl\u00fcsse besch\u00e4digt. Am 6. Mai 1924 gab es die &hellip; <a href=\"http:\/\/www.denkfried.de\/wp\/?page_id=37869\">Weiterlesen <span class=\"meta-nav\">&rarr;<\/span><\/a><\/p>\n","protected":false},"author":9,"featured_media":0,"parent":8842,"menu_order":0,"comment_status":"closed","ping_status":"open","template":"","meta":{"footnotes":""},"class_list":["post-37869","page","type-page","status-publish","hentry"],"_links":{"self":[{"href":"http:\/\/www.denkfried.de\/wp\/index.php?rest_route=\/wp\/v2\/pages\/37869","targetHints":{"allow":["GET"]}}],"collection":[{"href":"http:\/\/www.denkfried.de\/wp\/index.php?rest_route=\/wp\/v2\/pages"}],"about":[{"href":"http:\/\/www.denkfried.de\/wp\/index.php?rest_route=\/wp\/v2\/types\/page"}],"author":[{"embeddable":true,"href":"http:\/\/www.denkfried.de\/wp\/index.php?rest_route=\/wp\/v2\/users\/9"}],"replies":[{"embeddable":true,"href":"http:\/\/www.denkfried.de\/wp\/index.php?rest_route=%2Fwp%2Fv2%2Fcomments&post=37869"}],"version-history":[{"count":20,"href":"http:\/\/www.denkfried.de\/wp\/index.php?rest_route=\/wp\/v2\/pages\/37869\/revisions"}],"predecessor-version":[{"id":40016,"href":"http:\/\/www.denkfried.de\/wp\/index.php?rest_route=\/wp\/v2\/pages\/37869\/revisions\/40016"}],"up":[{"embeddable":true,"href":"http:\/\/www.denkfried.de\/wp\/index.php?rest_route=\/wp\/v2\/pages\/8842"}],"wp:attachment":[{"href":"http:\/\/www.denkfried.de\/wp\/index.php?rest_route=%2Fwp%2Fv2%2Fmedia&parent=37869"}],"curies":[{"name":"wp","href":"https:\/\/api.w.org\/{rel}","templated":true}]}}