{"id":3781,"date":"2011-04-18T18:41:55","date_gmt":"2011-04-18T16:41:55","guid":{"rendered":"http:\/\/www.denkfried.de\/wp\/?page_id=3781"},"modified":"2012-08-08T22:51:38","modified_gmt":"2012-08-08T20:51:38","slug":"bremen-blumenthal","status":"publish","type":"page","link":"http:\/\/www.denkfried.de\/wp\/?page_id=3781","title":{"rendered":"Bremen-Blumenthal"},"content":{"rendered":"<p>&nbsp;<\/p>\n<p><span style=\"text-decoration: underline; color: #ff0000;\"><strong>28779 Bremen-Blumenthal<\/strong><\/span><br \/>\n(Stadtbezirk Nord)<br \/>\nEvang.Friedhof, Landrat-Christians-Stra\u00dfe<br \/>\nDas \u00e4lteste kirchliche Bauwerk auf dem Friedhof beinhaltet ein Mahnmal f\u00fcr die Blumenthaler Gefallenen der beiden Weltkriege.<br \/>\n1.Weltkrieg: 4 Soldatengr\u00e4ber<br \/>\n5 ausl\u00e4ndische Kriegstote<\/p>\n<p>&nbsp;<\/p>\n<p><span style=\"text-decoration: underline;\"><strong>Evang.-Luth.Friedhof Am Godenweg<\/strong><\/span><\/p>\n<p>Der Friedhof geh\u00f6rt zur Martin-Luther-Gemeinde Blumenthal. Neben der Kapelle steht ein Holzkreuz zu Ehren der Gefallenen der zwei Weltkriege.<\/p>\n<p>&nbsp;<\/p>\n<p>&nbsp;<\/p>\n","protected":false},"excerpt":{"rendered":"<p>&nbsp; 28779 Bremen-Blumenthal (Stadtbezirk Nord) Evang.Friedhof, Landrat-Christians-Stra\u00dfe Das \u00e4lteste kirchliche Bauwerk auf dem Friedhof beinhaltet ein Mahnmal f\u00fcr die Blumenthaler Gefallenen der beiden Weltkriege. 1.Weltkrieg: 4 Soldatengr\u00e4ber 5 ausl\u00e4ndische Kriegstote &nbsp; Evang.-Luth.Friedhof Am Godenweg Der Friedhof geh\u00f6rt zur Martin-Luther-Gemeinde Blumenthal. &hellip; <a href=\"http:\/\/www.denkfried.de\/wp\/?page_id=3781\">Weiterlesen <span class=\"meta-nav\">&rarr;<\/span><\/a><\/p>\n","protected":false},"author":2,"featured_media":0,"parent":377,"menu_order":0,"comment_status":"closed","ping_status":"open","template":"","meta":{"footnotes":""},"class_list":["post-3781","page","type-page","status-publish","hentry"],"_links":{"self":[{"href":"http:\/\/www.denkfried.de\/wp\/index.php?rest_route=\/wp\/v2\/pages\/3781","targetHints":{"allow":["GET"]}}],"collection":[{"href":"http:\/\/www.denkfried.de\/wp\/index.php?rest_route=\/wp\/v2\/pages"}],"about":[{"href":"http:\/\/www.denkfried.de\/wp\/index.php?rest_route=\/wp\/v2\/types\/page"}],"author":[{"embeddable":true,"href":"http:\/\/www.denkfried.de\/wp\/index.php?rest_route=\/wp\/v2\/users\/2"}],"replies":[{"embeddable":true,"href":"http:\/\/www.denkfried.de\/wp\/index.php?rest_route=%2Fwp%2Fv2%2Fcomments&post=3781"}],"version-history":[{"count":5,"href":"http:\/\/www.denkfried.de\/wp\/index.php?rest_route=\/wp\/v2\/pages\/3781\/revisions"}],"predecessor-version":[{"id":3784,"href":"http:\/\/www.denkfried.de\/wp\/index.php?rest_route=\/wp\/v2\/pages\/3781\/revisions\/3784"}],"up":[{"embeddable":true,"href":"http:\/\/www.denkfried.de\/wp\/index.php?rest_route=\/wp\/v2\/pages\/377"}],"wp:attachment":[{"href":"http:\/\/www.denkfried.de\/wp\/index.php?rest_route=%2Fwp%2Fv2%2Fmedia&parent=3781"}],"curies":[{"name":"wp","href":"https:\/\/api.w.org\/{rel}","templated":true}]}}