{"id":37759,"date":"2015-02-16T14:50:20","date_gmt":"2015-02-16T13:50:20","guid":{"rendered":"http:\/\/www.denkfried.de\/wp\/?page_id=37759"},"modified":"2015-02-16T14:50:20","modified_gmt":"2015-02-16T13:50:20","slug":"klietz","status":"publish","type":"page","link":"http:\/\/www.denkfried.de\/wp\/?page_id=37759","title":{"rendered":"Klietz"},"content":{"rendered":"<p><span style=\"text-decoration: underline;\"><strong>39524 Klietz<\/strong><\/span><\/p>\n<p>Auf dem Alten Friedhof in Klietz an der Rathenauerstra\u00dfe finden sich die Einzelgr\u00e4ber f\u00fcr ausl\u00e4ndische Kriegstote aus dem Zweiten Weltkrieg. Gleich neben dem Eingang, schon recht zugewachsen von Scheinzypressen, stehen auf Metaltafeln, angebracht an \u00fcberhohe Holzkreutze, Namen und Sterbedatum und Nationalit\u00e4t. Laut unseren Kriegsgr\u00e4berf\u00fchrer m\u00fc\u00dften sich hier die Gr\u00e4ber von 50 Kriegstoten befinden, es befinden sich aber nur 10 Grabzeichen f\u00fcr die Kriegstoten auf dem Friedhof. Vor dem Eingang befindet sich noch ein Hinweisschild f\u00fcr die pflanzung einer Friedenseiche im Jahre 1872.<\/p>\n<p>Bilder vom 28.04.2013<\/p>\n<p>&nbsp;<\/p>\n<p>Gr\u00fc\u00dfe Hubert<a href=\"http:\/\/www.denkfried.de\/wp\/wp-content\/uploads\/2015\/02\/KGSt.Klietzalter-OFH.Rathenauerstr.2.W.K10-ausl\u00e4nder.28.04.2013-1.jpg\"><img loading=\"lazy\" decoding=\"async\" class=\"aligncenter size-thumbnail wp-image-37760\" src=\"http:\/\/www.denkfried.de\/wp\/wp-content\/uploads\/2015\/02\/KGSt.Klietzalter-OFH.Rathenauerstr.2.W.K10-ausl\u00e4nder.28.04.2013-1-150x150.jpg\" alt=\"KGSt.Klietz,alter OFH.Rathenauerstr.2.W.K10 ausl\u00e4nder.28.04.2013 (1)\" width=\"150\" height=\"150\" \/><\/a> <a href=\"http:\/\/www.denkfried.de\/wp\/wp-content\/uploads\/2015\/02\/KGSt.Klietzalter-OFH.Rathenauerstr.2.W.K10-ausl\u00e4nder.28.04.2013-2.jpg\"><img loading=\"lazy\" decoding=\"async\" class=\"aligncenter size-thumbnail wp-image-37761\" src=\"http:\/\/www.denkfried.de\/wp\/wp-content\/uploads\/2015\/02\/KGSt.Klietzalter-OFH.Rathenauerstr.2.W.K10-ausl\u00e4nder.28.04.2013-2-150x150.jpg\" alt=\"KGSt.Klietz,alter OFH.Rathenauerstr.2.W.K10 ausl\u00e4nder.28.04.2013 (2)\" width=\"150\" height=\"150\" \/><\/a> <a href=\"http:\/\/www.denkfried.de\/wp\/wp-content\/uploads\/2015\/02\/KGSt.Klietzalter-OFH.Rathenauerstr.2.W.K10-ausl\u00e4nder.28.04.2013-3.jpg\"><img loading=\"lazy\" decoding=\"async\" class=\"aligncenter size-thumbnail wp-image-37762\" src=\"http:\/\/www.denkfried.de\/wp\/wp-content\/uploads\/2015\/02\/KGSt.Klietzalter-OFH.Rathenauerstr.2.W.K10-ausl\u00e4nder.28.04.2013-3-150x150.jpg\" alt=\"KGSt.Klietz,alter OFH.Rathenauerstr.2.W.K10 ausl\u00e4nder.28.04.2013 (3)\" width=\"150\" height=\"150\" \/><\/a> <a href=\"http:\/\/www.denkfried.de\/wp\/wp-content\/uploads\/2015\/02\/KGSt.Klietzalter-OFH.Rathenauerstr.2.W.K10-ausl\u00e4nder.28.04.2013-4.jpg\"><img loading=\"lazy\" decoding=\"async\" class=\"aligncenter size-thumbnail wp-image-37763\" src=\"http:\/\/www.denkfried.de\/wp\/wp-content\/uploads\/2015\/02\/KGSt.Klietzalter-OFH.Rathenauerstr.2.W.K10-ausl\u00e4nder.28.04.2013-4-150x150.jpg\" alt=\"KGSt.Klietz,alter OFH.Rathenauerstr.2.W.K10 ausl\u00e4nder.28.04.2013 (4)\" width=\"150\" height=\"150\" \/><\/a> <a href=\"http:\/\/www.denkfried.de\/wp\/wp-content\/uploads\/2015\/02\/KGSt.Klietzalter-OFH.Rathenauerstr.2.W.K10-ausl\u00e4nder.28.04.2013-5.jpg\"><img loading=\"lazy\" decoding=\"async\" class=\"aligncenter size-thumbnail wp-image-37764\" src=\"http:\/\/www.denkfried.de\/wp\/wp-content\/uploads\/2015\/02\/KGSt.Klietzalter-OFH.Rathenauerstr.2.W.K10-ausl\u00e4nder.28.04.2013-5-150x150.jpg\" alt=\"KGSt.Klietz,alter OFH.Rathenauerstr.2.W.K10 ausl\u00e4nder.28.04.2013 (5)\" width=\"150\" height=\"150\" \/><\/a> <a href=\"http:\/\/www.denkfried.de\/wp\/wp-content\/uploads\/2015\/02\/KGSt.Klietzalter-OFH.Rathenauerstr.2.W.K10-ausl\u00e4nder.28.04.2013-6.jpg\"><img loading=\"lazy\" decoding=\"async\" class=\"aligncenter size-thumbnail wp-image-37765\" src=\"http:\/\/www.denkfried.de\/wp\/wp-content\/uploads\/2015\/02\/KGSt.Klietzalter-OFH.Rathenauerstr.2.W.K10-ausl\u00e4nder.28.04.2013-6-150x150.jpg\" alt=\"KGSt.Klietz,alter OFH.Rathenauerstr.2.W.K10 ausl\u00e4nder.28.04.2013 (6)\" width=\"150\" height=\"150\" \/><\/a> <a href=\"http:\/\/www.denkfried.de\/wp\/wp-content\/uploads\/2015\/02\/KGSt.Klietzalter-OFH.Rathenauerstr.2.W.K10-ausl\u00e4nder.28.04.2013-7.jpg\"><img loading=\"lazy\" decoding=\"async\" class=\"aligncenter size-thumbnail wp-image-37766\" src=\"http:\/\/www.denkfried.de\/wp\/wp-content\/uploads\/2015\/02\/KGSt.Klietzalter-OFH.Rathenauerstr.2.W.K10-ausl\u00e4nder.28.04.2013-7-150x150.jpg\" alt=\"KGSt.Klietz,alter OFH.Rathenauerstr.2.W.K10 ausl\u00e4nder.28.04.2013 (7)\" width=\"150\" height=\"150\" \/><\/a> <a href=\"http:\/\/www.denkfried.de\/wp\/wp-content\/uploads\/2015\/02\/KGSt.Klietzalter-OFH.Rathenauerstr.2.W.K10-ausl\u00e4nder.28.04.2013-8.jpg\"><img loading=\"lazy\" decoding=\"async\" class=\"aligncenter size-thumbnail wp-image-37767\" src=\"http:\/\/www.denkfried.de\/wp\/wp-content\/uploads\/2015\/02\/KGSt.Klietzalter-OFH.Rathenauerstr.2.W.K10-ausl\u00e4nder.28.04.2013-8-150x150.jpg\" alt=\"KGSt.Klietz,alter OFH.Rathenauerstr.2.W.K10 ausl\u00e4nder.28.04.2013 (8)\" width=\"150\" height=\"150\" \/><\/a><\/p>\n","protected":false},"excerpt":{"rendered":"<p>39524 Klietz Auf dem Alten Friedhof in Klietz an der Rathenauerstra\u00dfe finden sich die Einzelgr\u00e4ber f\u00fcr ausl\u00e4ndische Kriegstote aus dem Zweiten Weltkrieg. Gleich neben dem Eingang, schon recht zugewachsen von Scheinzypressen, stehen auf Metaltafeln, angebracht an \u00fcberhohe Holzkreutze, Namen und &hellip; <a href=\"http:\/\/www.denkfried.de\/wp\/?page_id=37759\">Weiterlesen <span class=\"meta-nav\">&rarr;<\/span><\/a><\/p>\n","protected":false},"author":7,"featured_media":0,"parent":6083,"menu_order":0,"comment_status":"closed","ping_status":"open","template":"","meta":{"footnotes":""},"class_list":["post-37759","page","type-page","status-publish","hentry"],"_links":{"self":[{"href":"http:\/\/www.denkfried.de\/wp\/index.php?rest_route=\/wp\/v2\/pages\/37759","targetHints":{"allow":["GET"]}}],"collection":[{"href":"http:\/\/www.denkfried.de\/wp\/index.php?rest_route=\/wp\/v2\/pages"}],"about":[{"href":"http:\/\/www.denkfried.de\/wp\/index.php?rest_route=\/wp\/v2\/types\/page"}],"author":[{"embeddable":true,"href":"http:\/\/www.denkfried.de\/wp\/index.php?rest_route=\/wp\/v2\/users\/7"}],"replies":[{"embeddable":true,"href":"http:\/\/www.denkfried.de\/wp\/index.php?rest_route=%2Fwp%2Fv2%2Fcomments&post=37759"}],"version-history":[{"count":1,"href":"http:\/\/www.denkfried.de\/wp\/index.php?rest_route=\/wp\/v2\/pages\/37759\/revisions"}],"predecessor-version":[{"id":37768,"href":"http:\/\/www.denkfried.de\/wp\/index.php?rest_route=\/wp\/v2\/pages\/37759\/revisions\/37768"}],"up":[{"embeddable":true,"href":"http:\/\/www.denkfried.de\/wp\/index.php?rest_route=\/wp\/v2\/pages\/6083"}],"wp:attachment":[{"href":"http:\/\/www.denkfried.de\/wp\/index.php?rest_route=%2Fwp%2Fv2%2Fmedia&parent=37759"}],"curies":[{"name":"wp","href":"https:\/\/api.w.org\/{rel}","templated":true}]}}