{"id":37735,"date":"2015-02-15T18:38:05","date_gmt":"2015-02-15T17:38:05","guid":{"rendered":"http:\/\/www.denkfried.de\/wp\/?page_id=37735"},"modified":"2015-02-15T18:38:05","modified_gmt":"2015-02-15T17:38:05","slug":"karstaedt-ot-gross-warnow","status":"publish","type":"page","link":"http:\/\/www.denkfried.de\/wp\/?page_id=37735","title":{"rendered":"Karst\u00e4dt OT-Gro\u00df Warnow"},"content":{"rendered":"<p>&nbsp;<\/p>\n<p><span style=\"text-decoration: underline;\"><strong>19357 Karst\u00e4dt, OT-Gro\u00df Warnow<\/strong><\/span><\/p>\n<p>&nbsp;<\/p>\n<p>Auf dem Ortsfriedhof in Karst\u00e4dt,OT-Gro\u00df Warnow finden wir an der Berlinerstra\u00dfe die Einzelgr\u00e4ber von vier im Mai 1945 gefallenen deutschen Soldaten , zwei von ihnen blieben ohne Namen. Auf dem Mittleren der drei Einzelgr\u00e4ber wurde ein , aus Granit gefertigtes, Grabkreutz mit dem Hinweis auf einen Gefallenen und zwei unbekannte\u00a0 errichtet. Ein weiteres Einzelgrab mit demselben Grabhinweis findet sich eine Gr\u00e4berreihe hinter dem Gemeinschaftsgrab. Die Grabzeichen vermitteln einen erneuerten Eindruck.<\/p>\n<p>Bilder vom 27.04.2013<\/p>\n<p>&nbsp;<\/p>\n<p>Gr\u00fc\u00dfe Hubert<a href=\"http:\/\/www.denkfried.de\/wp\/wp-content\/uploads\/2015\/02\/Kgst.Karst\u00e4dtOt-Gros-Warnow-Brandenb.27.04-1.jpg\"><img loading=\"lazy\" decoding=\"async\" class=\"aligncenter size-thumbnail wp-image-37736\" src=\"http:\/\/www.denkfried.de\/wp\/wp-content\/uploads\/2015\/02\/Kgst.Karst\u00e4dtOt-Gros-Warnow-Brandenb.27.04-1-150x150.jpg\" alt=\"Kgst.Karst\u00e4dt,Ot-Gros-Warnow-Brandenb.27.04 (1)\" width=\"150\" height=\"150\" \/><\/a> <a href=\"http:\/\/www.denkfried.de\/wp\/wp-content\/uploads\/2015\/02\/Kgst.Karst\u00e4dtOt-Gros-Warnow-Brandenb.27.04-2.jpg\"><img loading=\"lazy\" decoding=\"async\" class=\"aligncenter size-thumbnail wp-image-37737\" src=\"http:\/\/www.denkfried.de\/wp\/wp-content\/uploads\/2015\/02\/Kgst.Karst\u00e4dtOt-Gros-Warnow-Brandenb.27.04-2-150x150.jpg\" alt=\"Kgst.Karst\u00e4dt,Ot-Gros-Warnow-Brandenb.27.04 (2)\" width=\"150\" height=\"150\" \/><\/a> <a href=\"http:\/\/www.denkfried.de\/wp\/wp-content\/uploads\/2015\/02\/Kgst.Karst\u00e4dtOt-Gros-Warnow-Brandenb.27.04-3.jpg\"><img loading=\"lazy\" decoding=\"async\" class=\"aligncenter size-thumbnail wp-image-37738\" src=\"http:\/\/www.denkfried.de\/wp\/wp-content\/uploads\/2015\/02\/Kgst.Karst\u00e4dtOt-Gros-Warnow-Brandenb.27.04-3-150x150.jpg\" alt=\"Kgst.Karst\u00e4dt,Ot-Gros-Warnow-Brandenb.27.04 (3)\" width=\"150\" height=\"150\" \/><\/a> <a href=\"http:\/\/www.denkfried.de\/wp\/wp-content\/uploads\/2015\/02\/Kgst.Karst\u00e4dtOt-Gros-Warnow-Brandenb.27.04-4.jpg\"><img loading=\"lazy\" decoding=\"async\" class=\"aligncenter size-thumbnail wp-image-37739\" src=\"http:\/\/www.denkfried.de\/wp\/wp-content\/uploads\/2015\/02\/Kgst.Karst\u00e4dtOt-Gros-Warnow-Brandenb.27.04-4-150x150.jpg\" alt=\"Kgst.Karst\u00e4dt,Ot-Gros-Warnow-Brandenb.27.04 (4)\" width=\"150\" height=\"150\" \/><\/a> <a href=\"http:\/\/www.denkfried.de\/wp\/wp-content\/uploads\/2015\/02\/Kgst.Karst\u00e4dtOt-Gros-Warnow-Brandenb.27.04-5.jpg\"><img loading=\"lazy\" decoding=\"async\" class=\"aligncenter size-thumbnail wp-image-37740\" src=\"http:\/\/www.denkfried.de\/wp\/wp-content\/uploads\/2015\/02\/Kgst.Karst\u00e4dtOt-Gros-Warnow-Brandenb.27.04-5-150x150.jpg\" alt=\"Kgst.Karst\u00e4dt,Ot-Gros-Warnow-Brandenb.27.04 (5)\" width=\"150\" height=\"150\" \/><\/a> <a href=\"http:\/\/www.denkfried.de\/wp\/wp-content\/uploads\/2015\/02\/Kgst.Karst\u00e4dtOt-Gros-Warnow-Brandenb.27.04-6.jpg\"><img loading=\"lazy\" decoding=\"async\" class=\"aligncenter size-thumbnail wp-image-37741\" src=\"http:\/\/www.denkfried.de\/wp\/wp-content\/uploads\/2015\/02\/Kgst.Karst\u00e4dtOt-Gros-Warnow-Brandenb.27.04-6-150x150.jpg\" alt=\"Kgst.Karst\u00e4dt,Ot-Gros-Warnow-Brandenb.27.04 (6)\" width=\"150\" height=\"150\" \/><\/a> <a href=\"http:\/\/www.denkfried.de\/wp\/wp-content\/uploads\/2015\/02\/Kgst.Karst\u00e4dtOt-Gros-Warnow-Brandenb.27.04-7.jpg\"><img loading=\"lazy\" decoding=\"async\" class=\"aligncenter size-thumbnail wp-image-37742\" src=\"http:\/\/www.denkfried.de\/wp\/wp-content\/uploads\/2015\/02\/Kgst.Karst\u00e4dtOt-Gros-Warnow-Brandenb.27.04-7-150x150.jpg\" alt=\"Kgst.Karst\u00e4dt,Ot-Gros-Warnow-Brandenb.27.04 (7)\" width=\"150\" height=\"150\" \/><\/a><\/p>\n","protected":false},"excerpt":{"rendered":"<p>&nbsp; 19357 Karst\u00e4dt, OT-Gro\u00df Warnow &nbsp; Auf dem Ortsfriedhof in Karst\u00e4dt,OT-Gro\u00df Warnow finden wir an der Berlinerstra\u00dfe die Einzelgr\u00e4ber von vier im Mai 1945 gefallenen deutschen Soldaten , zwei von ihnen blieben ohne Namen. Auf dem Mittleren der drei Einzelgr\u00e4ber &hellip; <a href=\"http:\/\/www.denkfried.de\/wp\/?page_id=37735\">Weiterlesen <span class=\"meta-nav\">&rarr;<\/span><\/a><\/p>\n","protected":false},"author":7,"featured_media":0,"parent":4939,"menu_order":0,"comment_status":"closed","ping_status":"open","template":"","meta":{"footnotes":""},"class_list":["post-37735","page","type-page","status-publish","hentry"],"_links":{"self":[{"href":"http:\/\/www.denkfried.de\/wp\/index.php?rest_route=\/wp\/v2\/pages\/37735","targetHints":{"allow":["GET"]}}],"collection":[{"href":"http:\/\/www.denkfried.de\/wp\/index.php?rest_route=\/wp\/v2\/pages"}],"about":[{"href":"http:\/\/www.denkfried.de\/wp\/index.php?rest_route=\/wp\/v2\/types\/page"}],"author":[{"embeddable":true,"href":"http:\/\/www.denkfried.de\/wp\/index.php?rest_route=\/wp\/v2\/users\/7"}],"replies":[{"embeddable":true,"href":"http:\/\/www.denkfried.de\/wp\/index.php?rest_route=%2Fwp%2Fv2%2Fcomments&post=37735"}],"version-history":[{"count":1,"href":"http:\/\/www.denkfried.de\/wp\/index.php?rest_route=\/wp\/v2\/pages\/37735\/revisions"}],"predecessor-version":[{"id":37743,"href":"http:\/\/www.denkfried.de\/wp\/index.php?rest_route=\/wp\/v2\/pages\/37735\/revisions\/37743"}],"up":[{"embeddable":true,"href":"http:\/\/www.denkfried.de\/wp\/index.php?rest_route=\/wp\/v2\/pages\/4939"}],"wp:attachment":[{"href":"http:\/\/www.denkfried.de\/wp\/index.php?rest_route=%2Fwp%2Fv2%2Fmedia&parent=37735"}],"curies":[{"name":"wp","href":"https:\/\/api.w.org\/{rel}","templated":true}]}}