{"id":377,"date":"2011-04-02T16:10:43","date_gmt":"2011-04-02T14:10:43","guid":{"rendered":"http:\/\/www.bilderstapel.de\/test\/wp\/?page_id=377"},"modified":"2017-10-28T19:54:01","modified_gmt":"2017-10-28T17:54:01","slug":"bremen","status":"publish","type":"page","link":"http:\/\/www.denkfried.de\/wp\/?page_id=377","title":{"rendered":"B R E M E N"},"content":{"rendered":"<p><strong>Hauptstadt des Landes Freie Hansestadt Bremen<\/strong><\/p>\n<p>&nbsp;<\/p>\n<p><a href=\"http:\/\/www.denkfried.de\/wp\/?attachment_id=3758\" rel=\"attachment wp-att-3758\"><img loading=\"lazy\" decoding=\"async\" class=\"alignleft size-full wp-image-3758\" title=\"Flagge\" src=\"http:\/\/www.denkfried.de\/wp\/wp-content\/uploads\/2011\/04\/Flagge1.jpg\" alt=\"\" width=\"132\" height=\"88\" \/><\/a><a href=\"http:\/\/www.denkfried.de\/wp\/?attachment_id=3759\" rel=\"attachment wp-att-3759\"><img loading=\"lazy\" decoding=\"async\" class=\"size-full wp-image-3759 alignnone\" title=\"Bremen Wappen\" src=\"http:\/\/www.denkfried.de\/wp\/wp-content\/uploads\/2011\/04\/Bremen-Wappen.png\" alt=\"\" width=\"90\" height=\"119\" \/><\/a><\/p>\n<p><span style=\"text-decoration: underline; color: #ff0000;\"><strong>Bremen<\/strong><\/span><\/p>\n<p>Das Stadtgebiet Bremens ist in f\u00fcnf Stadtbezirke und diese in 23 Stadtteile eingeteilt.<\/p>\n<p>Mitte = Mitte, H\u00e4fen<\/p>\n<p>S\u00fcd = Neustadt, Obervieland, Huchting, Woltmershausen, Seehausen, Strom<\/p>\n<p>Ost = \u00d6stl.Vorstadt, Schwachhausen, Vahr, Horn-Lehe, Borgfeld, Oberneuland, Osterholz, Hemelingen<\/p>\n<p>West = Blockland, Findorff, Walle, Gr\u00f6pelingen,<\/p>\n<p>Nord = Burglesum, Vegesack, Blumenthal<\/p>\n<p>**********************************************************<\/p>\n<p>Friedh\u00f6fe und Kriegsgr\u00e4berst\u00e4tten in Bremen:<\/p>\n<p><strong>Bremen<\/strong> (5\/6.766)<br \/>\n&#8211; Aumunder Friedhof<br \/>\n&#8211; <a title=\"Bremen-Blumenthal\" href=\"http:\/\/www.denkfried.de\/wp\/?page_id=3781\">Blumenthaler Friedhof<\/a><br \/>\n&#8211; <a title=\"Bremen-Oberneuland\" href=\"http:\/\/www.denkfried.de\/wp\/?page_id=3791\">Oberneulander Friedhof<\/a><br \/>\n&#8211; <a title=\"Bremen-Osterholz\" href=\"http:\/\/www.denkfried.de\/wp\/?page_id=3794\">Osterholz<\/a><\/p>\n<p>&#8211;<a title=\"Bremen-Vegesack\" href=\"http:\/\/www.denkfried.de\/wp\/?page_id=3786\">Vegesack<\/a><\/p>\n<p>&#8211; <a title=\"Bremen-Walle\" href=\"http:\/\/www.denkfried.de\/wp\/?page_id=3803\">Waller Friedhof<\/a><\/p>\n<p>Friedhof Mahndorf: Ehrenmal f\u00fcr die Gefallenen beider Weltkriege<\/p>\n<p><strong>Kreisfreie Stadt<\/strong><br \/>\n<a title=\"BREMERHAVEN\" href=\"http:\/\/www.denkfried.de\/wp\/?page_id=3768\">Bremerhaven<\/a> (4\/1.052)<br \/>\n&#8211; Geestem\u00fcnde<br \/>\n&#8211; Lehe III<br \/>\n&#8211; Wulsdorf<\/p>\n","protected":false},"excerpt":{"rendered":"<p>Hauptstadt des Landes Freie Hansestadt Bremen &nbsp; Bremen Das Stadtgebiet Bremens ist in f\u00fcnf Stadtbezirke und diese in 23 Stadtteile eingeteilt. Mitte = Mitte, H\u00e4fen S\u00fcd = Neustadt, Obervieland, Huchting, Woltmershausen, Seehausen, Strom Ost = \u00d6stl.Vorstadt, Schwachhausen, Vahr, Horn-Lehe, Borgfeld, &hellip; <a href=\"http:\/\/www.denkfried.de\/wp\/?page_id=377\">Weiterlesen <span class=\"meta-nav\">&rarr;<\/span><\/a><\/p>\n","protected":false},"author":2,"featured_media":0,"parent":41489,"menu_order":3,"comment_status":"open","ping_status":"open","template":"","meta":{"footnotes":""},"class_list":["post-377","page","type-page","status-publish","hentry"],"_links":{"self":[{"href":"http:\/\/www.denkfried.de\/wp\/index.php?rest_route=\/wp\/v2\/pages\/377","targetHints":{"allow":["GET"]}}],"collection":[{"href":"http:\/\/www.denkfried.de\/wp\/index.php?rest_route=\/wp\/v2\/pages"}],"about":[{"href":"http:\/\/www.denkfried.de\/wp\/index.php?rest_route=\/wp\/v2\/types\/page"}],"author":[{"embeddable":true,"href":"http:\/\/www.denkfried.de\/wp\/index.php?rest_route=\/wp\/v2\/users\/2"}],"replies":[{"embeddable":true,"href":"http:\/\/www.denkfried.de\/wp\/index.php?rest_route=%2Fwp%2Fv2%2Fcomments&post=377"}],"version-history":[{"count":21,"href":"http:\/\/www.denkfried.de\/wp\/index.php?rest_route=\/wp\/v2\/pages\/377\/revisions"}],"predecessor-version":[{"id":41284,"href":"http:\/\/www.denkfried.de\/wp\/index.php?rest_route=\/wp\/v2\/pages\/377\/revisions\/41284"}],"up":[{"embeddable":true,"href":"http:\/\/www.denkfried.de\/wp\/index.php?rest_route=\/wp\/v2\/pages\/41489"}],"wp:attachment":[{"href":"http:\/\/www.denkfried.de\/wp\/index.php?rest_route=%2Fwp%2Fv2%2Fmedia&parent=377"}],"curies":[{"name":"wp","href":"https:\/\/api.w.org\/{rel}","templated":true}]}}